{"id":928,"date":"2025-05-21T18:39:13","date_gmt":"2025-05-21T23:39:13","guid":{"rendered":"https:\/\/viogescolombia.com\/?post_type=product&#038;p=928"},"modified":"2025-05-21T18:39:15","modified_gmt":"2025-05-21T23:39:15","slug":"bomba-de-agua-recidual-leh150-e","status":"publish","type":"product","link":"https:\/\/viogescolombia.com\/esp\/producto\/bomba-de-agua-recidual-leh150-e\/","title":{"rendered":"Bomba de agua recidual LEH150-E"},"content":{"rendered":"<p>La <strong>Liberty Pumps Serie LEH150-E<\/strong> es una bomba sumergible de alto rendimiento, dise\u00f1ada para el manejo de aguas residuales en aplicaciones dom\u00e9sticas, comerciales e industriales. Gracias a su construcci\u00f3n robusta en hierro fundido y su impulsor de hierro d\u00factil, es ideal para el bombeo de l\u00edquidos con s\u00f3lidos en suspensi\u00f3n.<\/p>\n<h3>Aplicciones<\/h3>\n<ul>\n<li>Estaciones de bombeo de aguas residuales.<\/li>\n<li>Sistemas s\u00e9pticos y alcantarillado Plantas de tratamiento de aguas residuales.<\/li>\n<li>Bombeo de aguas negras en industrias.<\/li>\n<li>Aplicaciones comerciales con alto flujo.<\/li>\n<\/ul>\n<h3>Informaci\u00f3n adicional<\/h3>\n<ul>\n<li>Impulsor: Tipo de hierro d\u00factil de 2 hojas abiertas.<\/li>\n<li>Di\u00e1metro m\u00e1ximo de s\u00f3lidos: 5.08 cm.<\/li>\n<li>Sello mec\u00e1nico: Doble de carburo de silicio.<\/li>\n<li>Protecci\u00f3n del motor: Protecci\u00f3n t\u00e9rmica incorporada.<br \/>\nCable de alimentaci\u00f3n: 10 m.<\/li>\n<\/ul>\n","protected":false},"excerpt":{"rendered":"<h3>Caracterticas<\/h3>\n<ul>\n<li>Eje: Acero inoxidable con recubrimiento de goma.<\/li>\n<li>Carcasa del motor: Hierro fundido.<\/li>\n<li>Sello mec\u00e1nico: Doble, con carburo de silicio para mayor durabilidad.<\/li>\n<li>Impulsor: Hierro d\u00factil, dise\u00f1ado para manejar s\u00f3lidos sin obstrucciones.<\/li>\n<li>Armaz\u00f3n de la tapa: Acero inoxidable.<\/li>\n<\/ul>\n","protected":false},"featured_media":929,"comment_status":"closed","ping_status":"closed","template":"","meta":{"_joinchat":[]},"product_brand":[241],"product_cat":[205],"product_tag":[],"class_list":{"0":"post-928","1":"product","2":"type-product","3":"status-publish","4":"has-post-thumbnail","6":"product_brand-liberty-pumps","7":"product_cat-bombas-trituradoras-para-aguas-residuales","9":"first","10":"instock","11":"shipping-taxable","12":"product-type-simple"},"yoast_head":"<!-- This site is optimized with the Yoast SEO Premium plugin v24.5 (Yoast SEO v26.1.1) - https:\/\/yoast.com\/wordpress\/plugins\/seo\/ -->\n<title>Bomba de agua recidual LEH150-E - Vioges Colombia plantas de tratamiento de agua industrial<\/title>\n<meta name=\"description\" content=\"Bomba de agua recidual LEH150-E - Vioges Colombia plantas de tratamiento de agua industrial - Ingeniar\u00eda para el tratamiento de aguas residuales\" \/>\n<meta name=\"robots\" content=\"index, follow, max-snippet:-1, max-image-preview:large, max-video-preview:-1\" \/>\n<link rel=\"canonical\" href=\"https:\/\/viogescolombia.com\/esp\/producto\/bomba-de-agua-recidual-leh150-e\/\" \/>\n<meta property=\"og:locale\" content=\"es_ES\" \/>\n<meta property=\"og:type\" content=\"article\" \/>\n<meta property=\"og:title\" content=\"Bomba de agua recidual LEH150-E - Vioges Colombia plantas de tratamiento de agua industrial\" \/>\n<meta property=\"og:description\" content=\"Bomba de agua recidual LEH150-E - Vioges Colombia plantas de tratamiento de agua industrial - Ingeniar\u00eda para el tratamiento de aguas residuales, plantas de tratamiento de agua en Colombia\" \/>\n<meta property=\"og:url\" content=\"https:\/\/viogescolombia.com\/esp\/producto\/bomba-de-agua-recidual-leh150-e\/\" \/>\n<meta property=\"og:site_name\" content=\"Vioges Colombia plantas de tratamiento de agua industrial\" \/>\n<meta property=\"article:modified_time\" content=\"2025-05-21T23:39:15+00:00\" \/>\n<meta property=\"og:image\" content=\"https:\/\/viogescolombia.com\/wp-content\/uploads\/2025\/05\/FT-BTLEH150-E01.jpg\" \/>\n\t<meta property=\"og:image:width\" content=\"800\" \/>\n\t<meta property=\"og:image:height\" content=\"800\" \/>\n\t<meta property=\"og:image:type\" content=\"image\/jpeg\" \/>\n<meta name=\"twitter:card\" content=\"summary_large_image\" \/>\n<meta name=\"twitter:label1\" content=\"Precio\" \/>\n\t<meta name=\"twitter:data1\" content=\"\" \/>\n\t<meta name=\"twitter:label2\" content=\"Disponibilidad\" \/>\n\t<meta name=\"twitter:data2\" content=\"Disponible\" \/>\n<script type=\"application\/ld+json\" class=\"yoast-schema-graph\">{\"@context\":\"https:\/\/schema.org\",\"@graph\":[{\"@type\":\"WebPage\",\"@id\":\"https:\/\/viogescolombia.com\/producto\/bomba-de-agua-recidual-leh150-e\/\",\"url\":\"https:\/\/viogescolombia.com\/producto\/bomba-de-agua-recidual-leh150-e\/\",\"name\":\"Bomba de agua recidual LEH150-E - Vioges Colombia plantas de tratamiento de agua industrial\",\"isPartOf\":{\"@id\":\"https:\/\/viogescolombia.com\/#website\"},\"primaryImageOfPage\":{\"@id\":\"https:\/\/viogescolombia.com\/producto\/bomba-de-agua-recidual-leh150-e\/#primaryimage\"},\"image\":{\"@id\":\"https:\/\/viogescolombia.com\/producto\/bomba-de-agua-recidual-leh150-e\/#primaryimage\"},\"thumbnailUrl\":\"https:\/\/viogescolombia.com\/wp-content\/uploads\/2025\/05\/FT-BTLEH150-E01.jpg\",\"datePublished\":\"2025-05-21T23:39:13+00:00\",\"dateModified\":\"2025-05-21T23:39:15+00:00\",\"description\":\"Bomba de agua recidual LEH150-E - Vioges Colombia plantas de tratamiento de agua industrial - Ingeniar\u00eda para el tratamiento de aguas residuales\",\"breadcrumb\":{\"@id\":\"https:\/\/viogescolombia.com\/producto\/bomba-de-agua-recidual-leh150-e\/#breadcrumb\"},\"inLanguage\":\"es\",\"potentialAction\":[{\"@type\":\"ReadAction\",\"target\":[\"https:\/\/viogescolombia.com\/producto\/bomba-de-agua-recidual-leh150-e\/\"]}]},{\"@type\":\"ImageObject\",\"inLanguage\":\"es\",\"@id\":\"https:\/\/viogescolombia.com\/producto\/bomba-de-agua-recidual-leh150-e\/#primaryimage\",\"url\":\"https:\/\/viogescolombia.com\/wp-content\/uploads\/2025\/05\/FT-BTLEH150-E01.jpg\",\"contentUrl\":\"https:\/\/viogescolombia.com\/wp-content\/uploads\/2025\/05\/FT-BTLEH150-E01.jpg\",\"width\":800,\"height\":800},{\"@type\":\"BreadcrumbList\",\"@id\":\"https:\/\/viogescolombia.com\/producto\/bomba-de-agua-recidual-leh150-e\/#breadcrumb\",\"itemListElement\":[{\"@type\":\"ListItem\",\"position\":1,\"name\":\"Vioges\",\"item\":\"https:\/\/viogescolombia.com\/\"},{\"@type\":\"ListItem\",\"position\":2,\"name\":\"Tienda Vioges\",\"item\":\"https:\/\/viogescolombia.com\/esp\/tienda-vioges\/\"},{\"@type\":\"ListItem\",\"position\":3,\"name\":\"Bomba de agua recidual LEH150-E\"}]},{\"@type\":\"WebSite\",\"@id\":\"https:\/\/viogescolombia.com\/#website\",\"url\":\"https:\/\/viogescolombia.com\/\",\"name\":\"Vioges Ingenier\u00eda - Plantas de tratamiento de agua\",\"description\":\"Plantas y accesorios para el tratamiento de agua\",\"publisher\":{\"@id\":\"https:\/\/viogescolombia.com\/#organization\"},\"alternateName\":\"Vioges - Tratamiento de agua\",\"potentialAction\":[{\"@type\":\"SearchAction\",\"target\":{\"@type\":\"EntryPoint\",\"urlTemplate\":\"https:\/\/viogescolombia.com\/?s={search_term_string}\"},\"query-input\":{\"@type\":\"PropertyValueSpecification\",\"valueRequired\":true,\"valueName\":\"search_term_string\"}}],\"inLanguage\":\"es\"},{\"@type\":\"Organization\",\"@id\":\"https:\/\/viogescolombia.com\/#organization\",\"name\":\"Vioges Ingenier\u00eda SAS\",\"alternateName\":\"Vioges Plantas para el tratamiento de agua\",\"url\":\"https:\/\/viogescolombia.com\/\",\"logo\":{\"@type\":\"ImageObject\",\"inLanguage\":\"es\",\"@id\":\"https:\/\/viogescolombia.com\/#\/schema\/logo\/image\/\",\"url\":\"https:\/\/viogescolombia.com\/wp-content\/uploads\/2024\/07\/logo-Vioges.webp\",\"contentUrl\":\"https:\/\/viogescolombia.com\/wp-content\/uploads\/2024\/07\/logo-Vioges.webp\",\"width\":900,\"height\":402,\"caption\":\"Vioges Ingenier\u00eda SAS\"},\"image\":{\"@id\":\"https:\/\/viogescolombia.com\/#\/schema\/logo\/image\/\"},\"description\":\"Vioges Colombia es una empresa l\u00edder en el dise\u00f1o, construcci\u00f3n, operaci\u00f3n y mantenimiento de plantas de tratamiento de agua. Con m\u00e1s de 20 a\u00f1os de experiencia en el sector p\u00fablico y privado, su equipo de ingenieros y especialistas desarrolla soluciones integrales, inteligentes y ambientalmente sostenibles para cada desaf\u00edo a lo largo del ciclo del agua. Comprometidos con la innovaci\u00f3n, la calidad y el respeto al medio ambiente, en Vioges Colombia se trabaja d\u00eda a d\u00eda para optimizar procesos y garantizar agua de la m\u00e1s alta calidad, adapt\u00e1ndose a las normativas vigentes y a las necesidades particulares de cada cliente.\",\"email\":\"contacto@viogescolombia.com\",\"telephone\":\"(601) 756 0026\",\"legalName\":\"Vioges Ingenieria SAS\",\"numberOfEmployees\":{\"@type\":\"QuantitativeValue\",\"minValue\":\"1\",\"maxValue\":\"10\"}}]}<\/script>\n<meta property=\"product:price:currency\" content=\"COP\" \/>\n<meta property=\"og:availability\" content=\"instock\" \/>\n<meta property=\"product:availability\" content=\"instock\" \/>\n<meta property=\"product:retailer_item_id\" content=\"FT-BTLEH150-E01\" \/>\n<meta property=\"product:condition\" content=\"new\" \/>\n<!-- \/ Yoast SEO Premium plugin. -->","yoast_head_json":{"title":"Bomba de agua recidual LEH150-E - Vioges Colombia plantas de tratamiento de agua industrial","description":"Bomba de agua recidual LEH150-E - Vioges Colombia plantas de tratamiento de agua industrial - Ingeniar\u00eda para el tratamiento de aguas residuales","robots":{"index":"index","follow":"follow","max-snippet":"max-snippet:-1","max-image-preview":"max-image-preview:large","max-video-preview":"max-video-preview:-1"},"canonical":"https:\/\/viogescolombia.com\/esp\/producto\/bomba-de-agua-recidual-leh150-e\/","og_locale":"es_ES","og_type":"article","og_title":"Bomba de agua recidual LEH150-E - Vioges Colombia plantas de tratamiento de agua industrial","og_description":"Bomba de agua recidual LEH150-E - Vioges Colombia plantas de tratamiento de agua industrial - Ingeniar\u00eda para el tratamiento de aguas residuales, plantas de tratamiento de agua en Colombia","og_url":"https:\/\/viogescolombia.com\/esp\/producto\/bomba-de-agua-recidual-leh150-e\/","og_site_name":"Vioges Colombia plantas de tratamiento de agua industrial","article_modified_time":"2025-05-21T23:39:15+00:00","og_image":[{"width":800,"height":800,"url":"https:\/\/viogescolombia.com\/wp-content\/uploads\/2025\/05\/FT-BTLEH150-E01.jpg","type":"image\/jpeg"}],"twitter_card":"summary_large_image","twitter_misc":{"Precio":"","Disponibilidad":"Disponible"},"schema":{"@context":"https:\/\/schema.org","@graph":[{"@type":"WebPage","@id":"https:\/\/viogescolombia.com\/producto\/bomba-de-agua-recidual-leh150-e\/","url":"https:\/\/viogescolombia.com\/producto\/bomba-de-agua-recidual-leh150-e\/","name":"Bomba de agua recidual LEH150-E - Vioges Colombia plantas de tratamiento de agua industrial","isPartOf":{"@id":"https:\/\/viogescolombia.com\/#website"},"primaryImageOfPage":{"@id":"https:\/\/viogescolombia.com\/producto\/bomba-de-agua-recidual-leh150-e\/#primaryimage"},"image":{"@id":"https:\/\/viogescolombia.com\/producto\/bomba-de-agua-recidual-leh150-e\/#primaryimage"},"thumbnailUrl":"https:\/\/viogescolombia.com\/wp-content\/uploads\/2025\/05\/FT-BTLEH150-E01.jpg","datePublished":"2025-05-21T23:39:13+00:00","dateModified":"2025-05-21T23:39:15+00:00","description":"Bomba de agua recidual LEH150-E - Vioges Colombia plantas de tratamiento de agua industrial - Ingeniar\u00eda para el tratamiento de aguas residuales","breadcrumb":{"@id":"https:\/\/viogescolombia.com\/producto\/bomba-de-agua-recidual-leh150-e\/#breadcrumb"},"inLanguage":"es","potentialAction":[{"@type":"ReadAction","target":["https:\/\/viogescolombia.com\/producto\/bomba-de-agua-recidual-leh150-e\/"]}]},{"@type":"ImageObject","inLanguage":"es","@id":"https:\/\/viogescolombia.com\/producto\/bomba-de-agua-recidual-leh150-e\/#primaryimage","url":"https:\/\/viogescolombia.com\/wp-content\/uploads\/2025\/05\/FT-BTLEH150-E01.jpg","contentUrl":"https:\/\/viogescolombia.com\/wp-content\/uploads\/2025\/05\/FT-BTLEH150-E01.jpg","width":800,"height":800},{"@type":"BreadcrumbList","@id":"https:\/\/viogescolombia.com\/producto\/bomba-de-agua-recidual-leh150-e\/#breadcrumb","itemListElement":[{"@type":"ListItem","position":1,"name":"Vioges","item":"https:\/\/viogescolombia.com\/"},{"@type":"ListItem","position":2,"name":"Tienda Vioges","item":"https:\/\/viogescolombia.com\/esp\/tienda-vioges\/"},{"@type":"ListItem","position":3,"name":"Bomba de agua recidual LEH150-E"}]},{"@type":"WebSite","@id":"https:\/\/viogescolombia.com\/#website","url":"https:\/\/viogescolombia.com\/","name":"Vioges Ingenier\u00eda - Plantas de tratamiento de agua","description":"Plantas y accesorios para el tratamiento de agua","publisher":{"@id":"https:\/\/viogescolombia.com\/#organization"},"alternateName":"Vioges - Tratamiento de agua","potentialAction":[{"@type":"SearchAction","target":{"@type":"EntryPoint","urlTemplate":"https:\/\/viogescolombia.com\/?s={search_term_string}"},"query-input":{"@type":"PropertyValueSpecification","valueRequired":true,"valueName":"search_term_string"}}],"inLanguage":"es"},{"@type":"Organization","@id":"https:\/\/viogescolombia.com\/#organization","name":"Vioges Ingenier\u00eda SAS","alternateName":"Vioges Plantas para el tratamiento de agua","url":"https:\/\/viogescolombia.com\/","logo":{"@type":"ImageObject","inLanguage":"es","@id":"https:\/\/viogescolombia.com\/#\/schema\/logo\/image\/","url":"https:\/\/viogescolombia.com\/wp-content\/uploads\/2024\/07\/logo-Vioges.webp","contentUrl":"https:\/\/viogescolombia.com\/wp-content\/uploads\/2024\/07\/logo-Vioges.webp","width":900,"height":402,"caption":"Vioges Ingenier\u00eda SAS"},"image":{"@id":"https:\/\/viogescolombia.com\/#\/schema\/logo\/image\/"},"description":"Vioges Colombia es una empresa l\u00edder en el dise\u00f1o, construcci\u00f3n, operaci\u00f3n y mantenimiento de plantas de tratamiento de agua. Con m\u00e1s de 20 a\u00f1os de experiencia en el sector p\u00fablico y privado, su equipo de ingenieros y especialistas desarrolla soluciones integrales, inteligentes y ambientalmente sostenibles para cada desaf\u00edo a lo largo del ciclo del agua. Comprometidos con la innovaci\u00f3n, la calidad y el respeto al medio ambiente, en Vioges Colombia se trabaja d\u00eda a d\u00eda para optimizar procesos y garantizar agua de la m\u00e1s alta calidad, adapt\u00e1ndose a las normativas vigentes y a las necesidades particulares de cada cliente.","email":"contacto@viogescolombia.com","telephone":"(601) 756 0026","legalName":"Vioges Ingenieria SAS","numberOfEmployees":{"@type":"QuantitativeValue","minValue":"1","maxValue":"10"}}]},"product_price_currency":"COP","og_availability":"instock","product_availability":"instock","product_retailer_item_id":"FT-BTLEH150-E01","product_condition":"new"},"_links":{"self":[{"href":"https:\/\/viogescolombia.com\/esp\/wp-json\/wp\/v2\/product\/928","targetHints":{"allow":["GET"]}}],"collection":[{"href":"https:\/\/viogescolombia.com\/esp\/wp-json\/wp\/v2\/product"}],"about":[{"href":"https:\/\/viogescolombia.com\/esp\/wp-json\/wp\/v2\/types\/product"}],"replies":[{"embeddable":true,"href":"https:\/\/viogescolombia.com\/esp\/wp-json\/wp\/v2\/comments?post=928"}],"wp:featuredmedia":[{"embeddable":true,"href":"https:\/\/viogescolombia.com\/esp\/wp-json\/wp\/v2\/media\/929"}],"wp:attachment":[{"href":"https:\/\/viogescolombia.com\/esp\/wp-json\/wp\/v2\/media?parent=928"}],"wp:term":[{"taxonomy":"product_brand","embeddable":true,"href":"https:\/\/viogescolombia.com\/esp\/wp-json\/wp\/v2\/product_brand?post=928"},{"taxonomy":"product_cat","embeddable":true,"href":"https:\/\/viogescolombia.com\/esp\/wp-json\/wp\/v2\/product_cat?post=928"},{"taxonomy":"product_tag","embeddable":true,"href":"https:\/\/viogescolombia.com\/esp\/wp-json\/wp\/v2\/product_tag?post=928"}],"curies":[{"name":"wp","href":"https:\/\/api.w.org\/{rel}","templated":true}]}}