{"id":603,"date":"2024-08-30T13:28:09","date_gmt":"2024-08-30T18:28:09","guid":{"rendered":"https:\/\/viogescolombia.com\/?post_type=product&#038;p=603"},"modified":"2024-10-17T18:59:34","modified_gmt":"2024-10-17T23:59:34","slug":"sje-verticalmaster-ii-lc","status":"publish","type":"product","link":"https:\/\/viogescolombia.com\/esp\/producto\/sje-verticalmaster-ii-lc\/","title":{"rendered":"SJE VerticalMaster\u00ae II LC"},"content":{"rendered":"<h3 class=\"test\">Interruptor de control de baja corriente activado mec\u00e1nicamente<\/h3>\n<div class=\"row section-padding\">\n<div class=\"col-md-7\">\n<p>Los interruptores de control monitorean con precisi\u00f3n los niveles de l\u00edquido para activar los paneles de control de las bombas y las alarmas.<\/p>\n<p>El interruptor de control LC (baja corriente) SJE VerticalMaster\u00ae II ofrece un control confiable para aplicaciones de CA y CC en agua no potable y aguas residuales. El mecanismo de conmutaci\u00f3n interno tiene contactos de punto de cruce de oro sellados para un funcionamiento confiable con baja corriente.<\/p>\n<h3>Caracter\u00edsticas<\/h3>\n<div class=\"description-padding\">\n<ul>\n<li>Rango de activaci\u00f3n ajustable de 0,75 a 6,5 \u200b\u200bpulgadas (2 a 17 cm)<\/li>\n<li>Aplicaciones de baja corriente y sin arcos el\u00e9ctricos de hasta 0,160 mA a 125 V CA<\/li>\n<li>Incluye embalaje en caja est\u00e1ndar.<\/li>\n<\/ul>\n<h5>Opciones:<\/h5>\n<ul>\n<li>Disponible en longitudes de cable est\u00e1ndar de 10 y 20 pies (3 y 6 metros)<\/li>\n<\/ul>\n<h5>Certificado por CSA<\/h5>\n<h5>Garant\u00eda limitada de cinco a\u00f1os<\/h5>\n<\/div>\n<\/div>\n<\/div>\n","protected":false},"excerpt":{"rendered":"<p>Las aplicaciones comunes incluyen paneles PLC (controlador l\u00f3gico programable), paneles IS, con barreras intr\u00ednsecamente seguras, barreras solares de baja corriente, aplicaciones solares de baja corriente y otras aplicaciones de paneles de control y alarmas de baja corriente.<\/p>\n<p>El interruptor de control SJE VerticalMaster\u00ae II LC no es sensible a la turbulencia y est\u00e1 disponible \u00fanicamente en funcionamiento normalmente abierto (nivel alto).<\/p>\n","protected":false},"featured_media":604,"comment_status":"open","ping_status":"closed","template":"","meta":{"_joinchat":[]},"product_brand":[],"product_cat":[200],"product_tag":[203,201],"class_list":{"0":"post-603","1":"product","2":"type-product","3":"status-publish","4":"has-post-thumbnail","6":"product_cat-switches-de-nivel","7":"product_tag-sje-rhombus","8":"product_tag-switches-de-nivel","10":"first","11":"instock","12":"shipping-taxable","13":"product-type-simple"},"yoast_head":"<!-- This site is optimized with the Yoast SEO Premium plugin v24.5 (Yoast SEO v27.4) - https:\/\/yoast.com\/product\/yoast-seo-premium-wordpress\/ -->\n<title>SJE VerticalMaster\u00ae II LC - Vioges Colombia plantas de tratamiento de agua industrial<\/title>\n<meta name=\"description\" content=\"SJE VerticalMaster\u00ae II LC - Vioges Colombia plantas de tratamiento de agua industrial - Ingeniar\u00eda para el tratamiento de aguas residuales\" \/>\n<meta name=\"robots\" content=\"index, follow, max-snippet:-1, max-image-preview:large, max-video-preview:-1\" \/>\n<link rel=\"canonical\" href=\"https:\/\/viogescolombia.com\/esp\/producto\/sje-verticalmaster-ii-lc\/\" \/>\n<meta property=\"og:locale\" content=\"es_ES\" \/>\n<meta property=\"og:type\" content=\"article\" \/>\n<meta property=\"og:title\" content=\"SJE VerticalMaster\u00ae II LC - Vioges Colombia plantas de tratamiento de agua industrial\" \/>\n<meta property=\"og:description\" content=\"SJE VerticalMaster\u00ae II LC - Vioges Colombia plantas de tratamiento de agua industrial - Ingeniar\u00eda para el tratamiento de aguas residuales, plantas de tratamiento de agua en Colombia\" \/>\n<meta property=\"og:url\" content=\"https:\/\/viogescolombia.com\/esp\/producto\/sje-verticalmaster-ii-lc\/\" \/>\n<meta property=\"og:site_name\" content=\"Vioges Colombia plantas de tratamiento de agua industrial\" \/>\n<meta property=\"article:modified_time\" content=\"2024-10-17T23:59:34+00:00\" \/>\n<meta property=\"og:image\" content=\"https:\/\/viogescolombia.com\/wp-content\/uploads\/2024\/08\/Vioges-web.jpg\" \/>\n\t<meta property=\"og:image:width\" content=\"944\" \/>\n\t<meta property=\"og:image:height\" content=\"944\" \/>\n\t<meta property=\"og:image:type\" content=\"image\/jpeg\" \/>\n<meta name=\"twitter:card\" content=\"summary_large_image\" \/>\n<meta name=\"twitter:label1\" content=\"Precio\" \/>\n\t<meta name=\"twitter:data1\" content=\"\" \/>\n\t<meta name=\"twitter:label2\" content=\"Disponibilidad\" \/>\n\t<meta name=\"twitter:data2\" content=\"Disponible\" \/>\n<script type=\"application\/ld+json\" class=\"yoast-schema-graph\">{\"@context\":\"https:\\\/\\\/schema.org\",\"@graph\":[{\"@type\":\"WebPage\",\"@id\":\"https:\\\/\\\/viogescolombia.com\\\/producto\\\/sje-verticalmaster-ii-lc\\\/\",\"url\":\"https:\\\/\\\/viogescolombia.com\\\/producto\\\/sje-verticalmaster-ii-lc\\\/\",\"name\":\"SJE VerticalMaster\u00ae II LC - Vioges Colombia plantas de tratamiento de agua industrial\",\"isPartOf\":{\"@id\":\"https:\\\/\\\/viogescolombia.com\\\/#website\"},\"primaryImageOfPage\":{\"@id\":\"https:\\\/\\\/viogescolombia.com\\\/producto\\\/sje-verticalmaster-ii-lc\\\/#primaryimage\"},\"image\":{\"@id\":\"https:\\\/\\\/viogescolombia.com\\\/producto\\\/sje-verticalmaster-ii-lc\\\/#primaryimage\"},\"thumbnailUrl\":\"https:\\\/\\\/viogescolombia.com\\\/wp-content\\\/uploads\\\/2024\\\/08\\\/Vioges-web.jpg\",\"datePublished\":\"2024-08-30T18:28:09+00:00\",\"dateModified\":\"2024-10-17T23:59:34+00:00\",\"description\":\"SJE VerticalMaster\u00ae II LC - Vioges Colombia plantas de tratamiento de agua industrial - Ingeniar\u00eda para el tratamiento de aguas residuales\",\"breadcrumb\":{\"@id\":\"https:\\\/\\\/viogescolombia.com\\\/producto\\\/sje-verticalmaster-ii-lc\\\/#breadcrumb\"},\"inLanguage\":\"es\",\"potentialAction\":[{\"@type\":\"ReadAction\",\"target\":[\"https:\\\/\\\/viogescolombia.com\\\/producto\\\/sje-verticalmaster-ii-lc\\\/\"]}]},{\"@type\":\"ImageObject\",\"inLanguage\":\"es\",\"@id\":\"https:\\\/\\\/viogescolombia.com\\\/producto\\\/sje-verticalmaster-ii-lc\\\/#primaryimage\",\"url\":\"https:\\\/\\\/viogescolombia.com\\\/wp-content\\\/uploads\\\/2024\\\/08\\\/Vioges-web.jpg\",\"contentUrl\":\"https:\\\/\\\/viogescolombia.com\\\/wp-content\\\/uploads\\\/2024\\\/08\\\/Vioges-web.jpg\",\"width\":944,\"height\":944,\"caption\":\"SJE VerticalMaster\"},{\"@type\":\"BreadcrumbList\",\"@id\":\"https:\\\/\\\/viogescolombia.com\\\/producto\\\/sje-verticalmaster-ii-lc\\\/#breadcrumb\",\"itemListElement\":[{\"@type\":\"ListItem\",\"position\":1,\"name\":\"Vioges\",\"item\":\"https:\\\/\\\/viogescolombia.com\\\/\"},{\"@type\":\"ListItem\",\"position\":2,\"name\":\"Tienda Vioges\",\"item\":\"https:\\\/\\\/viogescolombia.com\\\/esp\\\/tienda-vioges\\\/\"},{\"@type\":\"ListItem\",\"position\":3,\"name\":\"SJE VerticalMaster\u00ae II LC\"}]},{\"@type\":\"WebSite\",\"@id\":\"https:\\\/\\\/viogescolombia.com\\\/#website\",\"url\":\"https:\\\/\\\/viogescolombia.com\\\/\",\"name\":\"Vioges Ingenier\u00eda - Plantas de tratamiento de agua\",\"description\":\"Plantas y accesorios para el tratamiento de agua\",\"publisher\":{\"@id\":\"https:\\\/\\\/viogescolombia.com\\\/#organization\"},\"alternateName\":\"Vioges - Tratamiento de agua\",\"potentialAction\":[{\"@type\":\"SearchAction\",\"target\":{\"@type\":\"EntryPoint\",\"urlTemplate\":\"https:\\\/\\\/viogescolombia.com\\\/?s={search_term_string}\"},\"query-input\":{\"@type\":\"PropertyValueSpecification\",\"valueRequired\":true,\"valueName\":\"search_term_string\"}}],\"inLanguage\":\"es\"},{\"@type\":\"Organization\",\"@id\":\"https:\\\/\\\/viogescolombia.com\\\/#organization\",\"name\":\"Vioges Ingenier\u00eda SAS\",\"alternateName\":\"Vioges Plantas para el tratamiento de agua\",\"url\":\"https:\\\/\\\/viogescolombia.com\\\/\",\"logo\":{\"@type\":\"ImageObject\",\"inLanguage\":\"es\",\"@id\":\"https:\\\/\\\/viogescolombia.com\\\/#\\\/schema\\\/logo\\\/image\\\/\",\"url\":\"https:\\\/\\\/viogescolombia.com\\\/wp-content\\\/uploads\\\/2024\\\/07\\\/logo-Vioges.webp\",\"contentUrl\":\"https:\\\/\\\/viogescolombia.com\\\/wp-content\\\/uploads\\\/2024\\\/07\\\/logo-Vioges.webp\",\"width\":900,\"height\":402,\"caption\":\"Vioges Ingenier\u00eda SAS\"},\"image\":{\"@id\":\"https:\\\/\\\/viogescolombia.com\\\/#\\\/schema\\\/logo\\\/image\\\/\"},\"description\":\"Vioges Colombia es una empresa l\u00edder en el dise\u00f1o, construcci\u00f3n, operaci\u00f3n y mantenimiento de plantas de tratamiento de agua. Con m\u00e1s de 20 a\u00f1os de experiencia en el sector p\u00fablico y privado, su equipo de ingenieros y especialistas desarrolla soluciones integrales, inteligentes y ambientalmente sostenibles para cada desaf\u00edo a lo largo del ciclo del agua. Comprometidos con la innovaci\u00f3n, la calidad y el respeto al medio ambiente, en Vioges Colombia se trabaja d\u00eda a d\u00eda para optimizar procesos y garantizar agua de la m\u00e1s alta calidad, adapt\u00e1ndose a las normativas vigentes y a las necesidades particulares de cada cliente.\",\"email\":\"contacto@viogescolombia.com\",\"telephone\":\"(601) 756 0026\",\"legalName\":\"Vioges Ingenieria SAS\",\"numberOfEmployees\":{\"@type\":\"QuantitativeValue\",\"minValue\":\"1\",\"maxValue\":\"10\"}}]}<\/script>\n<meta property=\"product:price:currency\" content=\"COP\" \/>\n<meta property=\"og:availability\" content=\"instock\" \/>\n<meta property=\"product:availability\" content=\"instock\" \/>\n<meta property=\"product:condition\" content=\"new\" \/>\n<!-- \/ Yoast SEO Premium plugin. -->","yoast_head_json":{"title":"SJE VerticalMaster\u00ae II LC - Vioges Colombia plantas de tratamiento de agua industrial","description":"SJE VerticalMaster\u00ae II LC - Vioges Colombia plantas de tratamiento de agua industrial - Ingeniar\u00eda para el tratamiento de aguas residuales","robots":{"index":"index","follow":"follow","max-snippet":"max-snippet:-1","max-image-preview":"max-image-preview:large","max-video-preview":"max-video-preview:-1"},"canonical":"https:\/\/viogescolombia.com\/esp\/producto\/sje-verticalmaster-ii-lc\/","og_locale":"es_ES","og_type":"article","og_title":"SJE VerticalMaster\u00ae II LC - Vioges Colombia plantas de tratamiento de agua industrial","og_description":"SJE VerticalMaster\u00ae II LC - Vioges Colombia plantas de tratamiento de agua industrial - Ingeniar\u00eda para el tratamiento de aguas residuales, plantas de tratamiento de agua en Colombia","og_url":"https:\/\/viogescolombia.com\/esp\/producto\/sje-verticalmaster-ii-lc\/","og_site_name":"Vioges Colombia plantas de tratamiento de agua industrial","article_modified_time":"2024-10-17T23:59:34+00:00","og_image":[{"width":944,"height":944,"url":"https:\/\/viogescolombia.com\/wp-content\/uploads\/2024\/08\/Vioges-web.jpg","type":"image\/jpeg"}],"twitter_card":"summary_large_image","twitter_misc":{"Precio":"","Disponibilidad":"Disponible"},"schema":{"@context":"https:\/\/schema.org","@graph":[{"@type":"WebPage","@id":"https:\/\/viogescolombia.com\/producto\/sje-verticalmaster-ii-lc\/","url":"https:\/\/viogescolombia.com\/producto\/sje-verticalmaster-ii-lc\/","name":"SJE VerticalMaster\u00ae II LC - Vioges Colombia plantas de tratamiento de agua industrial","isPartOf":{"@id":"https:\/\/viogescolombia.com\/#website"},"primaryImageOfPage":{"@id":"https:\/\/viogescolombia.com\/producto\/sje-verticalmaster-ii-lc\/#primaryimage"},"image":{"@id":"https:\/\/viogescolombia.com\/producto\/sje-verticalmaster-ii-lc\/#primaryimage"},"thumbnailUrl":"https:\/\/viogescolombia.com\/wp-content\/uploads\/2024\/08\/Vioges-web.jpg","datePublished":"2024-08-30T18:28:09+00:00","dateModified":"2024-10-17T23:59:34+00:00","description":"SJE VerticalMaster\u00ae II LC - Vioges Colombia plantas de tratamiento de agua industrial - Ingeniar\u00eda para el tratamiento de aguas residuales","breadcrumb":{"@id":"https:\/\/viogescolombia.com\/producto\/sje-verticalmaster-ii-lc\/#breadcrumb"},"inLanguage":"es","potentialAction":[{"@type":"ReadAction","target":["https:\/\/viogescolombia.com\/producto\/sje-verticalmaster-ii-lc\/"]}]},{"@type":"ImageObject","inLanguage":"es","@id":"https:\/\/viogescolombia.com\/producto\/sje-verticalmaster-ii-lc\/#primaryimage","url":"https:\/\/viogescolombia.com\/wp-content\/uploads\/2024\/08\/Vioges-web.jpg","contentUrl":"https:\/\/viogescolombia.com\/wp-content\/uploads\/2024\/08\/Vioges-web.jpg","width":944,"height":944,"caption":"SJE VerticalMaster"},{"@type":"BreadcrumbList","@id":"https:\/\/viogescolombia.com\/producto\/sje-verticalmaster-ii-lc\/#breadcrumb","itemListElement":[{"@type":"ListItem","position":1,"name":"Vioges","item":"https:\/\/viogescolombia.com\/"},{"@type":"ListItem","position":2,"name":"Tienda Vioges","item":"https:\/\/viogescolombia.com\/esp\/tienda-vioges\/"},{"@type":"ListItem","position":3,"name":"SJE VerticalMaster\u00ae II LC"}]},{"@type":"WebSite","@id":"https:\/\/viogescolombia.com\/#website","url":"https:\/\/viogescolombia.com\/","name":"Vioges Ingenier\u00eda - Plantas de tratamiento de agua","description":"Plantas y accesorios para el tratamiento de agua","publisher":{"@id":"https:\/\/viogescolombia.com\/#organization"},"alternateName":"Vioges - Tratamiento de agua","potentialAction":[{"@type":"SearchAction","target":{"@type":"EntryPoint","urlTemplate":"https:\/\/viogescolombia.com\/?s={search_term_string}"},"query-input":{"@type":"PropertyValueSpecification","valueRequired":true,"valueName":"search_term_string"}}],"inLanguage":"es"},{"@type":"Organization","@id":"https:\/\/viogescolombia.com\/#organization","name":"Vioges Ingenier\u00eda SAS","alternateName":"Vioges Plantas para el tratamiento de agua","url":"https:\/\/viogescolombia.com\/","logo":{"@type":"ImageObject","inLanguage":"es","@id":"https:\/\/viogescolombia.com\/#\/schema\/logo\/image\/","url":"https:\/\/viogescolombia.com\/wp-content\/uploads\/2024\/07\/logo-Vioges.webp","contentUrl":"https:\/\/viogescolombia.com\/wp-content\/uploads\/2024\/07\/logo-Vioges.webp","width":900,"height":402,"caption":"Vioges Ingenier\u00eda SAS"},"image":{"@id":"https:\/\/viogescolombia.com\/#\/schema\/logo\/image\/"},"description":"Vioges Colombia es una empresa l\u00edder en el dise\u00f1o, construcci\u00f3n, operaci\u00f3n y mantenimiento de plantas de tratamiento de agua. Con m\u00e1s de 20 a\u00f1os de experiencia en el sector p\u00fablico y privado, su equipo de ingenieros y especialistas desarrolla soluciones integrales, inteligentes y ambientalmente sostenibles para cada desaf\u00edo a lo largo del ciclo del agua. Comprometidos con la innovaci\u00f3n, la calidad y el respeto al medio ambiente, en Vioges Colombia se trabaja d\u00eda a d\u00eda para optimizar procesos y garantizar agua de la m\u00e1s alta calidad, adapt\u00e1ndose a las normativas vigentes y a las necesidades particulares de cada cliente.","email":"contacto@viogescolombia.com","telephone":"(601) 756 0026","legalName":"Vioges Ingenieria SAS","numberOfEmployees":{"@type":"QuantitativeValue","minValue":"1","maxValue":"10"}}]},"product_price_currency":"COP","og_availability":"instock","product_availability":"instock","product_condition":"new"},"_links":{"self":[{"href":"https:\/\/viogescolombia.com\/esp\/wp-json\/wp\/v2\/product\/603","targetHints":{"allow":["GET"]}}],"collection":[{"href":"https:\/\/viogescolombia.com\/esp\/wp-json\/wp\/v2\/product"}],"about":[{"href":"https:\/\/viogescolombia.com\/esp\/wp-json\/wp\/v2\/types\/product"}],"replies":[{"embeddable":true,"href":"https:\/\/viogescolombia.com\/esp\/wp-json\/wp\/v2\/comments?post=603"}],"wp:featuredmedia":[{"embeddable":true,"href":"https:\/\/viogescolombia.com\/esp\/wp-json\/wp\/v2\/media\/604"}],"wp:attachment":[{"href":"https:\/\/viogescolombia.com\/esp\/wp-json\/wp\/v2\/media?parent=603"}],"wp:term":[{"taxonomy":"product_brand","embeddable":true,"href":"https:\/\/viogescolombia.com\/esp\/wp-json\/wp\/v2\/product_brand?post=603"},{"taxonomy":"product_cat","embeddable":true,"href":"https:\/\/viogescolombia.com\/esp\/wp-json\/wp\/v2\/product_cat?post=603"},{"taxonomy":"product_tag","embeddable":true,"href":"https:\/\/viogescolombia.com\/esp\/wp-json\/wp\/v2\/product_tag?post=603"}],"curies":[{"name":"wp","href":"https:\/\/api.w.org\/{rel}","templated":true}]}}