{"id":587,"date":"2024-08-30T11:12:39","date_gmt":"2024-08-30T16:12:39","guid":{"rendered":"https:\/\/viogescolombia.com\/?post_type=product&#038;p=587"},"modified":"2024-08-30T11:12:39","modified_gmt":"2024-08-30T16:12:39","slug":"sje-hitempmaster","status":"publish","type":"product","link":"https:\/\/viogescolombia.com\/esp\/producto\/sje-hitempmaster\/","title":{"rendered":"SJE HiTempMaster\u2122"},"content":{"rendered":"<h3 class=\"test\"><span>Interruptor de bomba activado mec\u00e1nicamente para aplicaciones de sumidero de alta temperatura<\/span><\/h3>\n<p>El interruptor de bomba SJE HiTempMaster\u2122 es un interruptor de bomba de \u00e1ngulo amplio activado mec\u00e1nicamente, dise\u00f1ado espec\u00edficamente para aplicaciones de sumideros de alta temperatura de hasta 200 \u00b0F. Proporciona control autom\u00e1tico de bombas de hasta 13 FLA, 78 LRA, 125 V o 250 V.<\/p>\n<h3><span>Caracter\u00edsticas<\/span><\/h3>\n<div class=\"description-padding\">\n<ul>\n<li><span>Apto para uso en l\u00edquidos de hasta 200 \u00b0F (93,3 \u00b0C)<\/span><\/li>\n<li><span>Controla la bomba hasta 13FLA, 78 LRA<\/span><\/li>\n<li><span>Rango de bombeo ajustable de 8 a 36 pulgadas (20,3 a 91,4 cm)<\/span><\/li>\n<li><span>Activado mec\u00e1nicamente para proporcionar una alternativa confiable para \u00e1reas que restringen el uso de mercurio.<\/span><\/li>\n<li><span>El dise\u00f1o de doble pared de la carcasa del flotador (patente pendiente) protege los componentes internos del calor y la humedad.<\/span><\/li>\n<li><span>Aplicaciones de bombeo<\/span><\/li>\n<\/ul>\n<h5><span>Opciones<\/span><\/h5>\n<ul>\n<li><span>Modelos de 125 V o 250 V<\/span><\/li>\n<li><span>Con o sin enchufe piggy-back<\/span><\/li>\n<li><span>Varias longitudes de cable<\/span><\/li>\n<\/ul>\n<h5><span>Certificado por CSA<\/span><\/h5>\n<h5><span>Garant\u00eda limitada de cinco a\u00f1os<\/span><\/h5>\n<\/div>\n<div class=\"row section-padding\">\n<div class=\"col-md-7\"><\/div>\n<\/div>\n","protected":false},"excerpt":{"rendered":"<div class=\"col-md-7\">\n<p><span>El interruptor de bomba SJE HiTempMaster\u2122 cuenta con una exclusiva carcasa flotante con un dise\u00f1o de doble pared (patente pendiente) para proteger los componentes internos del calor y la humedad. El interruptor no es sensible a la rotaci\u00f3n ni a la turbulencia, lo que permite su uso tanto en aplicaciones tranquilas como turbulentas.<\/span><\/p>\n<\/div>\n","protected":false},"featured_media":588,"comment_status":"open","ping_status":"closed","template":"","meta":{"_joinchat":[]},"product_brand":[],"product_cat":[200],"product_tag":[203,201],"class_list":{"0":"post-587","1":"product","2":"type-product","3":"status-publish","4":"has-post-thumbnail","6":"product_cat-switches-de-nivel","7":"product_tag-sje-rhombus","8":"product_tag-switches-de-nivel","10":"first","11":"instock","12":"shipping-taxable","13":"product-type-simple"},"yoast_head":"<!-- This site is optimized with the Yoast SEO Premium plugin v24.5 (Yoast SEO v27.4) - https:\/\/yoast.com\/product\/yoast-seo-premium-wordpress\/ -->\n<title>SJE HiTempMaster\u2122 - Vioges Colombia plantas de tratamiento de agua industrial<\/title>\n<meta name=\"description\" content=\"SJE HiTempMaster\u2122 - Vioges Colombia plantas de tratamiento de agua industrial - Ingeniar\u00eda para el tratamiento de aguas residuales\" \/>\n<meta name=\"robots\" content=\"index, follow, max-snippet:-1, max-image-preview:large, max-video-preview:-1\" \/>\n<link rel=\"canonical\" href=\"https:\/\/viogescolombia.com\/esp\/producto\/sje-hitempmaster\/\" \/>\n<meta property=\"og:locale\" content=\"es_ES\" \/>\n<meta property=\"og:type\" content=\"article\" \/>\n<meta property=\"og:title\" content=\"SJE HiTempMaster\u2122 - Vioges Colombia plantas de tratamiento de agua industrial\" \/>\n<meta property=\"og:description\" content=\"SJE HiTempMaster\u2122 - Vioges Colombia plantas de tratamiento de agua industrial - Ingeniar\u00eda para el tratamiento de aguas residuales, plantas de tratamiento de agua en Colombia\" \/>\n<meta property=\"og:url\" content=\"https:\/\/viogescolombia.com\/esp\/producto\/sje-hitempmaster\/\" \/>\n<meta property=\"og:site_name\" content=\"Vioges Colombia plantas de tratamiento de agua industrial\" \/>\n<meta property=\"og:image\" content=\"https:\/\/viogescolombia.com\/wp-content\/uploads\/2024\/08\/Presentacion-sin-titulo-15.jpg\" \/>\n\t<meta property=\"og:image:width\" content=\"944\" \/>\n\t<meta property=\"og:image:height\" content=\"944\" \/>\n\t<meta property=\"og:image:type\" content=\"image\/jpeg\" \/>\n<meta name=\"twitter:card\" content=\"summary_large_image\" \/>\n<meta name=\"twitter:label1\" content=\"Precio\" \/>\n\t<meta name=\"twitter:data1\" content=\"\" \/>\n\t<meta name=\"twitter:label2\" content=\"Disponibilidad\" \/>\n\t<meta name=\"twitter:data2\" content=\"Disponible\" \/>\n<script type=\"application\/ld+json\" class=\"yoast-schema-graph\">{\"@context\":\"https:\\\/\\\/schema.org\",\"@graph\":[{\"@type\":\"WebPage\",\"@id\":\"https:\\\/\\\/viogescolombia.com\\\/producto\\\/sje-hitempmaster\\\/\",\"url\":\"https:\\\/\\\/viogescolombia.com\\\/producto\\\/sje-hitempmaster\\\/\",\"name\":\"SJE HiTempMaster\u2122 - Vioges Colombia plantas de tratamiento de agua industrial\",\"isPartOf\":{\"@id\":\"https:\\\/\\\/viogescolombia.com\\\/#website\"},\"primaryImageOfPage\":{\"@id\":\"https:\\\/\\\/viogescolombia.com\\\/producto\\\/sje-hitempmaster\\\/#primaryimage\"},\"image\":{\"@id\":\"https:\\\/\\\/viogescolombia.com\\\/producto\\\/sje-hitempmaster\\\/#primaryimage\"},\"thumbnailUrl\":\"https:\\\/\\\/viogescolombia.com\\\/wp-content\\\/uploads\\\/2024\\\/08\\\/Presentacion-sin-titulo-15.jpg\",\"datePublished\":\"2024-08-30T16:12:39+00:00\",\"description\":\"SJE HiTempMaster\u2122 - Vioges Colombia plantas de tratamiento de agua industrial - Ingeniar\u00eda para el tratamiento de aguas residuales\",\"breadcrumb\":{\"@id\":\"https:\\\/\\\/viogescolombia.com\\\/producto\\\/sje-hitempmaster\\\/#breadcrumb\"},\"inLanguage\":\"es\",\"potentialAction\":[{\"@type\":\"ReadAction\",\"target\":[\"https:\\\/\\\/viogescolombia.com\\\/producto\\\/sje-hitempmaster\\\/\"]}]},{\"@type\":\"ImageObject\",\"inLanguage\":\"es\",\"@id\":\"https:\\\/\\\/viogescolombia.com\\\/producto\\\/sje-hitempmaster\\\/#primaryimage\",\"url\":\"https:\\\/\\\/viogescolombia.com\\\/wp-content\\\/uploads\\\/2024\\\/08\\\/Presentacion-sin-titulo-15.jpg\",\"contentUrl\":\"https:\\\/\\\/viogescolombia.com\\\/wp-content\\\/uploads\\\/2024\\\/08\\\/Presentacion-sin-titulo-15.jpg\",\"width\":944,\"height\":944},{\"@type\":\"BreadcrumbList\",\"@id\":\"https:\\\/\\\/viogescolombia.com\\\/producto\\\/sje-hitempmaster\\\/#breadcrumb\",\"itemListElement\":[{\"@type\":\"ListItem\",\"position\":1,\"name\":\"Vioges\",\"item\":\"https:\\\/\\\/viogescolombia.com\\\/\"},{\"@type\":\"ListItem\",\"position\":2,\"name\":\"Tienda Vioges\",\"item\":\"https:\\\/\\\/viogescolombia.com\\\/esp\\\/tienda-vioges\\\/\"},{\"@type\":\"ListItem\",\"position\":3,\"name\":\"SJE HiTempMaster\u2122\"}]},{\"@type\":\"WebSite\",\"@id\":\"https:\\\/\\\/viogescolombia.com\\\/#website\",\"url\":\"https:\\\/\\\/viogescolombia.com\\\/\",\"name\":\"Vioges Ingenier\u00eda - Plantas de tratamiento de agua\",\"description\":\"Plantas y accesorios para el tratamiento de agua\",\"publisher\":{\"@id\":\"https:\\\/\\\/viogescolombia.com\\\/#organization\"},\"alternateName\":\"Vioges - Tratamiento de agua\",\"potentialAction\":[{\"@type\":\"SearchAction\",\"target\":{\"@type\":\"EntryPoint\",\"urlTemplate\":\"https:\\\/\\\/viogescolombia.com\\\/?s={search_term_string}\"},\"query-input\":{\"@type\":\"PropertyValueSpecification\",\"valueRequired\":true,\"valueName\":\"search_term_string\"}}],\"inLanguage\":\"es\"},{\"@type\":\"Organization\",\"@id\":\"https:\\\/\\\/viogescolombia.com\\\/#organization\",\"name\":\"Vioges Ingenier\u00eda SAS\",\"alternateName\":\"Vioges Plantas para el tratamiento de agua\",\"url\":\"https:\\\/\\\/viogescolombia.com\\\/\",\"logo\":{\"@type\":\"ImageObject\",\"inLanguage\":\"es\",\"@id\":\"https:\\\/\\\/viogescolombia.com\\\/#\\\/schema\\\/logo\\\/image\\\/\",\"url\":\"https:\\\/\\\/viogescolombia.com\\\/wp-content\\\/uploads\\\/2024\\\/07\\\/logo-Vioges.webp\",\"contentUrl\":\"https:\\\/\\\/viogescolombia.com\\\/wp-content\\\/uploads\\\/2024\\\/07\\\/logo-Vioges.webp\",\"width\":900,\"height\":402,\"caption\":\"Vioges Ingenier\u00eda SAS\"},\"image\":{\"@id\":\"https:\\\/\\\/viogescolombia.com\\\/#\\\/schema\\\/logo\\\/image\\\/\"},\"description\":\"Vioges Colombia es una empresa l\u00edder en el dise\u00f1o, construcci\u00f3n, operaci\u00f3n y mantenimiento de plantas de tratamiento de agua. Con m\u00e1s de 20 a\u00f1os de experiencia en el sector p\u00fablico y privado, su equipo de ingenieros y especialistas desarrolla soluciones integrales, inteligentes y ambientalmente sostenibles para cada desaf\u00edo a lo largo del ciclo del agua. Comprometidos con la innovaci\u00f3n, la calidad y el respeto al medio ambiente, en Vioges Colombia se trabaja d\u00eda a d\u00eda para optimizar procesos y garantizar agua de la m\u00e1s alta calidad, adapt\u00e1ndose a las normativas vigentes y a las necesidades particulares de cada cliente.\",\"email\":\"contacto@viogescolombia.com\",\"telephone\":\"(601) 756 0026\",\"legalName\":\"Vioges Ingenieria SAS\",\"numberOfEmployees\":{\"@type\":\"QuantitativeValue\",\"minValue\":\"1\",\"maxValue\":\"10\"}}]}<\/script>\n<meta property=\"product:price:currency\" content=\"COP\" \/>\n<meta property=\"og:availability\" content=\"instock\" \/>\n<meta property=\"product:availability\" content=\"instock\" \/>\n<meta property=\"product:condition\" content=\"new\" \/>\n<!-- \/ Yoast SEO Premium plugin. -->","yoast_head_json":{"title":"SJE HiTempMaster\u2122 - Vioges Colombia plantas de tratamiento de agua industrial","description":"SJE HiTempMaster\u2122 - Vioges Colombia plantas de tratamiento de agua industrial - Ingeniar\u00eda para el tratamiento de aguas residuales","robots":{"index":"index","follow":"follow","max-snippet":"max-snippet:-1","max-image-preview":"max-image-preview:large","max-video-preview":"max-video-preview:-1"},"canonical":"https:\/\/viogescolombia.com\/esp\/producto\/sje-hitempmaster\/","og_locale":"es_ES","og_type":"article","og_title":"SJE HiTempMaster\u2122 - Vioges Colombia plantas de tratamiento de agua industrial","og_description":"SJE HiTempMaster\u2122 - Vioges Colombia plantas de tratamiento de agua industrial - Ingeniar\u00eda para el tratamiento de aguas residuales, plantas de tratamiento de agua en Colombia","og_url":"https:\/\/viogescolombia.com\/esp\/producto\/sje-hitempmaster\/","og_site_name":"Vioges Colombia plantas de tratamiento de agua industrial","og_image":[{"width":944,"height":944,"url":"https:\/\/viogescolombia.com\/wp-content\/uploads\/2024\/08\/Presentacion-sin-titulo-15.jpg","type":"image\/jpeg"}],"twitter_card":"summary_large_image","twitter_misc":{"Precio":"","Disponibilidad":"Disponible"},"schema":{"@context":"https:\/\/schema.org","@graph":[{"@type":"WebPage","@id":"https:\/\/viogescolombia.com\/producto\/sje-hitempmaster\/","url":"https:\/\/viogescolombia.com\/producto\/sje-hitempmaster\/","name":"SJE HiTempMaster\u2122 - Vioges Colombia plantas de tratamiento de agua industrial","isPartOf":{"@id":"https:\/\/viogescolombia.com\/#website"},"primaryImageOfPage":{"@id":"https:\/\/viogescolombia.com\/producto\/sje-hitempmaster\/#primaryimage"},"image":{"@id":"https:\/\/viogescolombia.com\/producto\/sje-hitempmaster\/#primaryimage"},"thumbnailUrl":"https:\/\/viogescolombia.com\/wp-content\/uploads\/2024\/08\/Presentacion-sin-titulo-15.jpg","datePublished":"2024-08-30T16:12:39+00:00","description":"SJE HiTempMaster\u2122 - Vioges Colombia plantas de tratamiento de agua industrial - Ingeniar\u00eda para el tratamiento de aguas residuales","breadcrumb":{"@id":"https:\/\/viogescolombia.com\/producto\/sje-hitempmaster\/#breadcrumb"},"inLanguage":"es","potentialAction":[{"@type":"ReadAction","target":["https:\/\/viogescolombia.com\/producto\/sje-hitempmaster\/"]}]},{"@type":"ImageObject","inLanguage":"es","@id":"https:\/\/viogescolombia.com\/producto\/sje-hitempmaster\/#primaryimage","url":"https:\/\/viogescolombia.com\/wp-content\/uploads\/2024\/08\/Presentacion-sin-titulo-15.jpg","contentUrl":"https:\/\/viogescolombia.com\/wp-content\/uploads\/2024\/08\/Presentacion-sin-titulo-15.jpg","width":944,"height":944},{"@type":"BreadcrumbList","@id":"https:\/\/viogescolombia.com\/producto\/sje-hitempmaster\/#breadcrumb","itemListElement":[{"@type":"ListItem","position":1,"name":"Vioges","item":"https:\/\/viogescolombia.com\/"},{"@type":"ListItem","position":2,"name":"Tienda Vioges","item":"https:\/\/viogescolombia.com\/esp\/tienda-vioges\/"},{"@type":"ListItem","position":3,"name":"SJE HiTempMaster\u2122"}]},{"@type":"WebSite","@id":"https:\/\/viogescolombia.com\/#website","url":"https:\/\/viogescolombia.com\/","name":"Vioges Ingenier\u00eda - Plantas de tratamiento de agua","description":"Plantas y accesorios para el tratamiento de agua","publisher":{"@id":"https:\/\/viogescolombia.com\/#organization"},"alternateName":"Vioges - Tratamiento de agua","potentialAction":[{"@type":"SearchAction","target":{"@type":"EntryPoint","urlTemplate":"https:\/\/viogescolombia.com\/?s={search_term_string}"},"query-input":{"@type":"PropertyValueSpecification","valueRequired":true,"valueName":"search_term_string"}}],"inLanguage":"es"},{"@type":"Organization","@id":"https:\/\/viogescolombia.com\/#organization","name":"Vioges Ingenier\u00eda SAS","alternateName":"Vioges Plantas para el tratamiento de agua","url":"https:\/\/viogescolombia.com\/","logo":{"@type":"ImageObject","inLanguage":"es","@id":"https:\/\/viogescolombia.com\/#\/schema\/logo\/image\/","url":"https:\/\/viogescolombia.com\/wp-content\/uploads\/2024\/07\/logo-Vioges.webp","contentUrl":"https:\/\/viogescolombia.com\/wp-content\/uploads\/2024\/07\/logo-Vioges.webp","width":900,"height":402,"caption":"Vioges Ingenier\u00eda SAS"},"image":{"@id":"https:\/\/viogescolombia.com\/#\/schema\/logo\/image\/"},"description":"Vioges Colombia es una empresa l\u00edder en el dise\u00f1o, construcci\u00f3n, operaci\u00f3n y mantenimiento de plantas de tratamiento de agua. Con m\u00e1s de 20 a\u00f1os de experiencia en el sector p\u00fablico y privado, su equipo de ingenieros y especialistas desarrolla soluciones integrales, inteligentes y ambientalmente sostenibles para cada desaf\u00edo a lo largo del ciclo del agua. Comprometidos con la innovaci\u00f3n, la calidad y el respeto al medio ambiente, en Vioges Colombia se trabaja d\u00eda a d\u00eda para optimizar procesos y garantizar agua de la m\u00e1s alta calidad, adapt\u00e1ndose a las normativas vigentes y a las necesidades particulares de cada cliente.","email":"contacto@viogescolombia.com","telephone":"(601) 756 0026","legalName":"Vioges Ingenieria SAS","numberOfEmployees":{"@type":"QuantitativeValue","minValue":"1","maxValue":"10"}}]},"product_price_currency":"COP","og_availability":"instock","product_availability":"instock","product_condition":"new"},"_links":{"self":[{"href":"https:\/\/viogescolombia.com\/esp\/wp-json\/wp\/v2\/product\/587","targetHints":{"allow":["GET"]}}],"collection":[{"href":"https:\/\/viogescolombia.com\/esp\/wp-json\/wp\/v2\/product"}],"about":[{"href":"https:\/\/viogescolombia.com\/esp\/wp-json\/wp\/v2\/types\/product"}],"replies":[{"embeddable":true,"href":"https:\/\/viogescolombia.com\/esp\/wp-json\/wp\/v2\/comments?post=587"}],"wp:featuredmedia":[{"embeddable":true,"href":"https:\/\/viogescolombia.com\/esp\/wp-json\/wp\/v2\/media\/588"}],"wp:attachment":[{"href":"https:\/\/viogescolombia.com\/esp\/wp-json\/wp\/v2\/media?parent=587"}],"wp:term":[{"taxonomy":"product_brand","embeddable":true,"href":"https:\/\/viogescolombia.com\/esp\/wp-json\/wp\/v2\/product_brand?post=587"},{"taxonomy":"product_cat","embeddable":true,"href":"https:\/\/viogescolombia.com\/esp\/wp-json\/wp\/v2\/product_cat?post=587"},{"taxonomy":"product_tag","embeddable":true,"href":"https:\/\/viogescolombia.com\/esp\/wp-json\/wp\/v2\/product_tag?post=587"}],"curies":[{"name":"wp","href":"https:\/\/api.w.org\/{rel}","templated":true}]}}