{"id":563,"date":"2024-08-30T09:35:22","date_gmt":"2024-08-30T14:35:22","guid":{"rendered":"https:\/\/viogescolombia.com\/?post_type=product&#038;p=563"},"modified":"2024-08-30T09:36:37","modified_gmt":"2024-08-30T14:36:37","slug":"interruptor-de-agua-potable-certificado","status":"publish","type":"product","link":"https:\/\/viogescolombia.com\/esp\/producto\/interruptor-de-agua-potable-certificado\/","title":{"rendered":"Interruptor de agua potable certificado"},"content":{"rendered":"<h3 class=\"test\">Interruptor de agua potable certificado por CSA<br \/>\nInterruptor de flotador de \u00e1ngulo amplio activado mec\u00e1nicamente para aplicaciones de agua potable<\/h3>\n<p>El SJE PumpMaster\u00ae WPS es un interruptor de flotador de \u00e1ngulo amplio activado mec\u00e1nicamente que proporciona control autom\u00e1tico en aplicaciones de agua potable y de agua. Proporciona control directo de bombas de hasta 1\/2 HP a 120 V CA y 1 HP a 230 V CA o aplicaciones de control de tan solo 120 V CA, 100 mA.<\/p>\n<h3>Caracter\u00edsticas<\/h3>\n<div class=\"description-padding\">\n<ul>\n<li>Controla bombas de hasta 1\/2 HP a 120 VCA y 1 HP a 230 VCA o controla aplicaciones tan bajas como 120 VCA, 100 mA.<\/li>\n<li>Certificado por la CSA para cumplir con la norma NSF\/ANSI 61 para uso en agua potable. Aprobado para su uso en tanques de 250 galones estadounidenses (950 L) de volumen o m\u00e1s por flotador.<\/li>\n<li>Contactos de alta resistencia.<\/li>\n<li>Rango de bombeo ajustable de 7 a 36 pulgadas (18 a 91 cm).<\/li>\n<li>Para aplicaciones de cableado directo.<\/li>\n<li>Se puede conectar para que funcione en aplicaciones de bombeo hacia abajo (normalmente abierto) o de bombeo hacia arriba (normalmente cerrado) (unipolar, doble tiro).<\/li>\n<li>Incluye peso de cable externo.<\/li>\n<li>El embalaje en caja es est\u00e1ndar.<\/li>\n<\/ul>\n<h5>Certificado CSA para agua potable<\/h5>\n<h5>Garant\u00eda limitada de cinco a\u00f1os<\/h5>\n<\/div>\n<div class=\"row section-padding\">\n<div class=\"col-md-7\"><\/div>\n<\/div>\n","protected":false},"excerpt":{"rendered":"<p>Cuenta con certificaci\u00f3n CSA para cumplir con el est\u00e1ndar NSF\/ANSI 61 para uso en agua potable y est\u00e1 aprobado para uso en tanques de 250 galones estadounidenses (950 L) de volumen o m\u00e1s por flotador.<\/p>\n","protected":false},"featured_media":565,"comment_status":"open","ping_status":"closed","template":"","meta":{"_joinchat":[]},"product_brand":[],"product_cat":[200],"product_tag":[202,203,201],"class_list":{"0":"post-563","1":"product","2":"type-product","3":"status-publish","4":"has-post-thumbnail","6":"product_cat-switches-de-nivel","7":"product_tag-interruptor-de-agua","8":"product_tag-sje-rhombus","9":"product_tag-switches-de-nivel","11":"first","12":"instock","13":"shipping-taxable","14":"product-type-simple"},"yoast_head":"<!-- This site is optimized with the Yoast SEO Premium plugin v24.5 (Yoast SEO v27.4) - https:\/\/yoast.com\/product\/yoast-seo-premium-wordpress\/ -->\n<title>Interruptor de agua potable certificado - Vioges Colombia plantas de tratamiento de agua industrial<\/title>\n<meta name=\"description\" content=\"Interruptor de agua potable certificado - Vioges Colombia plantas de tratamiento de agua industrial - Ingeniar\u00eda para el tratamiento de aguas residuales\" \/>\n<meta name=\"robots\" content=\"index, follow, max-snippet:-1, max-image-preview:large, max-video-preview:-1\" \/>\n<link rel=\"canonical\" href=\"https:\/\/viogescolombia.com\/esp\/producto\/interruptor-de-agua-potable-certificado\/\" \/>\n<meta property=\"og:locale\" content=\"es_ES\" \/>\n<meta property=\"og:type\" content=\"article\" \/>\n<meta property=\"og:title\" content=\"Interruptor de agua potable certificado - Vioges Colombia plantas de tratamiento de agua industrial\" \/>\n<meta property=\"og:description\" content=\"Interruptor de agua potable certificado - Vioges Colombia plantas de tratamiento de agua industrial - Ingeniar\u00eda para el tratamiento de aguas residuales, plantas de tratamiento de agua en Colombia\" \/>\n<meta property=\"og:url\" content=\"https:\/\/viogescolombia.com\/esp\/producto\/interruptor-de-agua-potable-certificado\/\" \/>\n<meta property=\"og:site_name\" content=\"Vioges Colombia plantas de tratamiento de agua industrial\" \/>\n<meta property=\"article:modified_time\" content=\"2024-08-30T14:36:37+00:00\" \/>\n<meta property=\"og:image\" content=\"https:\/\/viogescolombia.com\/wp-content\/uploads\/2024\/08\/Presentacion-sin-titulo-3.jpg\" \/>\n\t<meta property=\"og:image:width\" content=\"944\" \/>\n\t<meta property=\"og:image:height\" content=\"944\" \/>\n\t<meta property=\"og:image:type\" content=\"image\/jpeg\" \/>\n<meta name=\"twitter:card\" content=\"summary_large_image\" \/>\n<meta name=\"twitter:label1\" content=\"Precio\" \/>\n\t<meta name=\"twitter:data1\" content=\"\" \/>\n\t<meta name=\"twitter:label2\" content=\"Disponibilidad\" \/>\n\t<meta name=\"twitter:data2\" content=\"Disponible\" \/>\n<script type=\"application\/ld+json\" class=\"yoast-schema-graph\">{\"@context\":\"https:\\\/\\\/schema.org\",\"@graph\":[{\"@type\":\"WebPage\",\"@id\":\"https:\\\/\\\/viogescolombia.com\\\/producto\\\/interruptor-de-agua-potable-certificado\\\/\",\"url\":\"https:\\\/\\\/viogescolombia.com\\\/producto\\\/interruptor-de-agua-potable-certificado\\\/\",\"name\":\"Interruptor de agua potable certificado - Vioges Colombia plantas de tratamiento de agua industrial\",\"isPartOf\":{\"@id\":\"https:\\\/\\\/viogescolombia.com\\\/#website\"},\"primaryImageOfPage\":{\"@id\":\"https:\\\/\\\/viogescolombia.com\\\/producto\\\/interruptor-de-agua-potable-certificado\\\/#primaryimage\"},\"image\":{\"@id\":\"https:\\\/\\\/viogescolombia.com\\\/producto\\\/interruptor-de-agua-potable-certificado\\\/#primaryimage\"},\"thumbnailUrl\":\"https:\\\/\\\/viogescolombia.com\\\/wp-content\\\/uploads\\\/2024\\\/08\\\/Presentacion-sin-titulo-3.jpg\",\"datePublished\":\"2024-08-30T14:35:22+00:00\",\"dateModified\":\"2024-08-30T14:36:37+00:00\",\"description\":\"Interruptor de agua potable certificado - Vioges Colombia plantas de tratamiento de agua industrial - Ingeniar\u00eda para el tratamiento de aguas residuales\",\"breadcrumb\":{\"@id\":\"https:\\\/\\\/viogescolombia.com\\\/producto\\\/interruptor-de-agua-potable-certificado\\\/#breadcrumb\"},\"inLanguage\":\"es\",\"potentialAction\":[{\"@type\":\"ReadAction\",\"target\":[\"https:\\\/\\\/viogescolombia.com\\\/producto\\\/interruptor-de-agua-potable-certificado\\\/\"]}]},{\"@type\":\"ImageObject\",\"inLanguage\":\"es\",\"@id\":\"https:\\\/\\\/viogescolombia.com\\\/producto\\\/interruptor-de-agua-potable-certificado\\\/#primaryimage\",\"url\":\"https:\\\/\\\/viogescolombia.com\\\/wp-content\\\/uploads\\\/2024\\\/08\\\/Presentacion-sin-titulo-3.jpg\",\"contentUrl\":\"https:\\\/\\\/viogescolombia.com\\\/wp-content\\\/uploads\\\/2024\\\/08\\\/Presentacion-sin-titulo-3.jpg\",\"width\":944,\"height\":944},{\"@type\":\"BreadcrumbList\",\"@id\":\"https:\\\/\\\/viogescolombia.com\\\/producto\\\/interruptor-de-agua-potable-certificado\\\/#breadcrumb\",\"itemListElement\":[{\"@type\":\"ListItem\",\"position\":1,\"name\":\"Vioges\",\"item\":\"https:\\\/\\\/viogescolombia.com\\\/\"},{\"@type\":\"ListItem\",\"position\":2,\"name\":\"Tienda Vioges\",\"item\":\"https:\\\/\\\/viogescolombia.com\\\/esp\\\/tienda-vioges\\\/\"},{\"@type\":\"ListItem\",\"position\":3,\"name\":\"Interruptor de agua potable certificado\"}]},{\"@type\":\"WebSite\",\"@id\":\"https:\\\/\\\/viogescolombia.com\\\/#website\",\"url\":\"https:\\\/\\\/viogescolombia.com\\\/\",\"name\":\"Vioges Ingenier\u00eda - Plantas de tratamiento de agua\",\"description\":\"Plantas y accesorios para el tratamiento de agua\",\"publisher\":{\"@id\":\"https:\\\/\\\/viogescolombia.com\\\/#organization\"},\"alternateName\":\"Vioges - Tratamiento de agua\",\"potentialAction\":[{\"@type\":\"SearchAction\",\"target\":{\"@type\":\"EntryPoint\",\"urlTemplate\":\"https:\\\/\\\/viogescolombia.com\\\/?s={search_term_string}\"},\"query-input\":{\"@type\":\"PropertyValueSpecification\",\"valueRequired\":true,\"valueName\":\"search_term_string\"}}],\"inLanguage\":\"es\"},{\"@type\":\"Organization\",\"@id\":\"https:\\\/\\\/viogescolombia.com\\\/#organization\",\"name\":\"Vioges Ingenier\u00eda SAS\",\"alternateName\":\"Vioges Plantas para el tratamiento de agua\",\"url\":\"https:\\\/\\\/viogescolombia.com\\\/\",\"logo\":{\"@type\":\"ImageObject\",\"inLanguage\":\"es\",\"@id\":\"https:\\\/\\\/viogescolombia.com\\\/#\\\/schema\\\/logo\\\/image\\\/\",\"url\":\"https:\\\/\\\/viogescolombia.com\\\/wp-content\\\/uploads\\\/2024\\\/07\\\/logo-Vioges.webp\",\"contentUrl\":\"https:\\\/\\\/viogescolombia.com\\\/wp-content\\\/uploads\\\/2024\\\/07\\\/logo-Vioges.webp\",\"width\":900,\"height\":402,\"caption\":\"Vioges Ingenier\u00eda SAS\"},\"image\":{\"@id\":\"https:\\\/\\\/viogescolombia.com\\\/#\\\/schema\\\/logo\\\/image\\\/\"},\"description\":\"Vioges Colombia es una empresa l\u00edder en el dise\u00f1o, construcci\u00f3n, operaci\u00f3n y mantenimiento de plantas de tratamiento de agua. Con m\u00e1s de 20 a\u00f1os de experiencia en el sector p\u00fablico y privado, su equipo de ingenieros y especialistas desarrolla soluciones integrales, inteligentes y ambientalmente sostenibles para cada desaf\u00edo a lo largo del ciclo del agua. Comprometidos con la innovaci\u00f3n, la calidad y el respeto al medio ambiente, en Vioges Colombia se trabaja d\u00eda a d\u00eda para optimizar procesos y garantizar agua de la m\u00e1s alta calidad, adapt\u00e1ndose a las normativas vigentes y a las necesidades particulares de cada cliente.\",\"email\":\"contacto@viogescolombia.com\",\"telephone\":\"(601) 756 0026\",\"legalName\":\"Vioges Ingenieria SAS\",\"numberOfEmployees\":{\"@type\":\"QuantitativeValue\",\"minValue\":\"1\",\"maxValue\":\"10\"}}]}<\/script>\n<meta property=\"product:price:currency\" content=\"COP\" \/>\n<meta property=\"og:availability\" content=\"instock\" \/>\n<meta property=\"product:availability\" content=\"instock\" \/>\n<meta property=\"product:condition\" content=\"new\" \/>\n<!-- \/ Yoast SEO Premium plugin. -->","yoast_head_json":{"title":"Interruptor de agua potable certificado - Vioges Colombia plantas de tratamiento de agua industrial","description":"Interruptor de agua potable certificado - Vioges Colombia plantas de tratamiento de agua industrial - Ingeniar\u00eda para el tratamiento de aguas residuales","robots":{"index":"index","follow":"follow","max-snippet":"max-snippet:-1","max-image-preview":"max-image-preview:large","max-video-preview":"max-video-preview:-1"},"canonical":"https:\/\/viogescolombia.com\/esp\/producto\/interruptor-de-agua-potable-certificado\/","og_locale":"es_ES","og_type":"article","og_title":"Interruptor de agua potable certificado - Vioges Colombia plantas de tratamiento de agua industrial","og_description":"Interruptor de agua potable certificado - Vioges Colombia plantas de tratamiento de agua industrial - Ingeniar\u00eda para el tratamiento de aguas residuales, plantas de tratamiento de agua en Colombia","og_url":"https:\/\/viogescolombia.com\/esp\/producto\/interruptor-de-agua-potable-certificado\/","og_site_name":"Vioges Colombia plantas de tratamiento de agua industrial","article_modified_time":"2024-08-30T14:36:37+00:00","og_image":[{"width":944,"height":944,"url":"https:\/\/viogescolombia.com\/wp-content\/uploads\/2024\/08\/Presentacion-sin-titulo-3.jpg","type":"image\/jpeg"}],"twitter_card":"summary_large_image","twitter_misc":{"Precio":"","Disponibilidad":"Disponible"},"schema":{"@context":"https:\/\/schema.org","@graph":[{"@type":"WebPage","@id":"https:\/\/viogescolombia.com\/producto\/interruptor-de-agua-potable-certificado\/","url":"https:\/\/viogescolombia.com\/producto\/interruptor-de-agua-potable-certificado\/","name":"Interruptor de agua potable certificado - Vioges Colombia plantas de tratamiento de agua industrial","isPartOf":{"@id":"https:\/\/viogescolombia.com\/#website"},"primaryImageOfPage":{"@id":"https:\/\/viogescolombia.com\/producto\/interruptor-de-agua-potable-certificado\/#primaryimage"},"image":{"@id":"https:\/\/viogescolombia.com\/producto\/interruptor-de-agua-potable-certificado\/#primaryimage"},"thumbnailUrl":"https:\/\/viogescolombia.com\/wp-content\/uploads\/2024\/08\/Presentacion-sin-titulo-3.jpg","datePublished":"2024-08-30T14:35:22+00:00","dateModified":"2024-08-30T14:36:37+00:00","description":"Interruptor de agua potable certificado - Vioges Colombia plantas de tratamiento de agua industrial - Ingeniar\u00eda para el tratamiento de aguas residuales","breadcrumb":{"@id":"https:\/\/viogescolombia.com\/producto\/interruptor-de-agua-potable-certificado\/#breadcrumb"},"inLanguage":"es","potentialAction":[{"@type":"ReadAction","target":["https:\/\/viogescolombia.com\/producto\/interruptor-de-agua-potable-certificado\/"]}]},{"@type":"ImageObject","inLanguage":"es","@id":"https:\/\/viogescolombia.com\/producto\/interruptor-de-agua-potable-certificado\/#primaryimage","url":"https:\/\/viogescolombia.com\/wp-content\/uploads\/2024\/08\/Presentacion-sin-titulo-3.jpg","contentUrl":"https:\/\/viogescolombia.com\/wp-content\/uploads\/2024\/08\/Presentacion-sin-titulo-3.jpg","width":944,"height":944},{"@type":"BreadcrumbList","@id":"https:\/\/viogescolombia.com\/producto\/interruptor-de-agua-potable-certificado\/#breadcrumb","itemListElement":[{"@type":"ListItem","position":1,"name":"Vioges","item":"https:\/\/viogescolombia.com\/"},{"@type":"ListItem","position":2,"name":"Tienda Vioges","item":"https:\/\/viogescolombia.com\/esp\/tienda-vioges\/"},{"@type":"ListItem","position":3,"name":"Interruptor de agua potable certificado"}]},{"@type":"WebSite","@id":"https:\/\/viogescolombia.com\/#website","url":"https:\/\/viogescolombia.com\/","name":"Vioges Ingenier\u00eda - Plantas de tratamiento de agua","description":"Plantas y accesorios para el tratamiento de agua","publisher":{"@id":"https:\/\/viogescolombia.com\/#organization"},"alternateName":"Vioges - Tratamiento de agua","potentialAction":[{"@type":"SearchAction","target":{"@type":"EntryPoint","urlTemplate":"https:\/\/viogescolombia.com\/?s={search_term_string}"},"query-input":{"@type":"PropertyValueSpecification","valueRequired":true,"valueName":"search_term_string"}}],"inLanguage":"es"},{"@type":"Organization","@id":"https:\/\/viogescolombia.com\/#organization","name":"Vioges Ingenier\u00eda SAS","alternateName":"Vioges Plantas para el tratamiento de agua","url":"https:\/\/viogescolombia.com\/","logo":{"@type":"ImageObject","inLanguage":"es","@id":"https:\/\/viogescolombia.com\/#\/schema\/logo\/image\/","url":"https:\/\/viogescolombia.com\/wp-content\/uploads\/2024\/07\/logo-Vioges.webp","contentUrl":"https:\/\/viogescolombia.com\/wp-content\/uploads\/2024\/07\/logo-Vioges.webp","width":900,"height":402,"caption":"Vioges Ingenier\u00eda SAS"},"image":{"@id":"https:\/\/viogescolombia.com\/#\/schema\/logo\/image\/"},"description":"Vioges Colombia es una empresa l\u00edder en el dise\u00f1o, construcci\u00f3n, operaci\u00f3n y mantenimiento de plantas de tratamiento de agua. Con m\u00e1s de 20 a\u00f1os de experiencia en el sector p\u00fablico y privado, su equipo de ingenieros y especialistas desarrolla soluciones integrales, inteligentes y ambientalmente sostenibles para cada desaf\u00edo a lo largo del ciclo del agua. Comprometidos con la innovaci\u00f3n, la calidad y el respeto al medio ambiente, en Vioges Colombia se trabaja d\u00eda a d\u00eda para optimizar procesos y garantizar agua de la m\u00e1s alta calidad, adapt\u00e1ndose a las normativas vigentes y a las necesidades particulares de cada cliente.","email":"contacto@viogescolombia.com","telephone":"(601) 756 0026","legalName":"Vioges Ingenieria SAS","numberOfEmployees":{"@type":"QuantitativeValue","minValue":"1","maxValue":"10"}}]},"product_price_currency":"COP","og_availability":"instock","product_availability":"instock","product_condition":"new"},"_links":{"self":[{"href":"https:\/\/viogescolombia.com\/esp\/wp-json\/wp\/v2\/product\/563","targetHints":{"allow":["GET"]}}],"collection":[{"href":"https:\/\/viogescolombia.com\/esp\/wp-json\/wp\/v2\/product"}],"about":[{"href":"https:\/\/viogescolombia.com\/esp\/wp-json\/wp\/v2\/types\/product"}],"replies":[{"embeddable":true,"href":"https:\/\/viogescolombia.com\/esp\/wp-json\/wp\/v2\/comments?post=563"}],"wp:featuredmedia":[{"embeddable":true,"href":"https:\/\/viogescolombia.com\/esp\/wp-json\/wp\/v2\/media\/565"}],"wp:attachment":[{"href":"https:\/\/viogescolombia.com\/esp\/wp-json\/wp\/v2\/media?parent=563"}],"wp:term":[{"taxonomy":"product_brand","embeddable":true,"href":"https:\/\/viogescolombia.com\/esp\/wp-json\/wp\/v2\/product_brand?post=563"},{"taxonomy":"product_cat","embeddable":true,"href":"https:\/\/viogescolombia.com\/esp\/wp-json\/wp\/v2\/product_cat?post=563"},{"taxonomy":"product_tag","embeddable":true,"href":"https:\/\/viogescolombia.com\/esp\/wp-json\/wp\/v2\/product_tag?post=563"}],"curies":[{"name":"wp","href":"https:\/\/api.w.org\/{rel}","templated":true}]}}