{"id":357,"date":"2024-08-09T14:59:10","date_gmt":"2024-08-09T19:59:10","guid":{"rendered":"https:\/\/viogescolombia.com\/?post_type=product&#038;p=357"},"modified":"2025-02-21T15:13:05","modified_gmt":"2025-02-21T20:13:05","slug":"biodyne-501","status":"publish","type":"product","link":"https:\/\/viogescolombia.com\/esp\/producto\/biodyne-501\/","title":{"rendered":"BIODYNE 501"},"content":{"rendered":"<p>In\u00f3culo microbiol\u00f3gico l\u00edquido compuesto por un consorcio de hongos y cepas bacterianas de vida libre.<\/p>\n","protected":false},"excerpt":{"rendered":"<p>Degradaci\u00f3n de celulosa y pol\u00edmeros relacionados. Degradaci\u00f3n de la quitina y de los pol\u00edmeros relacionados.Degradaci\u00f3n de lignina y muchos de sus productos de degradaci\u00f3n.<\/p>\n","protected":false},"featured_media":360,"comment_status":"open","ping_status":"closed","template":"","meta":{"_joinchat":[]},"product_brand":[],"product_cat":[59],"product_tag":[60],"class_list":{"0":"post-357","1":"product","2":"type-product","3":"status-publish","4":"has-post-thumbnail","6":"product_cat-productos-microbiologicos","7":"product_tag-microbiologicos","9":"first","10":"instock","11":"shipping-taxable","12":"purchasable","13":"product-type-variable"},"yoast_head":"<!-- This site is optimized with the Yoast SEO Premium plugin v24.5 (Yoast SEO v26.1.1) - https:\/\/yoast.com\/wordpress\/plugins\/seo\/ -->\n<title>BIODYNE 501 - Vioges Colombia plantas de tratamiento de agua industrial<\/title>\n<meta name=\"description\" content=\"BIODYNE 501 - Vioges Colombia plantas de tratamiento de agua industrial - Ingeniar\u00eda para el tratamiento de aguas residuales\" \/>\n<meta name=\"robots\" content=\"index, follow, max-snippet:-1, max-image-preview:large, max-video-preview:-1\" \/>\n<link rel=\"canonical\" href=\"https:\/\/viogescolombia.com\/esp\/producto\/biodyne-501\/\" \/>\n<meta property=\"og:locale\" content=\"es_ES\" \/>\n<meta property=\"og:type\" content=\"article\" \/>\n<meta property=\"og:title\" content=\"BIODYNE 501 - Vioges Colombia plantas de tratamiento de agua industrial\" \/>\n<meta property=\"og:description\" content=\"BIODYNE 501 - Vioges Colombia plantas de tratamiento de agua industrial - Ingeniar\u00eda para el tratamiento de aguas residuales, plantas de tratamiento de agua en Colombia\" \/>\n<meta property=\"og:url\" content=\"https:\/\/viogescolombia.com\/esp\/producto\/biodyne-501\/\" \/>\n<meta property=\"og:site_name\" content=\"Vioges Colombia plantas de tratamiento de agua industrial\" \/>\n<meta property=\"article:modified_time\" content=\"2025-02-21T20:13:05+00:00\" \/>\n<meta property=\"og:image\" content=\"https:\/\/viogescolombia.com\/wp-content\/uploads\/2024\/08\/descarga-1.jpeg\" \/>\n\t<meta property=\"og:image:width\" content=\"197\" \/>\n\t<meta property=\"og:image:height\" content=\"256\" \/>\n\t<meta property=\"og:image:type\" content=\"image\/jpeg\" \/>\n<meta name=\"twitter:card\" content=\"summary_large_image\" \/>\n<meta name=\"twitter:label1\" content=\"Disponibilidad\" \/>\n\t<meta name=\"twitter:data1\" content=\"Disponible\" \/>\n<script type=\"application\/ld+json\" class=\"yoast-schema-graph\">{\"@context\":\"https:\/\/schema.org\",\"@graph\":[{\"@type\":\"WebPage\",\"@id\":\"https:\/\/viogescolombia.com\/producto\/biodyne-501\/\",\"url\":\"https:\/\/viogescolombia.com\/producto\/biodyne-501\/\",\"name\":\"BIODYNE 501 - Vioges Colombia plantas de tratamiento de agua industrial\",\"isPartOf\":{\"@id\":\"https:\/\/viogescolombia.com\/#website\"},\"primaryImageOfPage\":{\"@id\":\"https:\/\/viogescolombia.com\/producto\/biodyne-501\/#primaryimage\"},\"image\":{\"@id\":\"https:\/\/viogescolombia.com\/producto\/biodyne-501\/#primaryimage\"},\"thumbnailUrl\":\"https:\/\/viogescolombia.com\/wp-content\/uploads\/2024\/08\/descarga-1.jpeg\",\"datePublished\":\"2024-08-09T19:59:10+00:00\",\"dateModified\":\"2025-02-21T20:13:05+00:00\",\"description\":\"BIODYNE 501 - Vioges Colombia plantas de tratamiento de agua industrial - Ingeniar\u00eda para el tratamiento de aguas residuales\",\"breadcrumb\":{\"@id\":\"https:\/\/viogescolombia.com\/producto\/biodyne-501\/#breadcrumb\"},\"inLanguage\":\"es\",\"potentialAction\":[{\"@type\":\"ReadAction\",\"target\":[\"https:\/\/viogescolombia.com\/producto\/biodyne-501\/\"]}]},{\"@type\":\"ImageObject\",\"inLanguage\":\"es\",\"@id\":\"https:\/\/viogescolombia.com\/producto\/biodyne-501\/#primaryimage\",\"url\":\"https:\/\/viogescolombia.com\/wp-content\/uploads\/2024\/08\/descarga-1.jpeg\",\"contentUrl\":\"https:\/\/viogescolombia.com\/wp-content\/uploads\/2024\/08\/descarga-1.jpeg\",\"width\":197,\"height\":256},{\"@type\":\"BreadcrumbList\",\"@id\":\"https:\/\/viogescolombia.com\/producto\/biodyne-501\/#breadcrumb\",\"itemListElement\":[{\"@type\":\"ListItem\",\"position\":1,\"name\":\"Vioges\",\"item\":\"https:\/\/viogescolombia.com\/\"},{\"@type\":\"ListItem\",\"position\":2,\"name\":\"Tienda Vioges\",\"item\":\"https:\/\/viogescolombia.com\/esp\/tienda-vioges\/\"},{\"@type\":\"ListItem\",\"position\":3,\"name\":\"BIODYNE 501\"}]},{\"@type\":\"WebSite\",\"@id\":\"https:\/\/viogescolombia.com\/#website\",\"url\":\"https:\/\/viogescolombia.com\/\",\"name\":\"Vioges Ingenier\u00eda - Plantas de tratamiento de agua\",\"description\":\"Plantas y accesorios para el tratamiento de agua\",\"publisher\":{\"@id\":\"https:\/\/viogescolombia.com\/#organization\"},\"alternateName\":\"Vioges - Tratamiento de agua\",\"potentialAction\":[{\"@type\":\"SearchAction\",\"target\":{\"@type\":\"EntryPoint\",\"urlTemplate\":\"https:\/\/viogescolombia.com\/?s={search_term_string}\"},\"query-input\":{\"@type\":\"PropertyValueSpecification\",\"valueRequired\":true,\"valueName\":\"search_term_string\"}}],\"inLanguage\":\"es\"},{\"@type\":\"Organization\",\"@id\":\"https:\/\/viogescolombia.com\/#organization\",\"name\":\"Vioges Ingenier\u00eda SAS\",\"alternateName\":\"Vioges Plantas para el tratamiento de agua\",\"url\":\"https:\/\/viogescolombia.com\/\",\"logo\":{\"@type\":\"ImageObject\",\"inLanguage\":\"es\",\"@id\":\"https:\/\/viogescolombia.com\/#\/schema\/logo\/image\/\",\"url\":\"https:\/\/viogescolombia.com\/wp-content\/uploads\/2024\/07\/logo-Vioges.webp\",\"contentUrl\":\"https:\/\/viogescolombia.com\/wp-content\/uploads\/2024\/07\/logo-Vioges.webp\",\"width\":900,\"height\":402,\"caption\":\"Vioges Ingenier\u00eda SAS\"},\"image\":{\"@id\":\"https:\/\/viogescolombia.com\/#\/schema\/logo\/image\/\"},\"description\":\"Vioges Colombia es una empresa l\u00edder en el dise\u00f1o, construcci\u00f3n, operaci\u00f3n y mantenimiento de plantas de tratamiento de agua. Con m\u00e1s de 20 a\u00f1os de experiencia en el sector p\u00fablico y privado, su equipo de ingenieros y especialistas desarrolla soluciones integrales, inteligentes y ambientalmente sostenibles para cada desaf\u00edo a lo largo del ciclo del agua. Comprometidos con la innovaci\u00f3n, la calidad y el respeto al medio ambiente, en Vioges Colombia se trabaja d\u00eda a d\u00eda para optimizar procesos y garantizar agua de la m\u00e1s alta calidad, adapt\u00e1ndose a las normativas vigentes y a las necesidades particulares de cada cliente.\",\"email\":\"contacto@viogescolombia.com\",\"telephone\":\"(601) 756 0026\",\"legalName\":\"Vioges Ingenieria SAS\",\"numberOfEmployees\":{\"@type\":\"QuantitativeValue\",\"minValue\":\"1\",\"maxValue\":\"10\"}}]}<\/script>\n<meta property=\"og:availability\" content=\"instock\" \/>\n<meta property=\"product:availability\" content=\"instock\" \/>\n<meta property=\"product:retailer_item_id\" content=\"PQ-VIO-205\" \/>\n<meta property=\"product:condition\" content=\"new\" \/>\n<!-- \/ Yoast SEO Premium plugin. -->","yoast_head_json":{"title":"BIODYNE 501 - Vioges Colombia plantas de tratamiento de agua industrial","description":"BIODYNE 501 - Vioges Colombia plantas de tratamiento de agua industrial - Ingeniar\u00eda para el tratamiento de aguas residuales","robots":{"index":"index","follow":"follow","max-snippet":"max-snippet:-1","max-image-preview":"max-image-preview:large","max-video-preview":"max-video-preview:-1"},"canonical":"https:\/\/viogescolombia.com\/esp\/producto\/biodyne-501\/","og_locale":"es_ES","og_type":"article","og_title":"BIODYNE 501 - Vioges Colombia plantas de tratamiento de agua industrial","og_description":"BIODYNE 501 - Vioges Colombia plantas de tratamiento de agua industrial - Ingeniar\u00eda para el tratamiento de aguas residuales, plantas de tratamiento de agua en Colombia","og_url":"https:\/\/viogescolombia.com\/esp\/producto\/biodyne-501\/","og_site_name":"Vioges Colombia plantas de tratamiento de agua industrial","article_modified_time":"2025-02-21T20:13:05+00:00","og_image":[{"width":197,"height":256,"url":"https:\/\/viogescolombia.com\/wp-content\/uploads\/2024\/08\/descarga-1.jpeg","type":"image\/jpeg"}],"twitter_card":"summary_large_image","twitter_misc":{"Disponibilidad":"Disponible"},"schema":{"@context":"https:\/\/schema.org","@graph":[{"@type":"WebPage","@id":"https:\/\/viogescolombia.com\/producto\/biodyne-501\/","url":"https:\/\/viogescolombia.com\/producto\/biodyne-501\/","name":"BIODYNE 501 - Vioges Colombia plantas de tratamiento de agua industrial","isPartOf":{"@id":"https:\/\/viogescolombia.com\/#website"},"primaryImageOfPage":{"@id":"https:\/\/viogescolombia.com\/producto\/biodyne-501\/#primaryimage"},"image":{"@id":"https:\/\/viogescolombia.com\/producto\/biodyne-501\/#primaryimage"},"thumbnailUrl":"https:\/\/viogescolombia.com\/wp-content\/uploads\/2024\/08\/descarga-1.jpeg","datePublished":"2024-08-09T19:59:10+00:00","dateModified":"2025-02-21T20:13:05+00:00","description":"BIODYNE 501 - Vioges Colombia plantas de tratamiento de agua industrial - Ingeniar\u00eda para el tratamiento de aguas residuales","breadcrumb":{"@id":"https:\/\/viogescolombia.com\/producto\/biodyne-501\/#breadcrumb"},"inLanguage":"es","potentialAction":[{"@type":"ReadAction","target":["https:\/\/viogescolombia.com\/producto\/biodyne-501\/"]}]},{"@type":"ImageObject","inLanguage":"es","@id":"https:\/\/viogescolombia.com\/producto\/biodyne-501\/#primaryimage","url":"https:\/\/viogescolombia.com\/wp-content\/uploads\/2024\/08\/descarga-1.jpeg","contentUrl":"https:\/\/viogescolombia.com\/wp-content\/uploads\/2024\/08\/descarga-1.jpeg","width":197,"height":256},{"@type":"BreadcrumbList","@id":"https:\/\/viogescolombia.com\/producto\/biodyne-501\/#breadcrumb","itemListElement":[{"@type":"ListItem","position":1,"name":"Vioges","item":"https:\/\/viogescolombia.com\/"},{"@type":"ListItem","position":2,"name":"Tienda Vioges","item":"https:\/\/viogescolombia.com\/esp\/tienda-vioges\/"},{"@type":"ListItem","position":3,"name":"BIODYNE 501"}]},{"@type":"WebSite","@id":"https:\/\/viogescolombia.com\/#website","url":"https:\/\/viogescolombia.com\/","name":"Vioges Ingenier\u00eda - Plantas de tratamiento de agua","description":"Plantas y accesorios para el tratamiento de agua","publisher":{"@id":"https:\/\/viogescolombia.com\/#organization"},"alternateName":"Vioges - Tratamiento de agua","potentialAction":[{"@type":"SearchAction","target":{"@type":"EntryPoint","urlTemplate":"https:\/\/viogescolombia.com\/?s={search_term_string}"},"query-input":{"@type":"PropertyValueSpecification","valueRequired":true,"valueName":"search_term_string"}}],"inLanguage":"es"},{"@type":"Organization","@id":"https:\/\/viogescolombia.com\/#organization","name":"Vioges Ingenier\u00eda SAS","alternateName":"Vioges Plantas para el tratamiento de agua","url":"https:\/\/viogescolombia.com\/","logo":{"@type":"ImageObject","inLanguage":"es","@id":"https:\/\/viogescolombia.com\/#\/schema\/logo\/image\/","url":"https:\/\/viogescolombia.com\/wp-content\/uploads\/2024\/07\/logo-Vioges.webp","contentUrl":"https:\/\/viogescolombia.com\/wp-content\/uploads\/2024\/07\/logo-Vioges.webp","width":900,"height":402,"caption":"Vioges Ingenier\u00eda SAS"},"image":{"@id":"https:\/\/viogescolombia.com\/#\/schema\/logo\/image\/"},"description":"Vioges Colombia es una empresa l\u00edder en el dise\u00f1o, construcci\u00f3n, operaci\u00f3n y mantenimiento de plantas de tratamiento de agua. Con m\u00e1s de 20 a\u00f1os de experiencia en el sector p\u00fablico y privado, su equipo de ingenieros y especialistas desarrolla soluciones integrales, inteligentes y ambientalmente sostenibles para cada desaf\u00edo a lo largo del ciclo del agua. Comprometidos con la innovaci\u00f3n, la calidad y el respeto al medio ambiente, en Vioges Colombia se trabaja d\u00eda a d\u00eda para optimizar procesos y garantizar agua de la m\u00e1s alta calidad, adapt\u00e1ndose a las normativas vigentes y a las necesidades particulares de cada cliente.","email":"contacto@viogescolombia.com","telephone":"(601) 756 0026","legalName":"Vioges Ingenieria SAS","numberOfEmployees":{"@type":"QuantitativeValue","minValue":"1","maxValue":"10"}}]},"og_availability":"instock","product_availability":"instock","product_retailer_item_id":"PQ-VIO-205","product_condition":"new"},"_links":{"self":[{"href":"https:\/\/viogescolombia.com\/esp\/wp-json\/wp\/v2\/product\/357","targetHints":{"allow":["GET"]}}],"collection":[{"href":"https:\/\/viogescolombia.com\/esp\/wp-json\/wp\/v2\/product"}],"about":[{"href":"https:\/\/viogescolombia.com\/esp\/wp-json\/wp\/v2\/types\/product"}],"replies":[{"embeddable":true,"href":"https:\/\/viogescolombia.com\/esp\/wp-json\/wp\/v2\/comments?post=357"}],"wp:featuredmedia":[{"embeddable":true,"href":"https:\/\/viogescolombia.com\/esp\/wp-json\/wp\/v2\/media\/360"}],"wp:attachment":[{"href":"https:\/\/viogescolombia.com\/esp\/wp-json\/wp\/v2\/media?parent=357"}],"wp:term":[{"taxonomy":"product_brand","embeddable":true,"href":"https:\/\/viogescolombia.com\/esp\/wp-json\/wp\/v2\/product_brand?post=357"},{"taxonomy":"product_cat","embeddable":true,"href":"https:\/\/viogescolombia.com\/esp\/wp-json\/wp\/v2\/product_cat?post=357"},{"taxonomy":"product_tag","embeddable":true,"href":"https:\/\/viogescolombia.com\/esp\/wp-json\/wp\/v2\/product_tag?post=357"}],"curies":[{"name":"wp","href":"https:\/\/api.w.org\/{rel}","templated":true}]}}