{"id":333,"date":"2024-08-06T18:42:00","date_gmt":"2024-08-06T23:42:00","guid":{"rendered":"https:\/\/viogescolombia.com\/?post_type=product&#038;p=333"},"modified":"2024-08-06T18:42:00","modified_gmt":"2024-08-06T23:42:00","slug":"silicona-antiespumante","status":"publish","type":"product","link":"https:\/\/viogescolombia.com\/esp\/producto\/silicona-antiespumante\/","title":{"rendered":"SILICONA ANTIESPUMANTE"},"content":{"rendered":"<p>Los antiespumantes son agentes de control de la espuma que se usan para aumentar la eficiencia de los procesos, mejorar la calidad de los productos finales, reducir el desperdicio, el consumo de energ\u00eda y facilitar el reciclaje entre otras en industrias como pulpa, cuidado de cultivos, petr\u00f3leo, gas, tratamiento de aguas, cuidados en el hogar, textil, cuero, alimentos, reciclaje de pl\u00e1stico, procesamiento de grasas, etc.<\/p>\n","protected":false},"excerpt":{"rendered":"<p>Transporte hasta las instalaciones del cliente \/ Asesor\u00eda t\u00e9cnica en la formulaci\u00f3n y dosificaci\u00f3n<\/p>\n","protected":false},"featured_media":336,"comment_status":"open","ping_status":"closed","template":"","meta":{"_joinchat":[]},"product_brand":[],"product_cat":[28],"product_tag":[34],"class_list":{"0":"post-333","1":"product","2":"type-product","3":"status-publish","4":"has-post-thumbnail","6":"product_cat-productos-quimicos-para-el-tratamiento-de-agua","7":"product_tag-quimicos","9":"first","10":"instock","11":"shipping-taxable","12":"purchasable","13":"product-type-variable"},"yoast_head":"<!-- This site is optimized with the Yoast SEO Premium plugin v24.5 (Yoast SEO v26.1.1) - https:\/\/yoast.com\/wordpress\/plugins\/seo\/ -->\n<title>SILICONA ANTIESPUMANTE - Vioges Colombia plantas de tratamiento de agua industrial<\/title>\n<meta name=\"description\" content=\"SILICONA ANTIESPUMANTE - Vioges Colombia plantas de tratamiento de agua industrial - Ingeniar\u00eda para el tratamiento de aguas residuales\" \/>\n<meta name=\"robots\" content=\"index, follow, max-snippet:-1, max-image-preview:large, max-video-preview:-1\" \/>\n<link rel=\"canonical\" href=\"https:\/\/viogescolombia.com\/esp\/producto\/silicona-antiespumante\/\" \/>\n<meta property=\"og:locale\" content=\"es_ES\" \/>\n<meta property=\"og:type\" content=\"article\" \/>\n<meta property=\"og:title\" content=\"SILICONA ANTIESPUMANTE - Vioges Colombia plantas de tratamiento de agua industrial\" \/>\n<meta property=\"og:description\" content=\"SILICONA ANTIESPUMANTE - Vioges Colombia plantas de tratamiento de agua industrial - Ingeniar\u00eda para el tratamiento de aguas residuales, plantas de tratamiento de agua en Colombia\" \/>\n<meta property=\"og:url\" content=\"https:\/\/viogescolombia.com\/esp\/producto\/silicona-antiespumante\/\" \/>\n<meta property=\"og:site_name\" content=\"Vioges Colombia plantas de tratamiento de agua industrial\" \/>\n<meta property=\"og:image\" content=\"https:\/\/viogescolombia.com\/wp-content\/uploads\/2024\/08\/107743_silicon_anti_foaming-agent107743_silicon_anti_foaming-agent-ALL.jpg\" \/>\n\t<meta property=\"og:image:width\" content=\"600\" \/>\n\t<meta property=\"og:image:height\" content=\"492\" \/>\n\t<meta property=\"og:image:type\" content=\"image\/jpeg\" \/>\n<meta name=\"twitter:card\" content=\"summary_large_image\" \/>\n<meta name=\"twitter:label1\" content=\"Disponibilidad\" \/>\n\t<meta name=\"twitter:data1\" content=\"Disponible\" \/>\n<script type=\"application\/ld+json\" class=\"yoast-schema-graph\">{\"@context\":\"https:\/\/schema.org\",\"@graph\":[{\"@type\":\"WebPage\",\"@id\":\"https:\/\/viogescolombia.com\/producto\/silicona-antiespumante\/\",\"url\":\"https:\/\/viogescolombia.com\/producto\/silicona-antiespumante\/\",\"name\":\"SILICONA ANTIESPUMANTE - Vioges Colombia plantas de tratamiento de agua industrial\",\"isPartOf\":{\"@id\":\"https:\/\/viogescolombia.com\/#website\"},\"primaryImageOfPage\":{\"@id\":\"https:\/\/viogescolombia.com\/producto\/silicona-antiespumante\/#primaryimage\"},\"image\":{\"@id\":\"https:\/\/viogescolombia.com\/producto\/silicona-antiespumante\/#primaryimage\"},\"thumbnailUrl\":\"https:\/\/viogescolombia.com\/wp-content\/uploads\/2024\/08\/107743_silicon_anti_foaming-agent107743_silicon_anti_foaming-agent-ALL.jpg\",\"datePublished\":\"2024-08-06T23:42:00+00:00\",\"description\":\"SILICONA ANTIESPUMANTE - Vioges Colombia plantas de tratamiento de agua industrial - Ingeniar\u00eda para el tratamiento de aguas residuales\",\"breadcrumb\":{\"@id\":\"https:\/\/viogescolombia.com\/producto\/silicona-antiespumante\/#breadcrumb\"},\"inLanguage\":\"es\",\"potentialAction\":[{\"@type\":\"ReadAction\",\"target\":[\"https:\/\/viogescolombia.com\/producto\/silicona-antiespumante\/\"]}]},{\"@type\":\"ImageObject\",\"inLanguage\":\"es\",\"@id\":\"https:\/\/viogescolombia.com\/producto\/silicona-antiespumante\/#primaryimage\",\"url\":\"https:\/\/viogescolombia.com\/wp-content\/uploads\/2024\/08\/107743_silicon_anti_foaming-agent107743_silicon_anti_foaming-agent-ALL.jpg\",\"contentUrl\":\"https:\/\/viogescolombia.com\/wp-content\/uploads\/2024\/08\/107743_silicon_anti_foaming-agent107743_silicon_anti_foaming-agent-ALL.jpg\",\"width\":600,\"height\":492},{\"@type\":\"BreadcrumbList\",\"@id\":\"https:\/\/viogescolombia.com\/producto\/silicona-antiespumante\/#breadcrumb\",\"itemListElement\":[{\"@type\":\"ListItem\",\"position\":1,\"name\":\"Vioges\",\"item\":\"https:\/\/viogescolombia.com\/\"},{\"@type\":\"ListItem\",\"position\":2,\"name\":\"Tienda Vioges\",\"item\":\"https:\/\/viogescolombia.com\/esp\/tienda-vioges\/\"},{\"@type\":\"ListItem\",\"position\":3,\"name\":\"SILICONA ANTIESPUMANTE\"}]},{\"@type\":\"WebSite\",\"@id\":\"https:\/\/viogescolombia.com\/#website\",\"url\":\"https:\/\/viogescolombia.com\/\",\"name\":\"Vioges Ingenier\u00eda - Plantas de tratamiento de agua\",\"description\":\"Plantas y accesorios para el tratamiento de agua\",\"publisher\":{\"@id\":\"https:\/\/viogescolombia.com\/#organization\"},\"alternateName\":\"Vioges - Tratamiento de agua\",\"potentialAction\":[{\"@type\":\"SearchAction\",\"target\":{\"@type\":\"EntryPoint\",\"urlTemplate\":\"https:\/\/viogescolombia.com\/?s={search_term_string}\"},\"query-input\":{\"@type\":\"PropertyValueSpecification\",\"valueRequired\":true,\"valueName\":\"search_term_string\"}}],\"inLanguage\":\"es\"},{\"@type\":\"Organization\",\"@id\":\"https:\/\/viogescolombia.com\/#organization\",\"name\":\"Vioges Ingenier\u00eda SAS\",\"alternateName\":\"Vioges Plantas para el tratamiento de agua\",\"url\":\"https:\/\/viogescolombia.com\/\",\"logo\":{\"@type\":\"ImageObject\",\"inLanguage\":\"es\",\"@id\":\"https:\/\/viogescolombia.com\/#\/schema\/logo\/image\/\",\"url\":\"https:\/\/viogescolombia.com\/wp-content\/uploads\/2024\/07\/logo-Vioges.webp\",\"contentUrl\":\"https:\/\/viogescolombia.com\/wp-content\/uploads\/2024\/07\/logo-Vioges.webp\",\"width\":900,\"height\":402,\"caption\":\"Vioges Ingenier\u00eda SAS\"},\"image\":{\"@id\":\"https:\/\/viogescolombia.com\/#\/schema\/logo\/image\/\"},\"description\":\"Vioges Colombia es una empresa l\u00edder en el dise\u00f1o, construcci\u00f3n, operaci\u00f3n y mantenimiento de plantas de tratamiento de agua. Con m\u00e1s de 20 a\u00f1os de experiencia en el sector p\u00fablico y privado, su equipo de ingenieros y especialistas desarrolla soluciones integrales, inteligentes y ambientalmente sostenibles para cada desaf\u00edo a lo largo del ciclo del agua. Comprometidos con la innovaci\u00f3n, la calidad y el respeto al medio ambiente, en Vioges Colombia se trabaja d\u00eda a d\u00eda para optimizar procesos y garantizar agua de la m\u00e1s alta calidad, adapt\u00e1ndose a las normativas vigentes y a las necesidades particulares de cada cliente.\",\"email\":\"contacto@viogescolombia.com\",\"telephone\":\"(601) 756 0026\",\"legalName\":\"Vioges Ingenieria SAS\",\"numberOfEmployees\":{\"@type\":\"QuantitativeValue\",\"minValue\":\"1\",\"maxValue\":\"10\"}}]}<\/script>\n<meta property=\"og:availability\" content=\"instock\" \/>\n<meta property=\"product:availability\" content=\"instock\" \/>\n<meta property=\"product:retailer_item_id\" content=\"PQ-VIO 406\" \/>\n<meta property=\"product:condition\" content=\"new\" \/>\n<!-- \/ Yoast SEO Premium plugin. -->","yoast_head_json":{"title":"SILICONA ANTIESPUMANTE - Vioges Colombia plantas de tratamiento de agua industrial","description":"SILICONA ANTIESPUMANTE - Vioges Colombia plantas de tratamiento de agua industrial - Ingeniar\u00eda para el tratamiento de aguas residuales","robots":{"index":"index","follow":"follow","max-snippet":"max-snippet:-1","max-image-preview":"max-image-preview:large","max-video-preview":"max-video-preview:-1"},"canonical":"https:\/\/viogescolombia.com\/esp\/producto\/silicona-antiespumante\/","og_locale":"es_ES","og_type":"article","og_title":"SILICONA ANTIESPUMANTE - Vioges Colombia plantas de tratamiento de agua industrial","og_description":"SILICONA ANTIESPUMANTE - Vioges Colombia plantas de tratamiento de agua industrial - Ingeniar\u00eda para el tratamiento de aguas residuales, plantas de tratamiento de agua en Colombia","og_url":"https:\/\/viogescolombia.com\/esp\/producto\/silicona-antiespumante\/","og_site_name":"Vioges Colombia plantas de tratamiento de agua industrial","og_image":[{"width":600,"height":492,"url":"https:\/\/viogescolombia.com\/wp-content\/uploads\/2024\/08\/107743_silicon_anti_foaming-agent107743_silicon_anti_foaming-agent-ALL.jpg","type":"image\/jpeg"}],"twitter_card":"summary_large_image","twitter_misc":{"Disponibilidad":"Disponible"},"schema":{"@context":"https:\/\/schema.org","@graph":[{"@type":"WebPage","@id":"https:\/\/viogescolombia.com\/producto\/silicona-antiespumante\/","url":"https:\/\/viogescolombia.com\/producto\/silicona-antiespumante\/","name":"SILICONA ANTIESPUMANTE - Vioges Colombia plantas de tratamiento de agua industrial","isPartOf":{"@id":"https:\/\/viogescolombia.com\/#website"},"primaryImageOfPage":{"@id":"https:\/\/viogescolombia.com\/producto\/silicona-antiespumante\/#primaryimage"},"image":{"@id":"https:\/\/viogescolombia.com\/producto\/silicona-antiespumante\/#primaryimage"},"thumbnailUrl":"https:\/\/viogescolombia.com\/wp-content\/uploads\/2024\/08\/107743_silicon_anti_foaming-agent107743_silicon_anti_foaming-agent-ALL.jpg","datePublished":"2024-08-06T23:42:00+00:00","description":"SILICONA ANTIESPUMANTE - Vioges Colombia plantas de tratamiento de agua industrial - Ingeniar\u00eda para el tratamiento de aguas residuales","breadcrumb":{"@id":"https:\/\/viogescolombia.com\/producto\/silicona-antiespumante\/#breadcrumb"},"inLanguage":"es","potentialAction":[{"@type":"ReadAction","target":["https:\/\/viogescolombia.com\/producto\/silicona-antiespumante\/"]}]},{"@type":"ImageObject","inLanguage":"es","@id":"https:\/\/viogescolombia.com\/producto\/silicona-antiespumante\/#primaryimage","url":"https:\/\/viogescolombia.com\/wp-content\/uploads\/2024\/08\/107743_silicon_anti_foaming-agent107743_silicon_anti_foaming-agent-ALL.jpg","contentUrl":"https:\/\/viogescolombia.com\/wp-content\/uploads\/2024\/08\/107743_silicon_anti_foaming-agent107743_silicon_anti_foaming-agent-ALL.jpg","width":600,"height":492},{"@type":"BreadcrumbList","@id":"https:\/\/viogescolombia.com\/producto\/silicona-antiespumante\/#breadcrumb","itemListElement":[{"@type":"ListItem","position":1,"name":"Vioges","item":"https:\/\/viogescolombia.com\/"},{"@type":"ListItem","position":2,"name":"Tienda Vioges","item":"https:\/\/viogescolombia.com\/esp\/tienda-vioges\/"},{"@type":"ListItem","position":3,"name":"SILICONA ANTIESPUMANTE"}]},{"@type":"WebSite","@id":"https:\/\/viogescolombia.com\/#website","url":"https:\/\/viogescolombia.com\/","name":"Vioges Ingenier\u00eda - Plantas de tratamiento de agua","description":"Plantas y accesorios para el tratamiento de agua","publisher":{"@id":"https:\/\/viogescolombia.com\/#organization"},"alternateName":"Vioges - Tratamiento de agua","potentialAction":[{"@type":"SearchAction","target":{"@type":"EntryPoint","urlTemplate":"https:\/\/viogescolombia.com\/?s={search_term_string}"},"query-input":{"@type":"PropertyValueSpecification","valueRequired":true,"valueName":"search_term_string"}}],"inLanguage":"es"},{"@type":"Organization","@id":"https:\/\/viogescolombia.com\/#organization","name":"Vioges Ingenier\u00eda SAS","alternateName":"Vioges Plantas para el tratamiento de agua","url":"https:\/\/viogescolombia.com\/","logo":{"@type":"ImageObject","inLanguage":"es","@id":"https:\/\/viogescolombia.com\/#\/schema\/logo\/image\/","url":"https:\/\/viogescolombia.com\/wp-content\/uploads\/2024\/07\/logo-Vioges.webp","contentUrl":"https:\/\/viogescolombia.com\/wp-content\/uploads\/2024\/07\/logo-Vioges.webp","width":900,"height":402,"caption":"Vioges Ingenier\u00eda SAS"},"image":{"@id":"https:\/\/viogescolombia.com\/#\/schema\/logo\/image\/"},"description":"Vioges Colombia es una empresa l\u00edder en el dise\u00f1o, construcci\u00f3n, operaci\u00f3n y mantenimiento de plantas de tratamiento de agua. Con m\u00e1s de 20 a\u00f1os de experiencia en el sector p\u00fablico y privado, su equipo de ingenieros y especialistas desarrolla soluciones integrales, inteligentes y ambientalmente sostenibles para cada desaf\u00edo a lo largo del ciclo del agua. Comprometidos con la innovaci\u00f3n, la calidad y el respeto al medio ambiente, en Vioges Colombia se trabaja d\u00eda a d\u00eda para optimizar procesos y garantizar agua de la m\u00e1s alta calidad, adapt\u00e1ndose a las normativas vigentes y a las necesidades particulares de cada cliente.","email":"contacto@viogescolombia.com","telephone":"(601) 756 0026","legalName":"Vioges Ingenieria SAS","numberOfEmployees":{"@type":"QuantitativeValue","minValue":"1","maxValue":"10"}}]},"og_availability":"instock","product_availability":"instock","product_retailer_item_id":"PQ-VIO 406","product_condition":"new"},"_links":{"self":[{"href":"https:\/\/viogescolombia.com\/esp\/wp-json\/wp\/v2\/product\/333","targetHints":{"allow":["GET"]}}],"collection":[{"href":"https:\/\/viogescolombia.com\/esp\/wp-json\/wp\/v2\/product"}],"about":[{"href":"https:\/\/viogescolombia.com\/esp\/wp-json\/wp\/v2\/types\/product"}],"replies":[{"embeddable":true,"href":"https:\/\/viogescolombia.com\/esp\/wp-json\/wp\/v2\/comments?post=333"}],"wp:featuredmedia":[{"embeddable":true,"href":"https:\/\/viogescolombia.com\/esp\/wp-json\/wp\/v2\/media\/336"}],"wp:attachment":[{"href":"https:\/\/viogescolombia.com\/esp\/wp-json\/wp\/v2\/media?parent=333"}],"wp:term":[{"taxonomy":"product_brand","embeddable":true,"href":"https:\/\/viogescolombia.com\/esp\/wp-json\/wp\/v2\/product_brand?post=333"},{"taxonomy":"product_cat","embeddable":true,"href":"https:\/\/viogescolombia.com\/esp\/wp-json\/wp\/v2\/product_cat?post=333"},{"taxonomy":"product_tag","embeddable":true,"href":"https:\/\/viogescolombia.com\/esp\/wp-json\/wp\/v2\/product_tag?post=333"}],"curies":[{"name":"wp","href":"https:\/\/api.w.org\/{rel}","templated":true}]}}