{"id":88,"date":"2024-07-25T23:36:09","date_gmt":"2024-07-25T23:36:09","guid":{"rendered":"http:\/\/viogescolombia.com\/?page_id=88"},"modified":"2024-10-17T18:36:31","modified_gmt":"2024-10-17T23:36:31","slug":"politica-ambiental","status":"publish","type":"page","link":"https:\/\/viogescolombia.com\/esp\/politica-ambiental\/","title":{"rendered":"Pol\u00edtica Ambiental"},"content":{"rendered":"\t\t<div data-elementor-type=\"wp-page\" data-elementor-id=\"88\" class=\"elementor elementor-88\" data-elementor-post-type=\"page\">\n\t\t\t\t\t\t<section class=\"elementor-section elementor-top-section elementor-element elementor-element-4925f39c elementor-section-boxed elementor-section-height-default elementor-section-height-default\" data-id=\"4925f39c\" data-element_type=\"section\" data-settings=\"{&quot;background_background&quot;:&quot;classic&quot;}\">\n\t\t\t\t\t\t\t<div class=\"elementor-background-overlay\"><\/div>\n\t\t\t\t\t\t\t<div class=\"elementor-container elementor-column-gap-default\">\n\t\t\t\t\t<div class=\"elementor-column elementor-col-50 elementor-top-column elementor-element elementor-element-45876486\" data-id=\"45876486\" data-element_type=\"column\">\n\t\t\t<div class=\"elementor-widget-wrap elementor-element-populated\">\n\t\t\t\t\t\t<div class=\"elementor-element elementor-element-3a0a5094 elementor-widget elementor-widget-heading\" data-id=\"3a0a5094\" data-element_type=\"widget\" data-widget_type=\"heading.default\">\n\t\t\t\t<div class=\"elementor-widget-container\">\n\t\t\t\t\t<h1 class=\"elementor-heading-title elementor-size-default\">POL\u00cdTICA AMBIENTAL<\/h1>\t\t\t\t<\/div>\n\t\t\t\t<\/div>\n\t\t\t\t<div class=\"elementor-element elementor-element-45bd74d1 elementor-widget elementor-widget-text-editor\" data-id=\"45bd74d1\" data-element_type=\"widget\" data-widget_type=\"text-editor.default\">\n\t\t\t\t<div class=\"elementor-widget-container\">\n\t\t\t\t\t\t\t\t\t<p>El cuidado del agua es la raz\u00f3n de ser de nuestra organizaci\u00f3n.<\/p>\t\t\t\t\t\t\t\t<\/div>\n\t\t\t\t<\/div>\n\t\t\t\t\t<\/div>\n\t\t<\/div>\n\t\t\t\t<div class=\"elementor-column elementor-col-50 elementor-top-column elementor-element elementor-element-7a4030fa\" data-id=\"7a4030fa\" data-element_type=\"column\">\n\t\t\t<div class=\"elementor-widget-wrap\">\n\t\t\t\t\t\t\t<\/div>\n\t\t<\/div>\n\t\t\t\t\t<\/div>\n\t\t<\/section>\n\t\t\t\t<section class=\"elementor-section elementor-top-section elementor-element elementor-element-6b69a554 elementor-section-boxed elementor-section-height-default elementor-section-height-default\" data-id=\"6b69a554\" data-element_type=\"section\" data-settings=\"{&quot;background_background&quot;:&quot;classic&quot;}\">\n\t\t\t\t\t\t<div class=\"elementor-container elementor-column-gap-default\">\n\t\t\t\t\t<div class=\"elementor-column elementor-col-100 elementor-top-column elementor-element elementor-element-6fa68830\" data-id=\"6fa68830\" data-element_type=\"column\">\n\t\t\t<div class=\"elementor-widget-wrap elementor-element-populated\">\n\t\t\t\t\t\t<section class=\"elementor-section elementor-inner-section elementor-element elementor-element-679842c6 elementor-section-boxed elementor-section-height-default elementor-section-height-default\" data-id=\"679842c6\" data-element_type=\"section\">\n\t\t\t\t\t\t<div class=\"elementor-container elementor-column-gap-default\">\n\t\t\t\t\t<div class=\"elementor-column elementor-col-33 elementor-inner-column elementor-element elementor-element-3d062031\" data-id=\"3d062031\" data-element_type=\"column\">\n\t\t\t<div class=\"elementor-widget-wrap elementor-element-populated\">\n\t\t\t\t\t\t<div class=\"elementor-element elementor-element-1cd8c894 elementor-widget elementor-widget-heading\" data-id=\"1cd8c894\" data-element_type=\"widget\" data-widget_type=\"heading.default\">\n\t\t\t\t<div class=\"elementor-widget-container\">\n\t\t\t\t\t<h3 class=\"elementor-heading-title elementor-size-default\">INNOVACI\u00d3N E INGENIER\u00cdA EXCEPCIONAL PARA EL TRATAMIENTO DE AGUA.<\/h3>\t\t\t\t<\/div>\n\t\t\t\t<\/div>\n\t\t\t\t\t<\/div>\n\t\t<\/div>\n\t\t\t\t<div class=\"elementor-column elementor-col-33 elementor-inner-column elementor-element elementor-element-31328c20\" data-id=\"31328c20\" data-element_type=\"column\">\n\t\t\t<div class=\"elementor-widget-wrap\">\n\t\t\t\t\t\t\t<\/div>\n\t\t<\/div>\n\t\t\t\t<div class=\"elementor-column elementor-col-33 elementor-inner-column elementor-element elementor-element-6d186ed8\" data-id=\"6d186ed8\" data-element_type=\"column\">\n\t\t\t<div class=\"elementor-widget-wrap elementor-element-populated\">\n\t\t\t\t\t\t<div class=\"elementor-element elementor-element-57439de3 elementor-widget elementor-widget-text-editor\" data-id=\"57439de3\" data-element_type=\"widget\" data-widget_type=\"text-editor.default\">\n\t\t\t\t<div class=\"elementor-widget-container\">\n\t\t\t\t\t\t\t\t\t<p>La protecci\u00f3n del medio ambiente y de forma especial, el cuidado del agua, es la raz\u00f3n de ser de nuestra organizaci\u00f3n, por ello hemos asumido el compromiso de contribuir en la ejecuci\u00f3n de proyectos\u00a0ambientales en sectores p\u00fablicos y privados. Nuestro prop\u00f3sito es generar<br \/>propuestas que desarrolladas de manera conjunta contribuyan al desarrollo\u00a0sustentable.<\/p>\t\t\t\t\t\t\t\t<\/div>\n\t\t\t\t<\/div>\n\t\t\t\t\t<\/div>\n\t\t<\/div>\n\t\t\t\t\t<\/div>\n\t\t<\/section>\n\t\t\t\t\t<\/div>\n\t\t<\/div>\n\t\t\t\t\t<\/div>\n\t\t<\/section>\n\t\t\t\t<section class=\"elementor-section elementor-top-section elementor-element elementor-element-7fba6a66 elementor-section-boxed elementor-section-height-default elementor-section-height-default\" data-id=\"7fba6a66\" data-element_type=\"section\" data-settings=\"{&quot;background_background&quot;:&quot;classic&quot;}\">\n\t\t\t\t\t\t<div class=\"elementor-container elementor-column-gap-default\">\n\t\t\t\t\t<div class=\"elementor-column elementor-col-100 elementor-top-column elementor-element elementor-element-1f04313c\" data-id=\"1f04313c\" data-element_type=\"column\">\n\t\t\t<div class=\"elementor-widget-wrap elementor-element-populated\">\n\t\t\t\t\t\t<section class=\"elementor-section elementor-inner-section elementor-element elementor-element-7dfddade elementor-section-boxed elementor-section-height-default elementor-section-height-default\" data-id=\"7dfddade\" data-element_type=\"section\">\n\t\t\t\t\t\t<div class=\"elementor-container elementor-column-gap-default\">\n\t\t\t\t\t<div class=\"elementor-column elementor-col-100 elementor-inner-column elementor-element elementor-element-2ac6d8f1\" data-id=\"2ac6d8f1\" data-element_type=\"column\">\n\t\t\t<div class=\"elementor-widget-wrap elementor-element-populated\">\n\t\t\t\t\t\t<div class=\"elementor-element elementor-element-f569231 elementor-widget elementor-widget-text-editor\" data-id=\"f569231\" data-element_type=\"widget\" data-widget_type=\"text-editor.default\">\n\t\t\t\t<div class=\"elementor-widget-container\">\n\t\t\t\t\t\t\t\t\t<p>A trav\u00e9s de proyectos de infraestructura, de desarrollo de agua potable y saneamiento&nbsp;b\u00e1sico estamos participando en el mejoramiento de las condiciones de vida de la&nbsp;poblaci\u00f3n y en la recuperaci\u00f3n de nuestro recurso h\u00eddrico.<\/p>\n<p><strong>VIOGES INGENIER\u00cdA S.A.S.<\/strong> busca generar conciencia, planificaci\u00f3n, ordenamiento&nbsp;ambiental y una producci\u00f3n m\u00e1s limpia en cada una de las organizaciones que&nbsp;asesoremos; procurando promover una gesti\u00f3n ambiental, integral y sustentable, que&nbsp;redunde en la calidad de vida de la comunidad y el equilibrio de los ecosistemas.<\/p>\n<p>Dentro del plan nacional de desarrollo, <strong>VIOGES INGENIER\u00cdA S.A.S.<\/strong> contribuye con el factor&nbsp;m\u00e1s importante que es el agua como tema prioritario y eje articulador de esta pol\u00edtica&nbsp;ambiental.<\/p>\n<p>Nuestra gesti\u00f3n se desarrolla de manera articulada con las diferentes organizaciones,&nbsp;procurando enfocar cada proyecto no solo al cumplimiento de la normativa ambiental legal&nbsp;vigente, sino a la construcci\u00f3n de sistemas integrados de uso eficiente del agua que reduzcan&nbsp;significativamente las emisiones atmosf\u00e9ricas en t\u00e9rminos de c\u00e1lculo de huella de carbono.<\/p>\t\t\t\t\t\t\t\t<\/div>\n\t\t\t\t<\/div>\n\t\t\t\t\t<\/div>\n\t\t<\/div>\n\t\t\t\t\t<\/div>\n\t\t<\/section>\n\t\t\t\t\t<\/div>\n\t\t<\/div>\n\t\t\t\t\t<\/div>\n\t\t<\/section>\n\t\t\t\t<section class=\"elementor-section elementor-top-section elementor-element elementor-element-7c7f0beb elementor-section-boxed elementor-section-height-default elementor-section-height-default\" data-id=\"7c7f0beb\" data-element_type=\"section\">\n\t\t\t\t\t\t<div class=\"elementor-container elementor-column-gap-default\">\n\t\t\t\t\t<div class=\"elementor-column elementor-col-100 elementor-top-column elementor-element elementor-element-4cbeea5a\" data-id=\"4cbeea5a\" data-element_type=\"column\">\n\t\t\t<div class=\"elementor-widget-wrap elementor-element-populated\">\n\t\t\t\t\t\t<section class=\"elementor-section elementor-inner-section elementor-element elementor-element-41b20776 elementor-section-boxed elementor-section-height-default elementor-section-height-default\" data-id=\"41b20776\" data-element_type=\"section\" data-settings=\"{&quot;background_background&quot;:&quot;classic&quot;}\">\n\t\t\t\t\t\t<div class=\"elementor-container elementor-column-gap-default\">\n\t\t\t\t\t<div class=\"elementor-column elementor-col-66 elementor-inner-column elementor-element elementor-element-688f0b56\" data-id=\"688f0b56\" data-element_type=\"column\">\n\t\t\t<div class=\"elementor-widget-wrap elementor-element-populated\">\n\t\t\t\t\t\t<div class=\"elementor-element elementor-element-e623bf3 elementor-widget elementor-widget-heading\" data-id=\"e623bf3\" data-element_type=\"widget\" data-widget_type=\"heading.default\">\n\t\t\t\t<div class=\"elementor-widget-container\">\n\t\t\t\t\t<h5 class=\"elementor-heading-title elementor-size-default\">\u00bfBusca un asesor empresarial de primera clase?<\/h5>\t\t\t\t<\/div>\n\t\t\t\t<\/div>\n\t\t\t\t\t<\/div>\n\t\t<\/div>\n\t\t\t\t<div class=\"elementor-column elementor-col-33 elementor-inner-column elementor-element elementor-element-21c95f94\" data-id=\"21c95f94\" data-element_type=\"column\">\n\t\t\t<div class=\"elementor-widget-wrap elementor-element-populated\">\n\t\t\t\t\t\t<div class=\"elementor-element elementor-element-2f247c58 elementor-align-right elementor-mobile-align-center elementor-widget elementor-widget-button\" data-id=\"2f247c58\" data-element_type=\"widget\" data-widget_type=\"button.default\">\n\t\t\t\t<div class=\"elementor-widget-container\">\n\t\t\t\t\t\t\t\t\t<div class=\"elementor-button-wrapper\">\n\t\t\t\t\t<a class=\"elementor-button elementor-button-link elementor-size-md\" href=\"https:\/\/wa.link\/bjckvt\" target=\"_blank\">\n\t\t\t\t\t\t<span class=\"elementor-button-content-wrapper\">\n\t\t\t\t\t\t\t\t\t<span class=\"elementor-button-text\">Hablar con un asesor<\/span>\n\t\t\t\t\t<\/span>\n\t\t\t\t\t<\/a>\n\t\t\t\t<\/div>\n\t\t\t\t\t\t\t\t<\/div>\n\t\t\t\t<\/div>\n\t\t\t\t\t<\/div>\n\t\t<\/div>\n\t\t\t\t\t<\/div>\n\t\t<\/section>\n\t\t\t\t\t<\/div>\n\t\t<\/div>\n\t\t\t\t\t<\/div>\n\t\t<\/section>\n\t\t<div class=\"elementor-element elementor-element-8a42c19 e-flex e-con-boxed e-con e-parent\" data-id=\"8a42c19\" data-element_type=\"container\">\n\t\t\t\t\t<div class=\"e-con-inner\">\n\t\t\t\t<div class=\"elementor-element elementor-element-e5b3501 elementor-widget elementor-widget-spacer\" data-id=\"e5b3501\" data-element_type=\"widget\" data-widget_type=\"spacer.default\">\n\t\t\t\t<div class=\"elementor-widget-container\">\n\t\t\t\t\t\t\t<div class=\"elementor-spacer\">\n\t\t\t<div class=\"elementor-spacer-inner\"><\/div>\n\t\t<\/div>\n\t\t\t\t\t\t<\/div>\n\t\t\t\t<\/div>\n\t\t\t\t\t<\/div>\n\t\t\t\t<\/div>\n\t\t\t\t<\/div>\n\t\t","protected":false},"excerpt":{"rendered":"<p>POL\u00cdTICA AMBIENTAL El cuidado del agua es la raz\u00f3n de ser de nuestra organizaci\u00f3n. INNOVACI\u00d3N E INGENIER\u00cdA EXCEPCIONAL PARA EL TRATAMIENTO DE AGUA. La protecci\u00f3n del medio ambiente y de forma especial, el cuidado del agua, es la raz\u00f3n de ser de nuestra organizaci\u00f3n, por ello hemos asumido el compromiso de contribuir en la ejecuci\u00f3n [&hellip;]<\/p>\n","protected":false},"author":1,"featured_media":0,"parent":0,"menu_order":0,"comment_status":"closed","ping_status":"closed","template":"","meta":{"_joinchat":[],"footnotes":""},"class_list":["post-88","page","type-page","status-publish","hentry"],"yoast_head":"<!-- This site is optimized with the Yoast SEO Premium plugin v24.5 (Yoast SEO v26.1.1) - https:\/\/yoast.com\/wordpress\/plugins\/seo\/ -->\n<title>Pol\u00edtica Ambiental - Vioges Colombia plantas de tratamiento de agua industrial<\/title>\n<meta name=\"description\" content=\"Pol\u00edtica Ambiental - Vioges Colombia plantas de tratamiento de agua industrial - Ingeniar\u00eda para el tratamiento de aguas residuales, plantas de tratamiento de agua en Colombia\" \/>\n<meta name=\"robots\" content=\"index, follow, max-snippet:-1, max-image-preview:large, max-video-preview:-1\" \/>\n<link rel=\"canonical\" href=\"https:\/\/viogescolombia.com\/esp\/politica-ambiental\/\" \/>\n<meta property=\"og:locale\" content=\"es_ES\" \/>\n<meta property=\"og:type\" content=\"article\" \/>\n<meta property=\"og:title\" content=\"Pol\u00edtica Ambiental\" \/>\n<meta property=\"og:description\" content=\"Pol\u00edtica Ambiental - Vioges Colombia plantas de tratamiento de agua industrial , - Ingeniar\u00eda para el tratamiento de aguas residuales, plantas de tratamiento de agua en Colombia\" \/>\n<meta property=\"og:url\" content=\"https:\/\/viogescolombia.com\/esp\/politica-ambiental\/\" \/>\n<meta property=\"og:site_name\" content=\"Vioges Colombia plantas de tratamiento de agua industrial\" \/>\n<meta property=\"article:modified_time\" content=\"2024-10-17T23:36:31+00:00\" \/>\n<meta property=\"og:image\" content=\"https:\/\/viogescolombia.com\/wp-content\/uploads\/2024\/10\/WhatsApp-Image-2024-10-22-at-5.50.44-PM.jpg\" \/>\n\t<meta property=\"og:image:width\" content=\"2048\" \/>\n\t<meta property=\"og:image:height\" content=\"1443\" \/>\n\t<meta property=\"og:image:type\" content=\"image\/jpeg\" \/>\n<meta name=\"twitter:card\" content=\"summary_large_image\" \/>\n<meta name=\"twitter:label1\" content=\"Tiempo de lectura\" \/>\n\t<meta name=\"twitter:data1\" content=\"2 minutos\" \/>\n<script type=\"application\/ld+json\" class=\"yoast-schema-graph\">{\"@context\":\"https:\/\/schema.org\",\"@graph\":[{\"@type\":\"TechArticle\",\"@id\":\"https:\/\/viogescolombia.com\/politica-ambiental\/#article\",\"isPartOf\":{\"@id\":\"https:\/\/viogescolombia.com\/politica-ambiental\/\"},\"author\":{\"name\":\"adminjbs\",\"@id\":\"https:\/\/viogescolombia.com\/#\/schema\/person\/68e053bfceb11680ba26594accbb7fee\"},\"headline\":\"Pol\u00edtica Ambiental\",\"datePublished\":\"2024-07-25T23:36:09+00:00\",\"dateModified\":\"2024-10-17T23:36:31+00:00\",\"mainEntityOfPage\":{\"@id\":\"https:\/\/viogescolombia.com\/politica-ambiental\/\"},\"wordCount\":294,\"publisher\":{\"@id\":\"https:\/\/viogescolombia.com\/#organization\"},\"inLanguage\":\"es\"},{\"@type\":\"WebPage\",\"@id\":\"https:\/\/viogescolombia.com\/politica-ambiental\/\",\"url\":\"https:\/\/viogescolombia.com\/politica-ambiental\/\",\"name\":\"Pol\u00edtica Ambiental - Vioges Colombia plantas de tratamiento de agua industrial\",\"isPartOf\":{\"@id\":\"https:\/\/viogescolombia.com\/#website\"},\"datePublished\":\"2024-07-25T23:36:09+00:00\",\"dateModified\":\"2024-10-17T23:36:31+00:00\",\"description\":\"Pol\u00edtica Ambiental - Vioges Colombia plantas de tratamiento de agua industrial - Ingeniar\u00eda para el tratamiento de aguas residuales, plantas de tratamiento de agua en Colombia\",\"breadcrumb\":{\"@id\":\"https:\/\/viogescolombia.com\/politica-ambiental\/#breadcrumb\"},\"inLanguage\":\"es\",\"potentialAction\":[{\"@type\":\"ReadAction\",\"target\":[\"https:\/\/viogescolombia.com\/politica-ambiental\/\"]}]},{\"@type\":\"BreadcrumbList\",\"@id\":\"https:\/\/viogescolombia.com\/politica-ambiental\/#breadcrumb\",\"itemListElement\":[{\"@type\":\"ListItem\",\"position\":1,\"name\":\"Vioges\",\"item\":\"https:\/\/viogescolombia.com\/\"},{\"@type\":\"ListItem\",\"position\":2,\"name\":\"Pol\u00edtica Ambiental\"}]},{\"@type\":\"WebSite\",\"@id\":\"https:\/\/viogescolombia.com\/#website\",\"url\":\"https:\/\/viogescolombia.com\/\",\"name\":\"Vioges Ingenier\u00eda - Plantas de tratamiento de agua\",\"description\":\"Plantas y accesorios para el tratamiento de agua\",\"publisher\":{\"@id\":\"https:\/\/viogescolombia.com\/#organization\"},\"alternateName\":\"Vioges - Tratamiento de agua\",\"potentialAction\":[{\"@type\":\"SearchAction\",\"target\":{\"@type\":\"EntryPoint\",\"urlTemplate\":\"https:\/\/viogescolombia.com\/?s={search_term_string}\"},\"query-input\":{\"@type\":\"PropertyValueSpecification\",\"valueRequired\":true,\"valueName\":\"search_term_string\"}}],\"inLanguage\":\"es\"},{\"@type\":\"Organization\",\"@id\":\"https:\/\/viogescolombia.com\/#organization\",\"name\":\"Vioges Ingenier\u00eda SAS\",\"alternateName\":\"Vioges Plantas para el tratamiento de agua\",\"url\":\"https:\/\/viogescolombia.com\/\",\"logo\":{\"@type\":\"ImageObject\",\"inLanguage\":\"es\",\"@id\":\"https:\/\/viogescolombia.com\/#\/schema\/logo\/image\/\",\"url\":\"https:\/\/viogescolombia.com\/wp-content\/uploads\/2024\/07\/logo-Vioges.webp\",\"contentUrl\":\"https:\/\/viogescolombia.com\/wp-content\/uploads\/2024\/07\/logo-Vioges.webp\",\"width\":900,\"height\":402,\"caption\":\"Vioges Ingenier\u00eda SAS\"},\"image\":{\"@id\":\"https:\/\/viogescolombia.com\/#\/schema\/logo\/image\/\"},\"description\":\"Vioges Colombia es una empresa l\u00edder en el dise\u00f1o, construcci\u00f3n, operaci\u00f3n y mantenimiento de plantas de tratamiento de agua. Con m\u00e1s de 20 a\u00f1os de experiencia en el sector p\u00fablico y privado, su equipo de ingenieros y especialistas desarrolla soluciones integrales, inteligentes y ambientalmente sostenibles para cada desaf\u00edo a lo largo del ciclo del agua. Comprometidos con la innovaci\u00f3n, la calidad y el respeto al medio ambiente, en Vioges Colombia se trabaja d\u00eda a d\u00eda para optimizar procesos y garantizar agua de la m\u00e1s alta calidad, adapt\u00e1ndose a las normativas vigentes y a las necesidades particulares de cada cliente.\",\"email\":\"contacto@viogescolombia.com\",\"telephone\":\"(601) 756 0026\",\"legalName\":\"Vioges Ingenieria SAS\",\"numberOfEmployees\":{\"@type\":\"QuantitativeValue\",\"minValue\":\"1\",\"maxValue\":\"10\"}},{\"@type\":\"Person\",\"@id\":\"https:\/\/viogescolombia.com\/#\/schema\/person\/68e053bfceb11680ba26594accbb7fee\",\"name\":\"adminjbs\",\"sameAs\":[\"http:\/\/viogescolombia.com\"],\"url\":\"https:\/\/viogescolombia.com\/esp\/author\/adminjbs\/\"}]}<\/script>\n<!-- \/ Yoast SEO Premium plugin. -->","yoast_head_json":{"title":"Pol\u00edtica Ambiental - Vioges Colombia plantas de tratamiento de agua industrial","description":"Pol\u00edtica Ambiental - Vioges Colombia plantas de tratamiento de agua industrial - Ingeniar\u00eda para el tratamiento de aguas residuales, plantas de tratamiento de agua en Colombia","robots":{"index":"index","follow":"follow","max-snippet":"max-snippet:-1","max-image-preview":"max-image-preview:large","max-video-preview":"max-video-preview:-1"},"canonical":"https:\/\/viogescolombia.com\/esp\/politica-ambiental\/","og_locale":"es_ES","og_type":"article","og_title":"Pol\u00edtica Ambiental","og_description":"Pol\u00edtica Ambiental - Vioges Colombia plantas de tratamiento de agua industrial , - Ingeniar\u00eda para el tratamiento de aguas residuales, plantas de tratamiento de agua en Colombia","og_url":"https:\/\/viogescolombia.com\/esp\/politica-ambiental\/","og_site_name":"Vioges Colombia plantas de tratamiento de agua industrial","article_modified_time":"2024-10-17T23:36:31+00:00","og_image":[{"width":2048,"height":1443,"url":"https:\/\/viogescolombia.com\/wp-content\/uploads\/2024\/10\/WhatsApp-Image-2024-10-22-at-5.50.44-PM.jpg","type":"image\/jpeg"}],"twitter_card":"summary_large_image","twitter_misc":{"Tiempo de lectura":"2 minutos"},"schema":{"@context":"https:\/\/schema.org","@graph":[{"@type":"TechArticle","@id":"https:\/\/viogescolombia.com\/politica-ambiental\/#article","isPartOf":{"@id":"https:\/\/viogescolombia.com\/politica-ambiental\/"},"author":{"name":"adminjbs","@id":"https:\/\/viogescolombia.com\/#\/schema\/person\/68e053bfceb11680ba26594accbb7fee"},"headline":"Pol\u00edtica Ambiental","datePublished":"2024-07-25T23:36:09+00:00","dateModified":"2024-10-17T23:36:31+00:00","mainEntityOfPage":{"@id":"https:\/\/viogescolombia.com\/politica-ambiental\/"},"wordCount":294,"publisher":{"@id":"https:\/\/viogescolombia.com\/#organization"},"inLanguage":"es"},{"@type":"WebPage","@id":"https:\/\/viogescolombia.com\/politica-ambiental\/","url":"https:\/\/viogescolombia.com\/politica-ambiental\/","name":"Pol\u00edtica Ambiental - Vioges Colombia plantas de tratamiento de agua industrial","isPartOf":{"@id":"https:\/\/viogescolombia.com\/#website"},"datePublished":"2024-07-25T23:36:09+00:00","dateModified":"2024-10-17T23:36:31+00:00","description":"Pol\u00edtica Ambiental - Vioges Colombia plantas de tratamiento de agua industrial - Ingeniar\u00eda para el tratamiento de aguas residuales, plantas de tratamiento de agua en Colombia","breadcrumb":{"@id":"https:\/\/viogescolombia.com\/politica-ambiental\/#breadcrumb"},"inLanguage":"es","potentialAction":[{"@type":"ReadAction","target":["https:\/\/viogescolombia.com\/politica-ambiental\/"]}]},{"@type":"BreadcrumbList","@id":"https:\/\/viogescolombia.com\/politica-ambiental\/#breadcrumb","itemListElement":[{"@type":"ListItem","position":1,"name":"Vioges","item":"https:\/\/viogescolombia.com\/"},{"@type":"ListItem","position":2,"name":"Pol\u00edtica Ambiental"}]},{"@type":"WebSite","@id":"https:\/\/viogescolombia.com\/#website","url":"https:\/\/viogescolombia.com\/","name":"Vioges Ingenier\u00eda - Plantas de tratamiento de agua","description":"Plantas y accesorios para el tratamiento de agua","publisher":{"@id":"https:\/\/viogescolombia.com\/#organization"},"alternateName":"Vioges - Tratamiento de agua","potentialAction":[{"@type":"SearchAction","target":{"@type":"EntryPoint","urlTemplate":"https:\/\/viogescolombia.com\/?s={search_term_string}"},"query-input":{"@type":"PropertyValueSpecification","valueRequired":true,"valueName":"search_term_string"}}],"inLanguage":"es"},{"@type":"Organization","@id":"https:\/\/viogescolombia.com\/#organization","name":"Vioges Ingenier\u00eda SAS","alternateName":"Vioges Plantas para el tratamiento de agua","url":"https:\/\/viogescolombia.com\/","logo":{"@type":"ImageObject","inLanguage":"es","@id":"https:\/\/viogescolombia.com\/#\/schema\/logo\/image\/","url":"https:\/\/viogescolombia.com\/wp-content\/uploads\/2024\/07\/logo-Vioges.webp","contentUrl":"https:\/\/viogescolombia.com\/wp-content\/uploads\/2024\/07\/logo-Vioges.webp","width":900,"height":402,"caption":"Vioges Ingenier\u00eda SAS"},"image":{"@id":"https:\/\/viogescolombia.com\/#\/schema\/logo\/image\/"},"description":"Vioges Colombia es una empresa l\u00edder en el dise\u00f1o, construcci\u00f3n, operaci\u00f3n y mantenimiento de plantas de tratamiento de agua. Con m\u00e1s de 20 a\u00f1os de experiencia en el sector p\u00fablico y privado, su equipo de ingenieros y especialistas desarrolla soluciones integrales, inteligentes y ambientalmente sostenibles para cada desaf\u00edo a lo largo del ciclo del agua. Comprometidos con la innovaci\u00f3n, la calidad y el respeto al medio ambiente, en Vioges Colombia se trabaja d\u00eda a d\u00eda para optimizar procesos y garantizar agua de la m\u00e1s alta calidad, adapt\u00e1ndose a las normativas vigentes y a las necesidades particulares de cada cliente.","email":"contacto@viogescolombia.com","telephone":"(601) 756 0026","legalName":"Vioges Ingenieria SAS","numberOfEmployees":{"@type":"QuantitativeValue","minValue":"1","maxValue":"10"}},{"@type":"Person","@id":"https:\/\/viogescolombia.com\/#\/schema\/person\/68e053bfceb11680ba26594accbb7fee","name":"adminjbs","sameAs":["http:\/\/viogescolombia.com"],"url":"https:\/\/viogescolombia.com\/esp\/author\/adminjbs\/"}]}},"_links":{"self":[{"href":"https:\/\/viogescolombia.com\/esp\/wp-json\/wp\/v2\/pages\/88","targetHints":{"allow":["GET"]}}],"collection":[{"href":"https:\/\/viogescolombia.com\/esp\/wp-json\/wp\/v2\/pages"}],"about":[{"href":"https:\/\/viogescolombia.com\/esp\/wp-json\/wp\/v2\/types\/page"}],"author":[{"embeddable":true,"href":"https:\/\/viogescolombia.com\/esp\/wp-json\/wp\/v2\/users\/1"}],"replies":[{"embeddable":true,"href":"https:\/\/viogescolombia.com\/esp\/wp-json\/wp\/v2\/comments?post=88"}],"version-history":[{"count":7,"href":"https:\/\/viogescolombia.com\/esp\/wp-json\/wp\/v2\/pages\/88\/revisions"}],"predecessor-version":[{"id":713,"href":"https:\/\/viogescolombia.com\/esp\/wp-json\/wp\/v2\/pages\/88\/revisions\/713"}],"wp:attachment":[{"href":"https:\/\/viogescolombia.com\/esp\/wp-json\/wp\/v2\/media?parent=88"}],"curies":[{"name":"wp","href":"https:\/\/api.w.org\/{rel}","templated":true}]}}