{"id":864,"date":"2024-12-05T12:04:52","date_gmt":"2024-12-05T17:04:52","guid":{"rendered":"https:\/\/viogescolombia.com\/?page_id=864"},"modified":"2024-12-05T12:16:18","modified_gmt":"2024-12-05T17:16:18","slug":"mantenimiento-de-plantas-de-tratamiento-de-aguas-residuales-potables","status":"publish","type":"page","link":"https:\/\/viogescolombia.com\/esp\/sercivios-vioges\/mantenimiento-de-plantas-de-tratamiento-de-aguas-residuales-potables\/","title":{"rendered":"Mantenimiento de Plantas de Tratamiento de Aguas Residuales Potables"},"content":{"rendered":"\t\t<div data-elementor-type=\"wp-page\" data-elementor-id=\"864\" class=\"elementor elementor-864\" data-elementor-post-type=\"page\">\n\t\t\t\t<div class=\"elementor-element elementor-element-7ed2be1b e-flex e-con-boxed e-con e-parent\" data-id=\"7ed2be1b\" data-element_type=\"container\" data-settings=\"{&quot;background_background&quot;:&quot;classic&quot;}\">\n\t\t\t\t\t<div class=\"e-con-inner\">\n\t\t\t\t<div class=\"elementor-element elementor-element-5314e3c elementor-widget elementor-widget-heading\" data-id=\"5314e3c\" data-element_type=\"widget\" data-widget_type=\"heading.default\">\n\t\t\t\t<div class=\"elementor-widget-container\">\n\t\t\t\t\t<h1 class=\"elementor-heading-title elementor-size-default\">Mantenimiento Eficiente de Plantas de Tratamiento de Aguas Residuales Potables<\/h1>\t\t\t\t<\/div>\n\t\t\t\t<\/div>\n\t\t\t\t\t<\/div>\n\t\t\t\t<\/div>\n\t\t<div class=\"elementor-element elementor-element-585d4c52 e-flex e-con-boxed e-con e-parent\" data-id=\"585d4c52\" data-element_type=\"container\">\n\t\t\t\t\t<div class=\"e-con-inner\">\n\t\t\t\t<div class=\"elementor-element elementor-element-4ae128fe elementor-widget elementor-widget-text-editor\" data-id=\"4ae128fe\" data-element_type=\"widget\" data-widget_type=\"text-editor.default\">\n\t\t\t\t<div class=\"elementor-widget-container\">\n\t\t\t\t\t\t\t\t\t<p>En\u00a0<strong>VIOGES INGENIERIA<\/strong>, nos especializamos en el\u00a0<strong>mantenimiento profesional<\/strong>\u00a0de plantas de tratamiento de aguas residuales potables. Nuestro enfoque integral asegura que cada planta opere con la m\u00e1xima eficiencia y cumpla con todas las normativas ambientales.<\/p>\t\t\t\t\t\t\t\t<\/div>\n\t\t\t\t<\/div>\n\t\t<div class=\"elementor-element elementor-element-7e92510d e-con-full e-flex e-con e-child\" data-id=\"7e92510d\" data-element_type=\"container\">\n\t\t\t\t<div class=\"elementor-element elementor-element-7aba6436 elementor-widget elementor-widget-image\" data-id=\"7aba6436\" data-element_type=\"widget\" data-widget_type=\"image.default\">\n\t\t\t\t<div class=\"elementor-widget-container\">\n\t\t\t\t\t\t\t\t\t\t\t\t\t\t\t<img decoding=\"async\" src=\"https:\/\/viogescolombia.com\/wp-content\/uploads\/elementor\/thumbs\/laboratorio-toma-de-muestras-de-agua-en-rio-depuradora-coronovirus-810x456.jpg-qxx6abgupivtekrzpoblowvewpaho8y8oqb0x3t708.webp\" title=\"laboratorio-toma-de-muestras-de-agua-en-rio-depuradora-coronovirus-810&#215;456.jpg\" alt=\"laboratorio-toma-de-muestras-de-agua-en-rio-depuradora-coronovirus-810x456.jpg\" loading=\"lazy\" \/>\t\t\t\t\t\t\t\t\t\t\t\t\t\t\t<\/div>\n\t\t\t\t<\/div>\n\t\t\t\t<div class=\"elementor-element elementor-element-1f4f6ef elementor-widget elementor-widget-image\" data-id=\"1f4f6ef\" data-element_type=\"widget\" data-widget_type=\"image.default\">\n\t\t\t\t<div class=\"elementor-widget-container\">\n\t\t\t\t\t\t\t\t\t\t\t\t\t\t\t<img decoding=\"async\" src=\"https:\/\/viogescolombia.com\/wp-content\/uploads\/elementor\/thumbs\/665410dcdf47df133c959de3_environmental-engineers-work-wastewater-treatment-plantswater-supply-engineering-working-water-recycling-plant-reusetechnicians-engineers-discuss-work-together_44277-24191-qxx6rxxwup0d3d6dsskrxyrjvsf8zxx23ynruvogc8.jpeg\" title=\"Plantas de Tratamiento de Agua | Viogescolombia\" alt=\"plantas de tratamiento de agua en Bogot\u00e1\" loading=\"lazy\" \/>\t\t\t\t\t\t\t\t\t\t\t\t\t\t\t<\/div>\n\t\t\t\t<\/div>\n\t\t\t\t<div class=\"elementor-element elementor-element-cd3a04e elementor-widget elementor-widget-image\" data-id=\"cd3a04e\" data-element_type=\"widget\" data-widget_type=\"image.default\">\n\t\t\t\t<div class=\"elementor-widget-container\">\n\t\t\t\t\t\t\t\t\t\t\t\t\t\t\t<img decoding=\"async\" src=\"https:\/\/viogescolombia.com\/wp-content\/uploads\/elementor\/thumbs\/665410dcdf47df133c959de3_environmental-engineers-work-wastewater-treatment-plantswater-supply-engineering-working-water-recycling-plant-reusetechnicians-engineers-discuss-work-together_44277-24191-qxx6rxxwup0d3d6dsskrxyrjvsf8zxx23ynruvogc8.jpeg\" title=\"Plantas de Tratamiento de Agua | Viogescolombia\" alt=\"plantas de tratamiento de agua en Bogot\u00e1\" loading=\"lazy\" \/>\t\t\t\t\t\t\t\t\t\t\t\t\t\t\t<\/div>\n\t\t\t\t<\/div>\n\t\t\t\t<\/div>\n\t\t\t\t<div class=\"elementor-element elementor-element-31be9b8a elementor-widget elementor-widget-text-editor\" data-id=\"31be9b8a\" data-element_type=\"widget\" data-widget_type=\"text-editor.default\">\n\t\t\t\t<div class=\"elementor-widget-container\">\n\t\t\t\t\t\t\t\t\t<h2 class=\"mb-2 mt-6 text-lg first:mt-3\">\u00bfPor Qu\u00e9 es Importante el Mantenimiento?<\/h2><p>El mantenimiento adecuado es crucial para:<\/p><ul class=\"marker:text-textOff list-disc pl-8\"><li><strong>Asegurar el cumplimiento normativo<\/strong>\u00a0y evitar sanciones.<\/li><li><strong>Maximizar la eficiencia operativa<\/strong>, reduciendo costos a largo plazo.<\/li><li><strong>Prolongar la vida \u00fatil<\/strong>\u00a0de los equipos y sistemas.<\/li><\/ul><h2 class=\"mb-2 mt-6 text-lg first:mt-3\">Nuestros Servicios de Mantenimiento<\/h2><ul class=\"marker:text-textOff list-disc pl-8\"><li><h3><strong>Monitoreo Constante:<\/strong><\/h3><p>\u00a0Realizamos supervisiones diarias para detectar problemas potenciales y garantizar la correcta ejecuci\u00f3n del proceso.<\/p><\/li><li><h3><strong>Mantenimiento Preventivo y Correctivo:<\/strong><\/h3><p>\u00a0Implementamos rutinas programadas y atendemos fallas inesperadas para asegurar un funcionamiento continuo.<\/p><\/li><li><h3><strong>Gesti\u00f3n Eficiente de Residuos:<\/strong><\/h3><p>\u00a0Nos encargamos del tratamiento y disposici\u00f3n responsable de lodos y subproductos generados durante el proceso.<\/p><\/li><li><h3><strong>Capacitaci\u00f3n del Personal:<\/strong><\/h3><p>\u00a0Proporcionamos formaci\u00f3n continua a nuestro equipo para asegurar que est\u00e9n al tanto de las mejores pr\u00e1cticas y tecnolog\u00edas actuales.<\/p><\/li><\/ul><h2 class=\"mb-2 mt-6 text-lg first:mt-3\">Beneficios del Mantenimiento Regular<\/h2><p>Los beneficios incluyen:<\/p><ul class=\"marker:text-textOff list-disc pl-8\"><li>Reducci\u00f3n en los costos operativos mediante la optimizaci\u00f3n del uso de recursos.<\/li><li>Mejora en la calidad del agua tratada, garantizando su seguridad para su reutilizaci\u00f3n.<\/li><li>Cumplimiento con las regulaciones ambientales, evitando multas y sanciones.<\/li><\/ul><h4 class=\"mb-2 mt-6 text-lg first:mt-3\">Cont\u00e1ctanos<\/h4><p><strong>Conf\u00eda en los expertos.<\/strong>\u00a0\u00a1Cont\u00e1ctanos hoy mismo para obtener m\u00e1s informaci\u00f3n sobre nuestros servicios de mantenimiento para plantas de tratamiento de aguas residuales potables!<\/p>\t\t\t\t\t\t\t\t<\/div>\n\t\t\t\t<\/div>\n\t\t\t\t\t<\/div>\n\t\t\t\t<\/div>\n\t\t\t\t<\/div>\n\t\t","protected":false},"excerpt":{"rendered":"<p>Mantenimiento Eficiente de Plantas de Tratamiento de Aguas Residuales Potables En\u00a0VIOGES INGENIERIA, nos especializamos en el\u00a0mantenimiento profesional\u00a0de plantas de tratamiento de aguas residuales potables. Nuestro enfoque integral asegura que cada planta opere con la m\u00e1xima eficiencia y cumpla con todas las normativas ambientales. \u00bfPor Qu\u00e9 es Importante el Mantenimiento? El mantenimiento adecuado es crucial para: [&hellip;]<\/p>\n","protected":false},"author":1,"featured_media":0,"parent":208,"menu_order":0,"comment_status":"closed","ping_status":"closed","template":"","meta":{"_joinchat":[],"footnotes":""},"class_list":["post-864","page","type-page","status-publish","hentry"],"yoast_head":"<!-- This site is optimized with the Yoast SEO Premium plugin v24.5 (Yoast SEO v26.1.1) - https:\/\/yoast.com\/wordpress\/plugins\/seo\/ -->\n<title>Mantenimiento de Plantas de Tratamiento de Aguas Residuales Potables - Vioges Colombia plantas de tratamiento de agua industrial<\/title>\n<meta name=\"description\" content=\"Mantenimiento de Plantas de Tratamiento de Aguas Residuales Potables - Vioges Colombia plantas de tratamiento de agua industrial - Ingeniar\u00eda para el tratamiento de aguas residuales, plantas de tratamiento de agua en Colombia\" \/>\n<meta name=\"robots\" content=\"index, follow, max-snippet:-1, max-image-preview:large, max-video-preview:-1\" \/>\n<link rel=\"canonical\" href=\"https:\/\/viogescolombia.com\/esp\/sercivios-vioges\/mantenimiento-de-plantas-de-tratamiento-de-aguas-residuales-potables\/\" \/>\n<meta property=\"og:locale\" content=\"es_ES\" \/>\n<meta property=\"og:type\" content=\"article\" \/>\n<meta property=\"og:title\" content=\"Mantenimiento de Plantas de Tratamiento de Aguas Residuales Potables\" \/>\n<meta property=\"og:description\" content=\"Mantenimiento de Plantas de Tratamiento de Aguas Residuales Potables - Vioges Colombia plantas de tratamiento de agua industrial , - Ingeniar\u00eda para el tratamiento de aguas residuales, plantas de tratamiento de agua en Colombia\" \/>\n<meta property=\"og:url\" content=\"https:\/\/viogescolombia.com\/esp\/sercivios-vioges\/mantenimiento-de-plantas-de-tratamiento-de-aguas-residuales-potables\/\" \/>\n<meta property=\"og:site_name\" content=\"Vioges Colombia plantas de tratamiento de agua industrial\" \/>\n<meta property=\"article:modified_time\" content=\"2024-12-05T17:16:18+00:00\" \/>\n<meta property=\"og:image\" content=\"https:\/\/viogescolombia.com\/wp-content\/uploads\/elementor\/thumbs\/laboratorio-toma-de-muestras-de-agua-en-rio-depuradora-coronovirus-810x456.jpg-qxx6abgupivtekrzpoblowvewpaho8y8oqb0x3t708.webp\" \/>\n<meta name=\"twitter:card\" content=\"summary_large_image\" \/>\n<meta name=\"twitter:label1\" content=\"Tiempo de lectura\" \/>\n\t<meta name=\"twitter:data1\" content=\"2 minutos\" \/>\n<script type=\"application\/ld+json\" class=\"yoast-schema-graph\">{\"@context\":\"https:\/\/schema.org\",\"@graph\":[{\"@type\":\"TechArticle\",\"@id\":\"https:\/\/viogescolombia.com\/sercivios-vioges\/mantenimiento-de-plantas-de-tratamiento-de-aguas-residuales-potables\/#article\",\"isPartOf\":{\"@id\":\"https:\/\/viogescolombia.com\/sercivios-vioges\/mantenimiento-de-plantas-de-tratamiento-de-aguas-residuales-potables\/\"},\"author\":{\"name\":\"adminjbs\",\"@id\":\"https:\/\/viogescolombia.com\/#\/schema\/person\/68e053bfceb11680ba26594accbb7fee\"},\"headline\":\"Mantenimiento de Plantas de Tratamiento de Aguas Residuales Potables\",\"datePublished\":\"2024-12-05T17:04:52+00:00\",\"dateModified\":\"2024-12-05T17:16:18+00:00\",\"mainEntityOfPage\":{\"@id\":\"https:\/\/viogescolombia.com\/sercivios-vioges\/mantenimiento-de-plantas-de-tratamiento-de-aguas-residuales-potables\/\"},\"wordCount\":252,\"publisher\":{\"@id\":\"https:\/\/viogescolombia.com\/#organization\"},\"image\":{\"@id\":\"https:\/\/viogescolombia.com\/sercivios-vioges\/mantenimiento-de-plantas-de-tratamiento-de-aguas-residuales-potables\/#primaryimage\"},\"thumbnailUrl\":\"https:\/\/viogescolombia.com\/wp-content\/uploads\/elementor\/thumbs\/laboratorio-toma-de-muestras-de-agua-en-rio-depuradora-coronovirus-810x456.jpg-qxx6abgupivtekrzpoblowvewpaho8y8oqb0x3t708.webp\",\"inLanguage\":\"es\"},{\"@type\":\"WebPage\",\"@id\":\"https:\/\/viogescolombia.com\/sercivios-vioges\/mantenimiento-de-plantas-de-tratamiento-de-aguas-residuales-potables\/\",\"url\":\"https:\/\/viogescolombia.com\/sercivios-vioges\/mantenimiento-de-plantas-de-tratamiento-de-aguas-residuales-potables\/\",\"name\":\"Mantenimiento de Plantas de Tratamiento de Aguas Residuales Potables - Vioges Colombia plantas de tratamiento de agua industrial\",\"isPartOf\":{\"@id\":\"https:\/\/viogescolombia.com\/#website\"},\"primaryImageOfPage\":{\"@id\":\"https:\/\/viogescolombia.com\/sercivios-vioges\/mantenimiento-de-plantas-de-tratamiento-de-aguas-residuales-potables\/#primaryimage\"},\"image\":{\"@id\":\"https:\/\/viogescolombia.com\/sercivios-vioges\/mantenimiento-de-plantas-de-tratamiento-de-aguas-residuales-potables\/#primaryimage\"},\"thumbnailUrl\":\"https:\/\/viogescolombia.com\/wp-content\/uploads\/elementor\/thumbs\/laboratorio-toma-de-muestras-de-agua-en-rio-depuradora-coronovirus-810x456.jpg-qxx6abgupivtekrzpoblowvewpaho8y8oqb0x3t708.webp\",\"datePublished\":\"2024-12-05T17:04:52+00:00\",\"dateModified\":\"2024-12-05T17:16:18+00:00\",\"description\":\"Mantenimiento de Plantas de Tratamiento de Aguas Residuales Potables - Vioges Colombia plantas de tratamiento de agua industrial - Ingeniar\u00eda para el tratamiento de aguas residuales, plantas de tratamiento de agua en Colombia\",\"breadcrumb\":{\"@id\":\"https:\/\/viogescolombia.com\/sercivios-vioges\/mantenimiento-de-plantas-de-tratamiento-de-aguas-residuales-potables\/#breadcrumb\"},\"inLanguage\":\"es\",\"potentialAction\":[{\"@type\":\"ReadAction\",\"target\":[\"https:\/\/viogescolombia.com\/sercivios-vioges\/mantenimiento-de-plantas-de-tratamiento-de-aguas-residuales-potables\/\"]}]},{\"@type\":\"ImageObject\",\"inLanguage\":\"es\",\"@id\":\"https:\/\/viogescolombia.com\/sercivios-vioges\/mantenimiento-de-plantas-de-tratamiento-de-aguas-residuales-potables\/#primaryimage\",\"url\":\"https:\/\/viogescolombia.com\/wp-content\/uploads\/elementor\/thumbs\/laboratorio-toma-de-muestras-de-agua-en-rio-depuradora-coronovirus-810x456.jpg-qxx6abgupivtekrzpoblowvewpaho8y8oqb0x3t708.webp\",\"contentUrl\":\"https:\/\/viogescolombia.com\/wp-content\/uploads\/elementor\/thumbs\/laboratorio-toma-de-muestras-de-agua-en-rio-depuradora-coronovirus-810x456.jpg-qxx6abgupivtekrzpoblowvewpaho8y8oqb0x3t708.webp\"},{\"@type\":\"BreadcrumbList\",\"@id\":\"https:\/\/viogescolombia.com\/sercivios-vioges\/mantenimiento-de-plantas-de-tratamiento-de-aguas-residuales-potables\/#breadcrumb\",\"itemListElement\":[{\"@type\":\"ListItem\",\"position\":1,\"name\":\"Vioges\",\"item\":\"https:\/\/viogescolombia.com\/\"},{\"@type\":\"ListItem\",\"position\":2,\"name\":\"Sercivios Vioges\",\"item\":\"https:\/\/viogescolombia.com\/sercivios-vioges\/\"},{\"@type\":\"ListItem\",\"position\":3,\"name\":\"Mantenimiento de Plantas de Tratamiento de Aguas Residuales Potables\"}]},{\"@type\":\"WebSite\",\"@id\":\"https:\/\/viogescolombia.com\/#website\",\"url\":\"https:\/\/viogescolombia.com\/\",\"name\":\"Vioges Ingenier\u00eda - Plantas de tratamiento de agua\",\"description\":\"Plantas y accesorios para el tratamiento de agua\",\"publisher\":{\"@id\":\"https:\/\/viogescolombia.com\/#organization\"},\"alternateName\":\"Vioges - Tratamiento de agua\",\"potentialAction\":[{\"@type\":\"SearchAction\",\"target\":{\"@type\":\"EntryPoint\",\"urlTemplate\":\"https:\/\/viogescolombia.com\/?s={search_term_string}\"},\"query-input\":{\"@type\":\"PropertyValueSpecification\",\"valueRequired\":true,\"valueName\":\"search_term_string\"}}],\"inLanguage\":\"es\"},{\"@type\":\"Organization\",\"@id\":\"https:\/\/viogescolombia.com\/#organization\",\"name\":\"Vioges Ingenier\u00eda SAS\",\"alternateName\":\"Vioges Plantas para el tratamiento de agua\",\"url\":\"https:\/\/viogescolombia.com\/\",\"logo\":{\"@type\":\"ImageObject\",\"inLanguage\":\"es\",\"@id\":\"https:\/\/viogescolombia.com\/#\/schema\/logo\/image\/\",\"url\":\"https:\/\/viogescolombia.com\/wp-content\/uploads\/2024\/07\/logo-Vioges.webp\",\"contentUrl\":\"https:\/\/viogescolombia.com\/wp-content\/uploads\/2024\/07\/logo-Vioges.webp\",\"width\":900,\"height\":402,\"caption\":\"Vioges Ingenier\u00eda SAS\"},\"image\":{\"@id\":\"https:\/\/viogescolombia.com\/#\/schema\/logo\/image\/\"},\"description\":\"Vioges Colombia es una empresa l\u00edder en el dise\u00f1o, construcci\u00f3n, operaci\u00f3n y mantenimiento de plantas de tratamiento de agua. Con m\u00e1s de 20 a\u00f1os de experiencia en el sector p\u00fablico y privado, su equipo de ingenieros y especialistas desarrolla soluciones integrales, inteligentes y ambientalmente sostenibles para cada desaf\u00edo a lo largo del ciclo del agua. Comprometidos con la innovaci\u00f3n, la calidad y el respeto al medio ambiente, en Vioges Colombia se trabaja d\u00eda a d\u00eda para optimizar procesos y garantizar agua de la m\u00e1s alta calidad, adapt\u00e1ndose a las normativas vigentes y a las necesidades particulares de cada cliente.\",\"email\":\"contacto@viogescolombia.com\",\"telephone\":\"(601) 756 0026\",\"legalName\":\"Vioges Ingenieria SAS\",\"numberOfEmployees\":{\"@type\":\"QuantitativeValue\",\"minValue\":\"1\",\"maxValue\":\"10\"}},{\"@type\":\"Person\",\"@id\":\"https:\/\/viogescolombia.com\/#\/schema\/person\/68e053bfceb11680ba26594accbb7fee\",\"name\":\"adminjbs\",\"sameAs\":[\"http:\/\/viogescolombia.com\"],\"url\":\"https:\/\/viogescolombia.com\/esp\/author\/adminjbs\/\"}]}<\/script>\n<!-- \/ Yoast SEO Premium plugin. -->","yoast_head_json":{"title":"Mantenimiento de Plantas de Tratamiento de Aguas Residuales Potables - Vioges Colombia plantas de tratamiento de agua industrial","description":"Mantenimiento de Plantas de Tratamiento de Aguas Residuales Potables - Vioges Colombia plantas de tratamiento de agua industrial - Ingeniar\u00eda para el tratamiento de aguas residuales, plantas de tratamiento de agua en Colombia","robots":{"index":"index","follow":"follow","max-snippet":"max-snippet:-1","max-image-preview":"max-image-preview:large","max-video-preview":"max-video-preview:-1"},"canonical":"https:\/\/viogescolombia.com\/esp\/sercivios-vioges\/mantenimiento-de-plantas-de-tratamiento-de-aguas-residuales-potables\/","og_locale":"es_ES","og_type":"article","og_title":"Mantenimiento de Plantas de Tratamiento de Aguas Residuales Potables","og_description":"Mantenimiento de Plantas de Tratamiento de Aguas Residuales Potables - Vioges Colombia plantas de tratamiento de agua industrial , - Ingeniar\u00eda para el tratamiento de aguas residuales, plantas de tratamiento de agua en Colombia","og_url":"https:\/\/viogescolombia.com\/esp\/sercivios-vioges\/mantenimiento-de-plantas-de-tratamiento-de-aguas-residuales-potables\/","og_site_name":"Vioges Colombia plantas de tratamiento de agua industrial","article_modified_time":"2024-12-05T17:16:18+00:00","og_image":[{"url":"https:\/\/viogescolombia.com\/wp-content\/uploads\/elementor\/thumbs\/laboratorio-toma-de-muestras-de-agua-en-rio-depuradora-coronovirus-810x456.jpg-qxx6abgupivtekrzpoblowvewpaho8y8oqb0x3t708.webp","type":"","width":"","height":""}],"twitter_card":"summary_large_image","twitter_misc":{"Tiempo de lectura":"2 minutos"},"schema":{"@context":"https:\/\/schema.org","@graph":[{"@type":"TechArticle","@id":"https:\/\/viogescolombia.com\/sercivios-vioges\/mantenimiento-de-plantas-de-tratamiento-de-aguas-residuales-potables\/#article","isPartOf":{"@id":"https:\/\/viogescolombia.com\/sercivios-vioges\/mantenimiento-de-plantas-de-tratamiento-de-aguas-residuales-potables\/"},"author":{"name":"adminjbs","@id":"https:\/\/viogescolombia.com\/#\/schema\/person\/68e053bfceb11680ba26594accbb7fee"},"headline":"Mantenimiento de Plantas de Tratamiento de Aguas Residuales Potables","datePublished":"2024-12-05T17:04:52+00:00","dateModified":"2024-12-05T17:16:18+00:00","mainEntityOfPage":{"@id":"https:\/\/viogescolombia.com\/sercivios-vioges\/mantenimiento-de-plantas-de-tratamiento-de-aguas-residuales-potables\/"},"wordCount":252,"publisher":{"@id":"https:\/\/viogescolombia.com\/#organization"},"image":{"@id":"https:\/\/viogescolombia.com\/sercivios-vioges\/mantenimiento-de-plantas-de-tratamiento-de-aguas-residuales-potables\/#primaryimage"},"thumbnailUrl":"https:\/\/viogescolombia.com\/wp-content\/uploads\/elementor\/thumbs\/laboratorio-toma-de-muestras-de-agua-en-rio-depuradora-coronovirus-810x456.jpg-qxx6abgupivtekrzpoblowvewpaho8y8oqb0x3t708.webp","inLanguage":"es"},{"@type":"WebPage","@id":"https:\/\/viogescolombia.com\/sercivios-vioges\/mantenimiento-de-plantas-de-tratamiento-de-aguas-residuales-potables\/","url":"https:\/\/viogescolombia.com\/sercivios-vioges\/mantenimiento-de-plantas-de-tratamiento-de-aguas-residuales-potables\/","name":"Mantenimiento de Plantas de Tratamiento de Aguas Residuales Potables - Vioges Colombia plantas de tratamiento de agua industrial","isPartOf":{"@id":"https:\/\/viogescolombia.com\/#website"},"primaryImageOfPage":{"@id":"https:\/\/viogescolombia.com\/sercivios-vioges\/mantenimiento-de-plantas-de-tratamiento-de-aguas-residuales-potables\/#primaryimage"},"image":{"@id":"https:\/\/viogescolombia.com\/sercivios-vioges\/mantenimiento-de-plantas-de-tratamiento-de-aguas-residuales-potables\/#primaryimage"},"thumbnailUrl":"https:\/\/viogescolombia.com\/wp-content\/uploads\/elementor\/thumbs\/laboratorio-toma-de-muestras-de-agua-en-rio-depuradora-coronovirus-810x456.jpg-qxx6abgupivtekrzpoblowvewpaho8y8oqb0x3t708.webp","datePublished":"2024-12-05T17:04:52+00:00","dateModified":"2024-12-05T17:16:18+00:00","description":"Mantenimiento de Plantas de Tratamiento de Aguas Residuales Potables - Vioges Colombia plantas de tratamiento de agua industrial - Ingeniar\u00eda para el tratamiento de aguas residuales, plantas de tratamiento de agua en Colombia","breadcrumb":{"@id":"https:\/\/viogescolombia.com\/sercivios-vioges\/mantenimiento-de-plantas-de-tratamiento-de-aguas-residuales-potables\/#breadcrumb"},"inLanguage":"es","potentialAction":[{"@type":"ReadAction","target":["https:\/\/viogescolombia.com\/sercivios-vioges\/mantenimiento-de-plantas-de-tratamiento-de-aguas-residuales-potables\/"]}]},{"@type":"ImageObject","inLanguage":"es","@id":"https:\/\/viogescolombia.com\/sercivios-vioges\/mantenimiento-de-plantas-de-tratamiento-de-aguas-residuales-potables\/#primaryimage","url":"https:\/\/viogescolombia.com\/wp-content\/uploads\/elementor\/thumbs\/laboratorio-toma-de-muestras-de-agua-en-rio-depuradora-coronovirus-810x456.jpg-qxx6abgupivtekrzpoblowvewpaho8y8oqb0x3t708.webp","contentUrl":"https:\/\/viogescolombia.com\/wp-content\/uploads\/elementor\/thumbs\/laboratorio-toma-de-muestras-de-agua-en-rio-depuradora-coronovirus-810x456.jpg-qxx6abgupivtekrzpoblowvewpaho8y8oqb0x3t708.webp"},{"@type":"BreadcrumbList","@id":"https:\/\/viogescolombia.com\/sercivios-vioges\/mantenimiento-de-plantas-de-tratamiento-de-aguas-residuales-potables\/#breadcrumb","itemListElement":[{"@type":"ListItem","position":1,"name":"Vioges","item":"https:\/\/viogescolombia.com\/"},{"@type":"ListItem","position":2,"name":"Sercivios Vioges","item":"https:\/\/viogescolombia.com\/sercivios-vioges\/"},{"@type":"ListItem","position":3,"name":"Mantenimiento de Plantas de Tratamiento de Aguas Residuales Potables"}]},{"@type":"WebSite","@id":"https:\/\/viogescolombia.com\/#website","url":"https:\/\/viogescolombia.com\/","name":"Vioges Ingenier\u00eda - Plantas de tratamiento de agua","description":"Plantas y accesorios para el tratamiento de agua","publisher":{"@id":"https:\/\/viogescolombia.com\/#organization"},"alternateName":"Vioges - Tratamiento de agua","potentialAction":[{"@type":"SearchAction","target":{"@type":"EntryPoint","urlTemplate":"https:\/\/viogescolombia.com\/?s={search_term_string}"},"query-input":{"@type":"PropertyValueSpecification","valueRequired":true,"valueName":"search_term_string"}}],"inLanguage":"es"},{"@type":"Organization","@id":"https:\/\/viogescolombia.com\/#organization","name":"Vioges Ingenier\u00eda SAS","alternateName":"Vioges Plantas para el tratamiento de agua","url":"https:\/\/viogescolombia.com\/","logo":{"@type":"ImageObject","inLanguage":"es","@id":"https:\/\/viogescolombia.com\/#\/schema\/logo\/image\/","url":"https:\/\/viogescolombia.com\/wp-content\/uploads\/2024\/07\/logo-Vioges.webp","contentUrl":"https:\/\/viogescolombia.com\/wp-content\/uploads\/2024\/07\/logo-Vioges.webp","width":900,"height":402,"caption":"Vioges Ingenier\u00eda SAS"},"image":{"@id":"https:\/\/viogescolombia.com\/#\/schema\/logo\/image\/"},"description":"Vioges Colombia es una empresa l\u00edder en el dise\u00f1o, construcci\u00f3n, operaci\u00f3n y mantenimiento de plantas de tratamiento de agua. Con m\u00e1s de 20 a\u00f1os de experiencia en el sector p\u00fablico y privado, su equipo de ingenieros y especialistas desarrolla soluciones integrales, inteligentes y ambientalmente sostenibles para cada desaf\u00edo a lo largo del ciclo del agua. Comprometidos con la innovaci\u00f3n, la calidad y el respeto al medio ambiente, en Vioges Colombia se trabaja d\u00eda a d\u00eda para optimizar procesos y garantizar agua de la m\u00e1s alta calidad, adapt\u00e1ndose a las normativas vigentes y a las necesidades particulares de cada cliente.","email":"contacto@viogescolombia.com","telephone":"(601) 756 0026","legalName":"Vioges Ingenieria SAS","numberOfEmployees":{"@type":"QuantitativeValue","minValue":"1","maxValue":"10"}},{"@type":"Person","@id":"https:\/\/viogescolombia.com\/#\/schema\/person\/68e053bfceb11680ba26594accbb7fee","name":"adminjbs","sameAs":["http:\/\/viogescolombia.com"],"url":"https:\/\/viogescolombia.com\/esp\/author\/adminjbs\/"}]}},"_links":{"self":[{"href":"https:\/\/viogescolombia.com\/esp\/wp-json\/wp\/v2\/pages\/864","targetHints":{"allow":["GET"]}}],"collection":[{"href":"https:\/\/viogescolombia.com\/esp\/wp-json\/wp\/v2\/pages"}],"about":[{"href":"https:\/\/viogescolombia.com\/esp\/wp-json\/wp\/v2\/types\/page"}],"author":[{"embeddable":true,"href":"https:\/\/viogescolombia.com\/esp\/wp-json\/wp\/v2\/users\/1"}],"replies":[{"embeddable":true,"href":"https:\/\/viogescolombia.com\/esp\/wp-json\/wp\/v2\/comments?post=864"}],"version-history":[{"count":4,"href":"https:\/\/viogescolombia.com\/esp\/wp-json\/wp\/v2\/pages\/864\/revisions"}],"predecessor-version":[{"id":869,"href":"https:\/\/viogescolombia.com\/esp\/wp-json\/wp\/v2\/pages\/864\/revisions\/869"}],"up":[{"embeddable":true,"href":"https:\/\/viogescolombia.com\/esp\/wp-json\/wp\/v2\/pages\/208"}],"wp:attachment":[{"href":"https:\/\/viogescolombia.com\/esp\/wp-json\/wp\/v2\/media?parent=864"}],"curies":[{"name":"wp","href":"https:\/\/api.w.org\/{rel}","templated":true}]}}