{"id":852,"date":"2024-12-02T10:57:31","date_gmt":"2024-12-02T15:57:31","guid":{"rendered":"https:\/\/viogescolombia.com\/?page_id=852"},"modified":"2024-12-02T11:25:03","modified_gmt":"2024-12-02T16:25:03","slug":"operacion-eficiente-de-plantas-de-tratamiento-de-agua","status":"publish","type":"page","link":"https:\/\/viogescolombia.com\/esp\/sercivios-vioges\/operacion-eficiente-de-plantas-de-tratamiento-de-agua\/","title":{"rendered":"Operaci\u00f3n Eficiente de Plantas de Tratamiento de Agua"},"content":{"rendered":"\t\t<div data-elementor-type=\"wp-page\" data-elementor-id=\"852\" class=\"elementor elementor-852\" data-elementor-post-type=\"page\">\n\t\t\t\t<div class=\"elementor-element elementor-element-26cbd6e5 e-flex e-con-boxed e-con e-parent\" data-id=\"26cbd6e5\" data-element_type=\"container\" data-settings=\"{&quot;background_background&quot;:&quot;classic&quot;}\">\n\t\t\t\t\t<div class=\"e-con-inner\">\n\t\t\t\t<div class=\"elementor-element elementor-element-4f523cd5 elementor-widget elementor-widget-heading\" data-id=\"4f523cd5\" data-element_type=\"widget\" data-widget_type=\"heading.default\">\n\t\t\t\t<div class=\"elementor-widget-container\">\n\t\t\t\t\t<h1 class=\"elementor-heading-title elementor-size-default\">Operaci\u00f3n Eficiente de Plantas de Tratamiento de Agua<\/h1>\t\t\t\t<\/div>\n\t\t\t\t<\/div>\n\t\t\t\t\t<\/div>\n\t\t\t\t<\/div>\n\t\t<div class=\"elementor-element elementor-element-739b21f0 e-flex e-con-boxed e-con e-parent\" data-id=\"739b21f0\" data-element_type=\"container\">\n\t\t\t\t\t<div class=\"e-con-inner\">\n\t\t\t\t<div class=\"elementor-element elementor-element-31f21970 elementor-widget elementor-widget-text-editor\" data-id=\"31f21970\" data-element_type=\"widget\" data-widget_type=\"text-editor.default\">\n\t\t\t\t<div class=\"elementor-widget-container\">\n\t\t\t\t\t\t\t\t\t<h2 class=\"mb-2 mt-6 text-lg first:mt-3\">Operaci\u00f3n Profesional de Plantas de Tratamiento de Agua<\/h2><p>En\u00a0<strong>VIOGES COLOMBIA<\/strong>, somos expertos en la\u00a0<strong>operaci\u00f3n eficiente<\/strong>\u00a0y profesional de plantas de tratamiento de agua. Nuestro objetivo es asegurar el \u00f3ptimo desempe\u00f1o y cumplimiento de las normativas ambientales vigentes, contribuyendo as\u00ed al cuidado del medio ambiente y a la sostenibilidad.<\/p><h2 class=\"mb-2 mt-6 text-lg first:mt-3\">\u00bfQu\u00e9 Incluye Nuestro Servicio?<\/h2><ul class=\"marker:text-textOff list-disc pl-8\"><li><strong>Monitoreo Constante:<\/strong>\u00a0Realizamos supervisi\u00f3n diaria de los procesos para garantizar su correcta ejecuci\u00f3n y detectar cualquier anomal\u00eda a tiempo.<\/li><li><strong>Personal Calificado:<\/strong>\u00a0Contamos con operadores expertos en tratamiento de aguas y manejo de sistemas especializados, asegurando un servicio profesional.<\/li><li><strong>Mantenimiento Continuo:<\/strong>\u00a0Implementamos rutinas preventivas y correctivas para evitar interrupciones en el funcionamiento del sistema.<\/li><li><strong>Gesti\u00f3n de Residuos:<\/strong>\u00a0Nos encargamos del tratamiento y disposici\u00f3n responsable de lodos y subproductos generados durante el proceso.<\/li><li><strong>Reportes Detallados:<\/strong>\u00a0Proporcionamos informes peri\u00f3dicos con indicadores clave de rendimiento y cumplimiento normativo para mantener a nuestros clientes informados.<\/li><\/ul><h2 class=\"mb-2 mt-6 text-lg first:mt-3\">Beneficios de Elegir VIOGES COLOMBIA<\/h2><p>Con nuestra experiencia y enfoque integral, ayudamos a las empresas a maximizar la eficiencia de sus sistemas de tratamiento de agua. Nuestros servicios no solo optimizan recursos, sino que tambi\u00e9n garantizan un manejo responsable del agua, contribuyendo al bienestar ambiental.<\/p>\t\t\t\t\t\t\t\t<\/div>\n\t\t\t\t<\/div>\n\t\t\t\t\t<\/div>\n\t\t\t\t<\/div>\n\t\t\t\t<\/div>\n\t\t","protected":false},"excerpt":{"rendered":"<p>Operaci\u00f3n Eficiente de Plantas de Tratamiento de Agua Operaci\u00f3n Profesional de Plantas de Tratamiento de Agua En\u00a0VIOGES COLOMBIA, somos expertos en la\u00a0operaci\u00f3n eficiente\u00a0y profesional de plantas de tratamiento de agua. Nuestro objetivo es asegurar el \u00f3ptimo desempe\u00f1o y cumplimiento de las normativas ambientales vigentes, contribuyendo as\u00ed al cuidado del medio ambiente y a la sostenibilidad. [&hellip;]<\/p>\n","protected":false},"author":1,"featured_media":0,"parent":208,"menu_order":0,"comment_status":"closed","ping_status":"closed","template":"","meta":{"_joinchat":[],"footnotes":""},"class_list":["post-852","page","type-page","status-publish","hentry"],"yoast_head":"<!-- This site is optimized with the Yoast SEO Premium plugin v24.5 (Yoast SEO v26.1.1) - https:\/\/yoast.com\/wordpress\/plugins\/seo\/ -->\n<title>Operaci\u00f3n Eficiente de Plantas de Tratamiento de Agua - Vioges Colombia plantas de tratamiento de agua industrial<\/title>\n<meta name=\"description\" content=\"En VIOGES COLOMBIA, ofrecemos servicios profesionales para la operaci\u00f3n de plantas de tratamiento de agua. Garantizamos eficiencia, cumplimiento normativo y sostenibilidad a trav\u00e9s de monitoreo constante, personal calificado y mantenimiento continuo. \u00a1Cont\u00e1ctanos para m\u00e1s informaci\u00f3n!\" \/>\n<meta name=\"robots\" content=\"index, follow, max-snippet:-1, max-image-preview:large, max-video-preview:-1\" \/>\n<link rel=\"canonical\" href=\"https:\/\/viogescolombia.com\/esp\/sercivios-vioges\/operacion-eficiente-de-plantas-de-tratamiento-de-agua\/\" \/>\n<meta property=\"og:locale\" content=\"es_ES\" \/>\n<meta property=\"og:type\" content=\"article\" \/>\n<meta property=\"og:title\" content=\"Operaci\u00f3n Eficiente de Plantas de Tratamiento de Agua\" \/>\n<meta property=\"og:description\" content=\"Operaci\u00f3n Eficiente de Plantas de Tratamiento de Agua - Vioges Colombia plantas de tratamiento de agua industrial , - Ingeniar\u00eda para el tratamiento de aguas residuales, plantas de tratamiento de agua en Colombia\" \/>\n<meta property=\"og:url\" content=\"https:\/\/viogescolombia.com\/esp\/sercivios-vioges\/operacion-eficiente-de-plantas-de-tratamiento-de-agua\/\" \/>\n<meta property=\"og:site_name\" content=\"Vioges Colombia plantas de tratamiento de agua industrial\" \/>\n<meta property=\"article:modified_time\" content=\"2024-12-02T16:25:03+00:00\" \/>\n<meta property=\"og:image\" content=\"https:\/\/viogescolombia.com\/wp-content\/uploads\/2024\/10\/WhatsApp-Image-2024-10-22-at-5.50.44-PM.jpg\" \/>\n\t<meta property=\"og:image:width\" content=\"2048\" \/>\n\t<meta property=\"og:image:height\" content=\"1443\" \/>\n\t<meta property=\"og:image:type\" content=\"image\/jpeg\" \/>\n<meta name=\"twitter:card\" content=\"summary_large_image\" \/>\n<meta name=\"twitter:label1\" content=\"Tiempo de lectura\" \/>\n\t<meta name=\"twitter:data1\" content=\"1 minuto\" \/>\n<script type=\"application\/ld+json\" class=\"yoast-schema-graph\">{\"@context\":\"https:\/\/schema.org\",\"@graph\":[{\"@type\":\"TechArticle\",\"@id\":\"https:\/\/viogescolombia.com\/sercivios-vioges\/operacion-eficiente-de-plantas-de-tratamiento-de-agua\/#article\",\"isPartOf\":{\"@id\":\"https:\/\/viogescolombia.com\/sercivios-vioges\/operacion-eficiente-de-plantas-de-tratamiento-de-agua\/\"},\"author\":{\"name\":\"adminjbs\",\"@id\":\"https:\/\/viogescolombia.com\/#\/schema\/person\/68e053bfceb11680ba26594accbb7fee\"},\"headline\":\"Operaci\u00f3n Eficiente de Plantas de Tratamiento de Agua\",\"datePublished\":\"2024-12-02T15:57:31+00:00\",\"dateModified\":\"2024-12-02T16:25:03+00:00\",\"mainEntityOfPage\":{\"@id\":\"https:\/\/viogescolombia.com\/sercivios-vioges\/operacion-eficiente-de-plantas-de-tratamiento-de-agua\/\"},\"wordCount\":217,\"publisher\":{\"@id\":\"https:\/\/viogescolombia.com\/#organization\"},\"inLanguage\":\"es\"},{\"@type\":\"WebPage\",\"@id\":\"https:\/\/viogescolombia.com\/sercivios-vioges\/operacion-eficiente-de-plantas-de-tratamiento-de-agua\/\",\"url\":\"https:\/\/viogescolombia.com\/sercivios-vioges\/operacion-eficiente-de-plantas-de-tratamiento-de-agua\/\",\"name\":\"Operaci\u00f3n Eficiente de Plantas de Tratamiento de Agua - Vioges Colombia plantas de tratamiento de agua industrial\",\"isPartOf\":{\"@id\":\"https:\/\/viogescolombia.com\/#website\"},\"datePublished\":\"2024-12-02T15:57:31+00:00\",\"dateModified\":\"2024-12-02T16:25:03+00:00\",\"description\":\"En VIOGES COLOMBIA, ofrecemos servicios profesionales para la operaci\u00f3n de plantas de tratamiento de agua. Garantizamos eficiencia, cumplimiento normativo y sostenibilidad a trav\u00e9s de monitoreo constante, personal calificado y mantenimiento continuo. \u00a1Cont\u00e1ctanos para m\u00e1s informaci\u00f3n!\",\"breadcrumb\":{\"@id\":\"https:\/\/viogescolombia.com\/sercivios-vioges\/operacion-eficiente-de-plantas-de-tratamiento-de-agua\/#breadcrumb\"},\"inLanguage\":\"es\",\"potentialAction\":[{\"@type\":\"ReadAction\",\"target\":[\"https:\/\/viogescolombia.com\/sercivios-vioges\/operacion-eficiente-de-plantas-de-tratamiento-de-agua\/\"]}]},{\"@type\":\"BreadcrumbList\",\"@id\":\"https:\/\/viogescolombia.com\/sercivios-vioges\/operacion-eficiente-de-plantas-de-tratamiento-de-agua\/#breadcrumb\",\"itemListElement\":[{\"@type\":\"ListItem\",\"position\":1,\"name\":\"Vioges\",\"item\":\"https:\/\/viogescolombia.com\/\"},{\"@type\":\"ListItem\",\"position\":2,\"name\":\"Sercivios Vioges\",\"item\":\"https:\/\/viogescolombia.com\/sercivios-vioges\/\"},{\"@type\":\"ListItem\",\"position\":3,\"name\":\"Operaci\u00f3n Eficiente de Plantas de Tratamiento de Agua\"}]},{\"@type\":\"WebSite\",\"@id\":\"https:\/\/viogescolombia.com\/#website\",\"url\":\"https:\/\/viogescolombia.com\/\",\"name\":\"Vioges Ingenier\u00eda - Plantas de tratamiento de agua\",\"description\":\"Plantas y accesorios para el tratamiento de agua\",\"publisher\":{\"@id\":\"https:\/\/viogescolombia.com\/#organization\"},\"alternateName\":\"Vioges - Tratamiento de agua\",\"potentialAction\":[{\"@type\":\"SearchAction\",\"target\":{\"@type\":\"EntryPoint\",\"urlTemplate\":\"https:\/\/viogescolombia.com\/?s={search_term_string}\"},\"query-input\":{\"@type\":\"PropertyValueSpecification\",\"valueRequired\":true,\"valueName\":\"search_term_string\"}}],\"inLanguage\":\"es\"},{\"@type\":\"Organization\",\"@id\":\"https:\/\/viogescolombia.com\/#organization\",\"name\":\"Vioges Ingenier\u00eda SAS\",\"alternateName\":\"Vioges Plantas para el tratamiento de agua\",\"url\":\"https:\/\/viogescolombia.com\/\",\"logo\":{\"@type\":\"ImageObject\",\"inLanguage\":\"es\",\"@id\":\"https:\/\/viogescolombia.com\/#\/schema\/logo\/image\/\",\"url\":\"https:\/\/viogescolombia.com\/wp-content\/uploads\/2024\/07\/logo-Vioges.webp\",\"contentUrl\":\"https:\/\/viogescolombia.com\/wp-content\/uploads\/2024\/07\/logo-Vioges.webp\",\"width\":900,\"height\":402,\"caption\":\"Vioges Ingenier\u00eda SAS\"},\"image\":{\"@id\":\"https:\/\/viogescolombia.com\/#\/schema\/logo\/image\/\"},\"description\":\"Vioges Colombia es una empresa l\u00edder en el dise\u00f1o, construcci\u00f3n, operaci\u00f3n y mantenimiento de plantas de tratamiento de agua. Con m\u00e1s de 20 a\u00f1os de experiencia en el sector p\u00fablico y privado, su equipo de ingenieros y especialistas desarrolla soluciones integrales, inteligentes y ambientalmente sostenibles para cada desaf\u00edo a lo largo del ciclo del agua. Comprometidos con la innovaci\u00f3n, la calidad y el respeto al medio ambiente, en Vioges Colombia se trabaja d\u00eda a d\u00eda para optimizar procesos y garantizar agua de la m\u00e1s alta calidad, adapt\u00e1ndose a las normativas vigentes y a las necesidades particulares de cada cliente.\",\"email\":\"contacto@viogescolombia.com\",\"telephone\":\"(601) 756 0026\",\"legalName\":\"Vioges Ingenieria SAS\",\"numberOfEmployees\":{\"@type\":\"QuantitativeValue\",\"minValue\":\"1\",\"maxValue\":\"10\"}},{\"@type\":\"Person\",\"@id\":\"https:\/\/viogescolombia.com\/#\/schema\/person\/68e053bfceb11680ba26594accbb7fee\",\"name\":\"adminjbs\",\"sameAs\":[\"http:\/\/viogescolombia.com\"],\"url\":\"https:\/\/viogescolombia.com\/esp\/author\/adminjbs\/\"}]}<\/script>\n<!-- \/ Yoast SEO Premium plugin. -->","yoast_head_json":{"title":"Operaci\u00f3n Eficiente de Plantas de Tratamiento de Agua - Vioges Colombia plantas de tratamiento de agua industrial","description":"En VIOGES COLOMBIA, ofrecemos servicios profesionales para la operaci\u00f3n de plantas de tratamiento de agua. Garantizamos eficiencia, cumplimiento normativo y sostenibilidad a trav\u00e9s de monitoreo constante, personal calificado y mantenimiento continuo. \u00a1Cont\u00e1ctanos para m\u00e1s informaci\u00f3n!","robots":{"index":"index","follow":"follow","max-snippet":"max-snippet:-1","max-image-preview":"max-image-preview:large","max-video-preview":"max-video-preview:-1"},"canonical":"https:\/\/viogescolombia.com\/esp\/sercivios-vioges\/operacion-eficiente-de-plantas-de-tratamiento-de-agua\/","og_locale":"es_ES","og_type":"article","og_title":"Operaci\u00f3n Eficiente de Plantas de Tratamiento de Agua","og_description":"Operaci\u00f3n Eficiente de Plantas de Tratamiento de Agua - Vioges Colombia plantas de tratamiento de agua industrial , - Ingeniar\u00eda para el tratamiento de aguas residuales, plantas de tratamiento de agua en Colombia","og_url":"https:\/\/viogescolombia.com\/esp\/sercivios-vioges\/operacion-eficiente-de-plantas-de-tratamiento-de-agua\/","og_site_name":"Vioges Colombia plantas de tratamiento de agua industrial","article_modified_time":"2024-12-02T16:25:03+00:00","og_image":[{"width":2048,"height":1443,"url":"https:\/\/viogescolombia.com\/wp-content\/uploads\/2024\/10\/WhatsApp-Image-2024-10-22-at-5.50.44-PM.jpg","type":"image\/jpeg"}],"twitter_card":"summary_large_image","twitter_misc":{"Tiempo de lectura":"1 minuto"},"schema":{"@context":"https:\/\/schema.org","@graph":[{"@type":"TechArticle","@id":"https:\/\/viogescolombia.com\/sercivios-vioges\/operacion-eficiente-de-plantas-de-tratamiento-de-agua\/#article","isPartOf":{"@id":"https:\/\/viogescolombia.com\/sercivios-vioges\/operacion-eficiente-de-plantas-de-tratamiento-de-agua\/"},"author":{"name":"adminjbs","@id":"https:\/\/viogescolombia.com\/#\/schema\/person\/68e053bfceb11680ba26594accbb7fee"},"headline":"Operaci\u00f3n Eficiente de Plantas de Tratamiento de Agua","datePublished":"2024-12-02T15:57:31+00:00","dateModified":"2024-12-02T16:25:03+00:00","mainEntityOfPage":{"@id":"https:\/\/viogescolombia.com\/sercivios-vioges\/operacion-eficiente-de-plantas-de-tratamiento-de-agua\/"},"wordCount":217,"publisher":{"@id":"https:\/\/viogescolombia.com\/#organization"},"inLanguage":"es"},{"@type":"WebPage","@id":"https:\/\/viogescolombia.com\/sercivios-vioges\/operacion-eficiente-de-plantas-de-tratamiento-de-agua\/","url":"https:\/\/viogescolombia.com\/sercivios-vioges\/operacion-eficiente-de-plantas-de-tratamiento-de-agua\/","name":"Operaci\u00f3n Eficiente de Plantas de Tratamiento de Agua - Vioges Colombia plantas de tratamiento de agua industrial","isPartOf":{"@id":"https:\/\/viogescolombia.com\/#website"},"datePublished":"2024-12-02T15:57:31+00:00","dateModified":"2024-12-02T16:25:03+00:00","description":"En VIOGES COLOMBIA, ofrecemos servicios profesionales para la operaci\u00f3n de plantas de tratamiento de agua. Garantizamos eficiencia, cumplimiento normativo y sostenibilidad a trav\u00e9s de monitoreo constante, personal calificado y mantenimiento continuo. \u00a1Cont\u00e1ctanos para m\u00e1s informaci\u00f3n!","breadcrumb":{"@id":"https:\/\/viogescolombia.com\/sercivios-vioges\/operacion-eficiente-de-plantas-de-tratamiento-de-agua\/#breadcrumb"},"inLanguage":"es","potentialAction":[{"@type":"ReadAction","target":["https:\/\/viogescolombia.com\/sercivios-vioges\/operacion-eficiente-de-plantas-de-tratamiento-de-agua\/"]}]},{"@type":"BreadcrumbList","@id":"https:\/\/viogescolombia.com\/sercivios-vioges\/operacion-eficiente-de-plantas-de-tratamiento-de-agua\/#breadcrumb","itemListElement":[{"@type":"ListItem","position":1,"name":"Vioges","item":"https:\/\/viogescolombia.com\/"},{"@type":"ListItem","position":2,"name":"Sercivios Vioges","item":"https:\/\/viogescolombia.com\/sercivios-vioges\/"},{"@type":"ListItem","position":3,"name":"Operaci\u00f3n Eficiente de Plantas de Tratamiento de Agua"}]},{"@type":"WebSite","@id":"https:\/\/viogescolombia.com\/#website","url":"https:\/\/viogescolombia.com\/","name":"Vioges Ingenier\u00eda - Plantas de tratamiento de agua","description":"Plantas y accesorios para el tratamiento de agua","publisher":{"@id":"https:\/\/viogescolombia.com\/#organization"},"alternateName":"Vioges - Tratamiento de agua","potentialAction":[{"@type":"SearchAction","target":{"@type":"EntryPoint","urlTemplate":"https:\/\/viogescolombia.com\/?s={search_term_string}"},"query-input":{"@type":"PropertyValueSpecification","valueRequired":true,"valueName":"search_term_string"}}],"inLanguage":"es"},{"@type":"Organization","@id":"https:\/\/viogescolombia.com\/#organization","name":"Vioges Ingenier\u00eda SAS","alternateName":"Vioges Plantas para el tratamiento de agua","url":"https:\/\/viogescolombia.com\/","logo":{"@type":"ImageObject","inLanguage":"es","@id":"https:\/\/viogescolombia.com\/#\/schema\/logo\/image\/","url":"https:\/\/viogescolombia.com\/wp-content\/uploads\/2024\/07\/logo-Vioges.webp","contentUrl":"https:\/\/viogescolombia.com\/wp-content\/uploads\/2024\/07\/logo-Vioges.webp","width":900,"height":402,"caption":"Vioges Ingenier\u00eda SAS"},"image":{"@id":"https:\/\/viogescolombia.com\/#\/schema\/logo\/image\/"},"description":"Vioges Colombia es una empresa l\u00edder en el dise\u00f1o, construcci\u00f3n, operaci\u00f3n y mantenimiento de plantas de tratamiento de agua. Con m\u00e1s de 20 a\u00f1os de experiencia en el sector p\u00fablico y privado, su equipo de ingenieros y especialistas desarrolla soluciones integrales, inteligentes y ambientalmente sostenibles para cada desaf\u00edo a lo largo del ciclo del agua. Comprometidos con la innovaci\u00f3n, la calidad y el respeto al medio ambiente, en Vioges Colombia se trabaja d\u00eda a d\u00eda para optimizar procesos y garantizar agua de la m\u00e1s alta calidad, adapt\u00e1ndose a las normativas vigentes y a las necesidades particulares de cada cliente.","email":"contacto@viogescolombia.com","telephone":"(601) 756 0026","legalName":"Vioges Ingenieria SAS","numberOfEmployees":{"@type":"QuantitativeValue","minValue":"1","maxValue":"10"}},{"@type":"Person","@id":"https:\/\/viogescolombia.com\/#\/schema\/person\/68e053bfceb11680ba26594accbb7fee","name":"adminjbs","sameAs":["http:\/\/viogescolombia.com"],"url":"https:\/\/viogescolombia.com\/esp\/author\/adminjbs\/"}]}},"_links":{"self":[{"href":"https:\/\/viogescolombia.com\/esp\/wp-json\/wp\/v2\/pages\/852","targetHints":{"allow":["GET"]}}],"collection":[{"href":"https:\/\/viogescolombia.com\/esp\/wp-json\/wp\/v2\/pages"}],"about":[{"href":"https:\/\/viogescolombia.com\/esp\/wp-json\/wp\/v2\/types\/page"}],"author":[{"embeddable":true,"href":"https:\/\/viogescolombia.com\/esp\/wp-json\/wp\/v2\/users\/1"}],"replies":[{"embeddable":true,"href":"https:\/\/viogescolombia.com\/esp\/wp-json\/wp\/v2\/comments?post=852"}],"version-history":[{"count":4,"href":"https:\/\/viogescolombia.com\/esp\/wp-json\/wp\/v2\/pages\/852\/revisions"}],"predecessor-version":[{"id":860,"href":"https:\/\/viogescolombia.com\/esp\/wp-json\/wp\/v2\/pages\/852\/revisions\/860"}],"up":[{"embeddable":true,"href":"https:\/\/viogescolombia.com\/esp\/wp-json\/wp\/v2\/pages\/208"}],"wp:attachment":[{"href":"https:\/\/viogescolombia.com\/esp\/wp-json\/wp\/v2\/media?parent=852"}],"curies":[{"name":"wp","href":"https:\/\/api.w.org\/{rel}","templated":true}]}}