{"id":631,"date":"2024-09-02T16:54:15","date_gmt":"2024-09-02T21:54:15","guid":{"rendered":"https:\/\/viogescolombia.com\/?post_type=product&#038;p=631"},"modified":"2025-05-21T22:15:11","modified_gmt":"2025-05-22T03:15:11","slug":"planta-de-agua-lluvia","status":"publish","type":"product","link":"https:\/\/viogescolombia.com\/eng\/product\/planta-de-agua-lluvia\/","title":{"rendered":"Planta de Agua Lluvia"},"content":{"rendered":"<p>La <strong>planta de tratamiento de agua<\/strong> lluvia est\u00e1 dise\u00f1ada para captar, filtrar y acondicionar el agua de lluvia, haci\u00e9ndola apta para diversos usos, como riego, procesos industriales, limpieza o reutilizaci\u00f3n en servicios sanitarios. Su capacidad de tratamiento es de 5 m\u00b3 por d\u00eda y cuenta con un sistema de filtraci\u00f3n escalonada para garantizar una adecuada calidad del agua.<\/p>\n<h3>Aplicaciones<\/h3>\n<ul>\n<li>Sistemas de recolecci\u00f3n de agua en edificaciones.<\/li>\n<li>Riego de jardines y \u00e1reas verdes.<\/li>\n<li>Uso en procesos industriales.<\/li>\n<li>Abastecimiento de agua para limpieza y servicios sanitarios.<\/li>\n<\/ul>\n<h3>Beneficios<\/h3>\n<ul>\n<li>Aprovechamiento del agua de lluvia para usos alternativos.<\/li>\n<li>Reducci\u00f3n del consumo de agua potable y costos asociados.<\/li>\n<li>Filtraci\u00f3n eficiente en varias etapas para mejorar la calidad del agua.<\/li>\n<li>F\u00e1cil operaci\u00f3n y mantenimiento.<\/li>\n<\/ul>\n<h3>Especificaciones Tecnicas<\/h3>\n<p><img fetchpriority=\"high\" decoding=\"async\" class=\"alignnone wp-image-972\" src=\"https:\/\/viogescolombia.com\/wp-content\/uploads\/2024\/09\/Captura-de-pantalla-2025-05-21-a-las-22.14.22.png\" alt=\"\" width=\"808\" height=\"107\" srcset=\"https:\/\/viogescolombia.com\/wp-content\/uploads\/2024\/09\/Captura-de-pantalla-2025-05-21-a-las-22.14.22.png 1778w, https:\/\/viogescolombia.com\/wp-content\/uploads\/2024\/09\/Captura-de-pantalla-2025-05-21-a-las-22.14.22-300x39.png 300w, https:\/\/viogescolombia.com\/wp-content\/uploads\/2024\/09\/Captura-de-pantalla-2025-05-21-a-las-22.14.22-1024x135.png 1024w, https:\/\/viogescolombia.com\/wp-content\/uploads\/2024\/09\/Captura-de-pantalla-2025-05-21-a-las-22.14.22-768x101.png 768w, https:\/\/viogescolombia.com\/wp-content\/uploads\/2024\/09\/Captura-de-pantalla-2025-05-21-a-las-22.14.22-1536x202.png 1536w, https:\/\/viogescolombia.com\/wp-content\/uploads\/2024\/09\/Captura-de-pantalla-2025-05-21-a-las-22.14.22-18x2.png 18w, https:\/\/viogescolombia.com\/wp-content\/uploads\/2024\/09\/Captura-de-pantalla-2025-05-21-a-las-22.14.22-600x79.png 600w\" sizes=\"(max-width: 808px) 100vw, 808px\" \/><\/p>","protected":false},"excerpt":{"rendered":"<h3><strong>Caracter\u00edsticas\u00a0<\/strong><\/h3>\n<p><strong>Componentes del sistema<\/strong><\/p>\n<ul>\n<li><strong>Prefiltros (2 unidades):<\/strong> Eliminan part\u00edculas gruesas como hojas, tierra y sedimentos grandes.<\/li>\n<li><strong>Filtro de lecho mixto:<\/strong> Retiene s\u00f3lidos suspendidos finos y mejora la calidad del agua en t\u00e9rminos de turbidez.<\/li>\n<li><strong>Conjunto de filtros de cartucho:<\/strong> Filtraci\u00f3n de part\u00edculas finas y eliminaci\u00f3n de contaminantes espec\u00edficos seg\u00fan el tipo de cartucho utilizado.<\/li>\n<li><strong>Bomba centr\u00edfuga de transferencia:<\/strong> Permite el bombeo del agua tratada hacia el punto de uso o almacenamiento.<\/li>\n<li><strong>Tablero el\u00e9ctrico y de control:<\/strong> Automatiza el sistema y permite monitorear el funcionamiento de la planta.<\/li>\n<\/ul>","protected":false},"featured_media":632,"comment_status":"open","ping_status":"closed","template":"","meta":{"_joinchat":[]},"product_brand":[],"product_cat":[23],"product_tag":[225],"class_list":{"0":"post-631","1":"product","2":"type-product","3":"status-publish","4":"has-post-thumbnail","6":"product_cat-plantas-de-tratamiento-de-agua","7":"product_tag-sistema-casero-de-tratamiento-de-agua-lluvia","9":"first","10":"instock","11":"shipping-taxable","12":"product-type-simple"},"yoast_head":"<!-- This site is optimized with the Yoast SEO Premium plugin v24.5 (Yoast SEO v26.1.1) - https:\/\/yoast.com\/wordpress\/plugins\/seo\/ -->\n<title>Planta de Agua Lluvia - Vioges Colombia plantas de tratamiento de agua industrial<\/title>\n<meta name=\"description\" content=\"Planta de Agua Lluvia - Vioges Colombia plantas de tratamiento de agua industrial - Ingeniar\u00eda para el tratamiento de aguas residuales\" \/>\n<meta name=\"robots\" content=\"index, follow, max-snippet:-1, max-image-preview:large, max-video-preview:-1\" \/>\n<link rel=\"canonical\" href=\"https:\/\/viogescolombia.com\/eng\/product\/planta-de-agua-lluvia\/\" \/>\n<meta property=\"og:locale\" content=\"en_US\" \/>\n<meta property=\"og:type\" content=\"article\" \/>\n<meta property=\"og:title\" content=\"Planta de Agua Lluvia - Vioges Colombia plantas de tratamiento de agua industrial\" \/>\n<meta property=\"og:description\" content=\"Planta de Agua Lluvia - Vioges Colombia plantas de tratamiento de agua industrial - Ingeniar\u00eda para el tratamiento de aguas residuales, plantas de tratamiento de agua en Colombia\" \/>\n<meta property=\"og:url\" content=\"https:\/\/viogescolombia.com\/eng\/product\/planta-de-agua-lluvia\/\" \/>\n<meta property=\"og:site_name\" content=\"Vioges Colombia plantas de tratamiento de agua industrial\" \/>\n<meta property=\"article:modified_time\" content=\"2025-05-22T03:15:11+00:00\" \/>\n<meta property=\"og:image\" content=\"https:\/\/viogescolombia.com\/wp-content\/uploads\/2024\/09\/Vioges-web-11.jpg\" \/>\n\t<meta property=\"og:image:width\" content=\"960\" \/>\n\t<meta property=\"og:image:height\" content=\"540\" \/>\n\t<meta property=\"og:image:type\" content=\"image\/jpeg\" \/>\n<meta name=\"twitter:card\" content=\"summary_large_image\" \/>\n<meta name=\"twitter:label1\" content=\"Price\" \/>\n\t<meta name=\"twitter:data1\" content=\"\" \/>\n\t<meta name=\"twitter:label2\" content=\"Availability\" \/>\n\t<meta name=\"twitter:data2\" content=\"In stock\" \/>\n<script type=\"application\/ld+json\" class=\"yoast-schema-graph\">{\"@context\":\"https:\/\/schema.org\",\"@graph\":[{\"@type\":\"WebPage\",\"@id\":\"https:\/\/viogescolombia.com\/producto\/planta-de-agua-lluvia\/\",\"url\":\"https:\/\/viogescolombia.com\/producto\/planta-de-agua-lluvia\/\",\"name\":\"Planta de Agua Lluvia - Vioges Colombia plantas de tratamiento de agua industrial\",\"isPartOf\":{\"@id\":\"https:\/\/viogescolombia.com\/#website\"},\"primaryImageOfPage\":{\"@id\":\"https:\/\/viogescolombia.com\/producto\/planta-de-agua-lluvia\/#primaryimage\"},\"image\":{\"@id\":\"https:\/\/viogescolombia.com\/producto\/planta-de-agua-lluvia\/#primaryimage\"},\"thumbnailUrl\":\"https:\/\/viogescolombia.com\/wp-content\/uploads\/2024\/09\/Vioges-web-11.jpg\",\"datePublished\":\"2024-09-02T21:54:15+00:00\",\"dateModified\":\"2025-05-22T03:15:11+00:00\",\"description\":\"Planta de Agua Lluvia - Vioges Colombia plantas de tratamiento de agua industrial - Ingeniar\u00eda para el tratamiento de aguas residuales\",\"breadcrumb\":{\"@id\":\"https:\/\/viogescolombia.com\/producto\/planta-de-agua-lluvia\/#breadcrumb\"},\"inLanguage\":\"en-US\",\"potentialAction\":[{\"@type\":\"ReadAction\",\"target\":[\"https:\/\/viogescolombia.com\/producto\/planta-de-agua-lluvia\/\"]}]},{\"@type\":\"ImageObject\",\"inLanguage\":\"en-US\",\"@id\":\"https:\/\/viogescolombia.com\/producto\/planta-de-agua-lluvia\/#primaryimage\",\"url\":\"https:\/\/viogescolombia.com\/wp-content\/uploads\/2024\/09\/Vioges-web-11.jpg\",\"contentUrl\":\"https:\/\/viogescolombia.com\/wp-content\/uploads\/2024\/09\/Vioges-web-11.jpg\",\"width\":960,\"height\":540,\"caption\":\"Sistema casero de tratamiento de agua lluvia\"},{\"@type\":\"BreadcrumbList\",\"@id\":\"https:\/\/viogescolombia.com\/producto\/planta-de-agua-lluvia\/#breadcrumb\",\"itemListElement\":[{\"@type\":\"ListItem\",\"position\":1,\"name\":\"Vioges\",\"item\":\"https:\/\/viogescolombia.com\/\"},{\"@type\":\"ListItem\",\"position\":2,\"name\":\"Tienda Vioges\",\"item\":\"https:\/\/viogescolombia.com\/esp\/tienda-vioges\/\"},{\"@type\":\"ListItem\",\"position\":3,\"name\":\"Planta de Agua Lluvia\"}]},{\"@type\":\"WebSite\",\"@id\":\"https:\/\/viogescolombia.com\/#website\",\"url\":\"https:\/\/viogescolombia.com\/\",\"name\":\"Vioges Ingenier\u00eda - Plantas de tratamiento de agua\",\"description\":\"Plantas y accesorios para el tratamiento de agua\",\"publisher\":{\"@id\":\"https:\/\/viogescolombia.com\/#organization\"},\"alternateName\":\"Vioges - Tratamiento de agua\",\"potentialAction\":[{\"@type\":\"SearchAction\",\"target\":{\"@type\":\"EntryPoint\",\"urlTemplate\":\"https:\/\/viogescolombia.com\/?s={search_term_string}\"},\"query-input\":{\"@type\":\"PropertyValueSpecification\",\"valueRequired\":true,\"valueName\":\"search_term_string\"}}],\"inLanguage\":\"en-US\"},{\"@type\":\"Organization\",\"@id\":\"https:\/\/viogescolombia.com\/#organization\",\"name\":\"Vioges Ingenier\u00eda SAS\",\"alternateName\":\"Vioges Plantas para el tratamiento de agua\",\"url\":\"https:\/\/viogescolombia.com\/\",\"logo\":{\"@type\":\"ImageObject\",\"inLanguage\":\"en-US\",\"@id\":\"https:\/\/viogescolombia.com\/#\/schema\/logo\/image\/\",\"url\":\"https:\/\/viogescolombia.com\/wp-content\/uploads\/2024\/07\/logo-Vioges.webp\",\"contentUrl\":\"https:\/\/viogescolombia.com\/wp-content\/uploads\/2024\/07\/logo-Vioges.webp\",\"width\":900,\"height\":402,\"caption\":\"Vioges Ingenier\u00eda SAS\"},\"image\":{\"@id\":\"https:\/\/viogescolombia.com\/#\/schema\/logo\/image\/\"},\"description\":\"Vioges Colombia es una empresa l\u00edder en el dise\u00f1o, construcci\u00f3n, operaci\u00f3n y mantenimiento de plantas de tratamiento de agua. Con m\u00e1s de 20 a\u00f1os de experiencia en el sector p\u00fablico y privado, su equipo de ingenieros y especialistas desarrolla soluciones integrales, inteligentes y ambientalmente sostenibles para cada desaf\u00edo a lo largo del ciclo del agua. Comprometidos con la innovaci\u00f3n, la calidad y el respeto al medio ambiente, en Vioges Colombia se trabaja d\u00eda a d\u00eda para optimizar procesos y garantizar agua de la m\u00e1s alta calidad, adapt\u00e1ndose a las normativas vigentes y a las necesidades particulares de cada cliente.\",\"email\":\"contacto@viogescolombia.com\",\"telephone\":\"(601) 756 0026\",\"legalName\":\"Vioges Ingenieria SAS\",\"numberOfEmployees\":{\"@type\":\"QuantitativeValue\",\"minValue\":\"1\",\"maxValue\":\"10\"}}]}<\/script>\n<meta property=\"product:price:currency\" content=\"COP\" \/>\n<meta property=\"og:availability\" content=\"instock\" \/>\n<meta property=\"product:availability\" content=\"instock\" \/>\n<meta property=\"product:retailer_item_id\" content=\"FT-SCALL-001\" \/>\n<meta property=\"product:condition\" content=\"new\" \/>\n<!-- \/ Yoast SEO Premium plugin. -->","yoast_head_json":{"title":"Planta de Agua Lluvia - Vioges Colombia plantas de tratamiento de agua industrial","description":"Planta de Agua Lluvia - Vioges Colombia plantas de tratamiento de agua industrial - Ingeniar\u00eda para el tratamiento de aguas residuales","robots":{"index":"index","follow":"follow","max-snippet":"max-snippet:-1","max-image-preview":"max-image-preview:large","max-video-preview":"max-video-preview:-1"},"canonical":"https:\/\/viogescolombia.com\/eng\/product\/planta-de-agua-lluvia\/","og_locale":"en_US","og_type":"article","og_title":"Planta de Agua Lluvia - Vioges Colombia plantas de tratamiento de agua industrial","og_description":"Planta de Agua Lluvia - Vioges Colombia plantas de tratamiento de agua industrial - Ingeniar\u00eda para el tratamiento de aguas residuales, plantas de tratamiento de agua en Colombia","og_url":"https:\/\/viogescolombia.com\/eng\/product\/planta-de-agua-lluvia\/","og_site_name":"Vioges Colombia plantas de tratamiento de agua industrial","article_modified_time":"2025-05-22T03:15:11+00:00","og_image":[{"width":960,"height":540,"url":"https:\/\/viogescolombia.com\/wp-content\/uploads\/2024\/09\/Vioges-web-11.jpg","type":"image\/jpeg"}],"twitter_card":"summary_large_image","twitter_misc":{"Price":"","Availability":"In stock"},"schema":{"@context":"https:\/\/schema.org","@graph":[{"@type":"WebPage","@id":"https:\/\/viogescolombia.com\/producto\/planta-de-agua-lluvia\/","url":"https:\/\/viogescolombia.com\/producto\/planta-de-agua-lluvia\/","name":"Planta de Agua Lluvia - Vioges Colombia plantas de tratamiento de agua industrial","isPartOf":{"@id":"https:\/\/viogescolombia.com\/#website"},"primaryImageOfPage":{"@id":"https:\/\/viogescolombia.com\/producto\/planta-de-agua-lluvia\/#primaryimage"},"image":{"@id":"https:\/\/viogescolombia.com\/producto\/planta-de-agua-lluvia\/#primaryimage"},"thumbnailUrl":"https:\/\/viogescolombia.com\/wp-content\/uploads\/2024\/09\/Vioges-web-11.jpg","datePublished":"2024-09-02T21:54:15+00:00","dateModified":"2025-05-22T03:15:11+00:00","description":"Planta de Agua Lluvia - Vioges Colombia plantas de tratamiento de agua industrial - Ingeniar\u00eda para el tratamiento de aguas residuales","breadcrumb":{"@id":"https:\/\/viogescolombia.com\/producto\/planta-de-agua-lluvia\/#breadcrumb"},"inLanguage":"en-US","potentialAction":[{"@type":"ReadAction","target":["https:\/\/viogescolombia.com\/producto\/planta-de-agua-lluvia\/"]}]},{"@type":"ImageObject","inLanguage":"en-US","@id":"https:\/\/viogescolombia.com\/producto\/planta-de-agua-lluvia\/#primaryimage","url":"https:\/\/viogescolombia.com\/wp-content\/uploads\/2024\/09\/Vioges-web-11.jpg","contentUrl":"https:\/\/viogescolombia.com\/wp-content\/uploads\/2024\/09\/Vioges-web-11.jpg","width":960,"height":540,"caption":"Sistema casero de tratamiento de agua lluvia"},{"@type":"BreadcrumbList","@id":"https:\/\/viogescolombia.com\/producto\/planta-de-agua-lluvia\/#breadcrumb","itemListElement":[{"@type":"ListItem","position":1,"name":"Vioges","item":"https:\/\/viogescolombia.com\/"},{"@type":"ListItem","position":2,"name":"Tienda Vioges","item":"https:\/\/viogescolombia.com\/esp\/tienda-vioges\/"},{"@type":"ListItem","position":3,"name":"Planta de Agua Lluvia"}]},{"@type":"WebSite","@id":"https:\/\/viogescolombia.com\/#website","url":"https:\/\/viogescolombia.com\/","name":"Vioges Ingenier\u00eda - Plantas de tratamiento de agua","description":"Plantas y accesorios para el tratamiento de agua","publisher":{"@id":"https:\/\/viogescolombia.com\/#organization"},"alternateName":"Vioges - Tratamiento de agua","potentialAction":[{"@type":"SearchAction","target":{"@type":"EntryPoint","urlTemplate":"https:\/\/viogescolombia.com\/?s={search_term_string}"},"query-input":{"@type":"PropertyValueSpecification","valueRequired":true,"valueName":"search_term_string"}}],"inLanguage":"en-US"},{"@type":"Organization","@id":"https:\/\/viogescolombia.com\/#organization","name":"Vioges Ingenier\u00eda SAS","alternateName":"Vioges Plantas para el tratamiento de agua","url":"https:\/\/viogescolombia.com\/","logo":{"@type":"ImageObject","inLanguage":"en-US","@id":"https:\/\/viogescolombia.com\/#\/schema\/logo\/image\/","url":"https:\/\/viogescolombia.com\/wp-content\/uploads\/2024\/07\/logo-Vioges.webp","contentUrl":"https:\/\/viogescolombia.com\/wp-content\/uploads\/2024\/07\/logo-Vioges.webp","width":900,"height":402,"caption":"Vioges Ingenier\u00eda SAS"},"image":{"@id":"https:\/\/viogescolombia.com\/#\/schema\/logo\/image\/"},"description":"Vioges Colombia es una empresa l\u00edder en el dise\u00f1o, construcci\u00f3n, operaci\u00f3n y mantenimiento de plantas de tratamiento de agua. Con m\u00e1s de 20 a\u00f1os de experiencia en el sector p\u00fablico y privado, su equipo de ingenieros y especialistas desarrolla soluciones integrales, inteligentes y ambientalmente sostenibles para cada desaf\u00edo a lo largo del ciclo del agua. Comprometidos con la innovaci\u00f3n, la calidad y el respeto al medio ambiente, en Vioges Colombia se trabaja d\u00eda a d\u00eda para optimizar procesos y garantizar agua de la m\u00e1s alta calidad, adapt\u00e1ndose a las normativas vigentes y a las necesidades particulares de cada cliente.","email":"contacto@viogescolombia.com","telephone":"(601) 756 0026","legalName":"Vioges Ingenieria SAS","numberOfEmployees":{"@type":"QuantitativeValue","minValue":"1","maxValue":"10"}}]},"product_price_currency":"COP","og_availability":"instock","product_availability":"instock","product_retailer_item_id":"FT-SCALL-001","product_condition":"new"},"_links":{"self":[{"href":"https:\/\/viogescolombia.com\/eng\/wp-json\/wp\/v2\/product\/631","targetHints":{"allow":["GET"]}}],"collection":[{"href":"https:\/\/viogescolombia.com\/eng\/wp-json\/wp\/v2\/product"}],"about":[{"href":"https:\/\/viogescolombia.com\/eng\/wp-json\/wp\/v2\/types\/product"}],"replies":[{"embeddable":true,"href":"https:\/\/viogescolombia.com\/eng\/wp-json\/wp\/v2\/comments?post=631"}],"wp:featuredmedia":[{"embeddable":true,"href":"https:\/\/viogescolombia.com\/eng\/wp-json\/wp\/v2\/media\/632"}],"wp:attachment":[{"href":"https:\/\/viogescolombia.com\/eng\/wp-json\/wp\/v2\/media?parent=631"}],"wp:term":[{"taxonomy":"product_brand","embeddable":true,"href":"https:\/\/viogescolombia.com\/eng\/wp-json\/wp\/v2\/product_brand?post=631"},{"taxonomy":"product_cat","embeddable":true,"href":"https:\/\/viogescolombia.com\/eng\/wp-json\/wp\/v2\/product_cat?post=631"},{"taxonomy":"product_tag","embeddable":true,"href":"https:\/\/viogescolombia.com\/eng\/wp-json\/wp\/v2\/product_tag?post=631"}],"curies":[{"name":"wp","href":"https:\/\/api.w.org\/{rel}","templated":true}]}}