{"id":617,"date":"2024-08-30T14:21:58","date_gmt":"2024-08-30T19:21:58","guid":{"rendered":"https:\/\/viogescolombia.com\/?post_type=product&#038;p=617"},"modified":"2025-05-21T18:25:01","modified_gmt":"2025-05-21T23:25:01","slug":"sistema-de-bomba-duplex","status":"publish","type":"product","link":"https:\/\/viogescolombia.com\/eng\/product\/sistema-de-bomba-duplex\/","title":{"rendered":"Sistema de bombeo pre-ensamblado 680"},"content":{"rendered":"<div class=\"row\">\n<div class=\"col-xs-12 col-sm-6\">\n<div class=\"productLong\">\n<p>La serie <strong>ProVore\u2122 680<\/strong> es un sistema d\u00faplex dise\u00f1ado para elmanejo de aguas residuales en aplicaciones residenciales ycomerciales ligeras. Este sistema cuenta con tecnolog\u00edaavanzada para triturar residuos s\u00f3lidos y evitar obstrucciones,ideal para instalaciones donde no hay drenaje por gravedaddisponible.<\/p>\n<\/div>\n<h3>Aplicaciones<\/h3>\n<ul>\n<li>Instalaciones residenciales.<\/li>\n<li>Remodelaciones de ba\u00f1os ens\u00f3tanos.<\/li>\n<li>Sistemas de aguas residualesdonde no hay drenaje porgravedad.<\/li>\n<\/ul>\n<h3>Informaci\u00f3n adicional<\/h3>\n<ul>\n<li>Extensi\u00f3n de Tanque X8 (OptionalBasin Extension).<\/li>\n<li>Aumenta la altura del tanque en 8pulgadas para adaptarse ainstalaciones con tuber\u00edas m\u00e1sprofundas.<\/li>\n<li>Incluye empaques, pernos deacero inoxidable y QuickTree\u00aepara f\u00e1cil acceso.<\/li>\n<li>PDC Duplex Control.<\/li>\n<li>Alterna autom\u00e1ticamente laoperaci\u00f3n entre ambas bombas.<\/li>\n<li>Gabinete NEMA 1 para interiorescon cableado preconfigurado.<\/li>\n<li>Alarmas de seguridad y lucesindicadoras de funcionamiento.<\/li>\n<li>Compatible con sistemas de 115V o230V.<\/li>\n<\/ul>\n<\/div>\n<\/div>","protected":false},"excerpt":{"rendered":"<h3><strong>Caracteristicas<\/strong><\/h3>\n<ul>\n<li>Tecnolog\u00eda V-Slice\u00ae: Sistema de corte que tritura materialesfibrosos y evita atascos.<\/li>\n<li>QuickTree\u00ae Technology: Facilita el mantenimiento alpermitir acceso r\u00e1pido a los interruptores flotantes.<\/li>\n<li>Construcci\u00f3n Robusta: Tanque sellado con tapas reforzadasy materiales resistentes a la corrosi\u00f3n.<\/li>\n<li>Operaci\u00f3n Eficiente: Alternancia autom\u00e1tica entre bombaspara prolongar su vida \u00fatil.<\/li>\n<li>Indicadores Luminosos: Se\u00f1ales visuales para monitorear elestado de las bombas.<\/li>\n<li>Alarma de Seguridad: Alarmas audibles y visuales en casode fallas.<\/li>\n<\/ul>","protected":false},"featured_media":618,"comment_status":"open","ping_status":"closed","template":"","meta":{"_joinchat":[]},"product_brand":[241],"product_cat":[213],"product_tag":[212,215,214],"class_list":{"0":"post-617","1":"product","2":"type-product","3":"status-publish","4":"has-post-thumbnail","6":"product_brand-liberty-pumps","7":"product_cat-sistemas-de-bombeo-pre-ensamblados","8":"product_tag-liberty-pumps","9":"product_tag-pre-ensamblado","10":"product_tag-sistemas-de-bombeo","12":"first","13":"instock","14":"shipping-taxable","15":"product-type-simple"},"yoast_head":"<!-- This site is optimized with the Yoast SEO Premium plugin v24.5 (Yoast SEO v26.1.1) - https:\/\/yoast.com\/wordpress\/plugins\/seo\/ -->\n<title>Sistema de bombeo pre-ensamblado 680 - Vioges Colombia plantas de tratamiento de agua industrial<\/title>\n<meta name=\"description\" content=\"Sistema de bombeo pre-ensamblado 680 - Vioges Colombia plantas de tratamiento de agua industrial - Ingeniar\u00eda para el tratamiento de aguas residuales\" \/>\n<meta name=\"robots\" content=\"index, follow, max-snippet:-1, max-image-preview:large, max-video-preview:-1\" \/>\n<link rel=\"canonical\" href=\"https:\/\/viogescolombia.com\/eng\/product\/sistema-de-bomba-duplex\/\" \/>\n<meta property=\"og:locale\" content=\"en_US\" \/>\n<meta property=\"og:type\" content=\"article\" \/>\n<meta property=\"og:title\" content=\"Sistema de bombeo pre-ensamblado 680 - Vioges Colombia plantas de tratamiento de agua industrial\" \/>\n<meta property=\"og:description\" content=\"Sistema de bombeo pre-ensamblado 680 - Vioges Colombia plantas de tratamiento de agua industrial - Ingeniar\u00eda para el tratamiento de aguas residuales, plantas de tratamiento de agua en Colombia\" \/>\n<meta property=\"og:url\" content=\"https:\/\/viogescolombia.com\/eng\/product\/sistema-de-bomba-duplex\/\" \/>\n<meta property=\"og:site_name\" content=\"Vioges Colombia plantas de tratamiento de agua industrial\" \/>\n<meta property=\"article:modified_time\" content=\"2025-05-21T23:25:01+00:00\" \/>\n<meta property=\"og:image\" content=\"https:\/\/viogescolombia.com\/wp-content\/uploads\/2024\/08\/Vioges-web-6.jpg\" \/>\n\t<meta property=\"og:image:width\" content=\"944\" \/>\n\t<meta property=\"og:image:height\" content=\"944\" \/>\n\t<meta property=\"og:image:type\" content=\"image\/jpeg\" \/>\n<meta name=\"twitter:card\" content=\"summary_large_image\" \/>\n<meta name=\"twitter:label1\" content=\"Price\" \/>\n\t<meta name=\"twitter:data1\" content=\"\" \/>\n\t<meta name=\"twitter:label2\" content=\"Availability\" \/>\n\t<meta name=\"twitter:data2\" content=\"In stock\" \/>\n<script type=\"application\/ld+json\" class=\"yoast-schema-graph\">{\"@context\":\"https:\/\/schema.org\",\"@graph\":[{\"@type\":\"WebPage\",\"@id\":\"https:\/\/viogescolombia.com\/producto\/sistema-de-bomba-duplex\/\",\"url\":\"https:\/\/viogescolombia.com\/producto\/sistema-de-bomba-duplex\/\",\"name\":\"Sistema de bombeo pre-ensamblado 680 - Vioges Colombia plantas de tratamiento de agua industrial\",\"isPartOf\":{\"@id\":\"https:\/\/viogescolombia.com\/#website\"},\"primaryImageOfPage\":{\"@id\":\"https:\/\/viogescolombia.com\/producto\/sistema-de-bomba-duplex\/#primaryimage\"},\"image\":{\"@id\":\"https:\/\/viogescolombia.com\/producto\/sistema-de-bomba-duplex\/#primaryimage\"},\"thumbnailUrl\":\"https:\/\/viogescolombia.com\/wp-content\/uploads\/2024\/08\/Vioges-web-6.jpg\",\"datePublished\":\"2024-08-30T19:21:58+00:00\",\"dateModified\":\"2025-05-21T23:25:01+00:00\",\"description\":\"Sistema de bombeo pre-ensamblado 680 - Vioges Colombia plantas de tratamiento de agua industrial - Ingeniar\u00eda para el tratamiento de aguas residuales\",\"breadcrumb\":{\"@id\":\"https:\/\/viogescolombia.com\/producto\/sistema-de-bomba-duplex\/#breadcrumb\"},\"inLanguage\":\"en-US\",\"potentialAction\":[{\"@type\":\"ReadAction\",\"target\":[\"https:\/\/viogescolombia.com\/producto\/sistema-de-bomba-duplex\/\"]}]},{\"@type\":\"ImageObject\",\"inLanguage\":\"en-US\",\"@id\":\"https:\/\/viogescolombia.com\/producto\/sistema-de-bomba-duplex\/#primaryimage\",\"url\":\"https:\/\/viogescolombia.com\/wp-content\/uploads\/2024\/08\/Vioges-web-6.jpg\",\"contentUrl\":\"https:\/\/viogescolombia.com\/wp-content\/uploads\/2024\/08\/Vioges-web-6.jpg\",\"width\":944,\"height\":944,\"caption\":\"Sistema de bomba d\u00faplex\"},{\"@type\":\"BreadcrumbList\",\"@id\":\"https:\/\/viogescolombia.com\/producto\/sistema-de-bomba-duplex\/#breadcrumb\",\"itemListElement\":[{\"@type\":\"ListItem\",\"position\":1,\"name\":\"Vioges\",\"item\":\"https:\/\/viogescolombia.com\/\"},{\"@type\":\"ListItem\",\"position\":2,\"name\":\"Tienda Vioges\",\"item\":\"https:\/\/viogescolombia.com\/esp\/tienda-vioges\/\"},{\"@type\":\"ListItem\",\"position\":3,\"name\":\"Sistema de bombeo pre-ensamblado 680\"}]},{\"@type\":\"WebSite\",\"@id\":\"https:\/\/viogescolombia.com\/#website\",\"url\":\"https:\/\/viogescolombia.com\/\",\"name\":\"Vioges Ingenier\u00eda - Plantas de tratamiento de agua\",\"description\":\"Plantas y accesorios para el tratamiento de agua\",\"publisher\":{\"@id\":\"https:\/\/viogescolombia.com\/#organization\"},\"alternateName\":\"Vioges - Tratamiento de agua\",\"potentialAction\":[{\"@type\":\"SearchAction\",\"target\":{\"@type\":\"EntryPoint\",\"urlTemplate\":\"https:\/\/viogescolombia.com\/?s={search_term_string}\"},\"query-input\":{\"@type\":\"PropertyValueSpecification\",\"valueRequired\":true,\"valueName\":\"search_term_string\"}}],\"inLanguage\":\"en-US\"},{\"@type\":\"Organization\",\"@id\":\"https:\/\/viogescolombia.com\/#organization\",\"name\":\"Vioges Ingenier\u00eda SAS\",\"alternateName\":\"Vioges Plantas para el tratamiento de agua\",\"url\":\"https:\/\/viogescolombia.com\/\",\"logo\":{\"@type\":\"ImageObject\",\"inLanguage\":\"en-US\",\"@id\":\"https:\/\/viogescolombia.com\/#\/schema\/logo\/image\/\",\"url\":\"https:\/\/viogescolombia.com\/wp-content\/uploads\/2024\/07\/logo-Vioges.webp\",\"contentUrl\":\"https:\/\/viogescolombia.com\/wp-content\/uploads\/2024\/07\/logo-Vioges.webp\",\"width\":900,\"height\":402,\"caption\":\"Vioges Ingenier\u00eda SAS\"},\"image\":{\"@id\":\"https:\/\/viogescolombia.com\/#\/schema\/logo\/image\/\"},\"description\":\"Vioges Colombia es una empresa l\u00edder en el dise\u00f1o, construcci\u00f3n, operaci\u00f3n y mantenimiento de plantas de tratamiento de agua. Con m\u00e1s de 20 a\u00f1os de experiencia en el sector p\u00fablico y privado, su equipo de ingenieros y especialistas desarrolla soluciones integrales, inteligentes y ambientalmente sostenibles para cada desaf\u00edo a lo largo del ciclo del agua. Comprometidos con la innovaci\u00f3n, la calidad y el respeto al medio ambiente, en Vioges Colombia se trabaja d\u00eda a d\u00eda para optimizar procesos y garantizar agua de la m\u00e1s alta calidad, adapt\u00e1ndose a las normativas vigentes y a las necesidades particulares de cada cliente.\",\"email\":\"contacto@viogescolombia.com\",\"telephone\":\"(601) 756 0026\",\"legalName\":\"Vioges Ingenieria SAS\",\"numberOfEmployees\":{\"@type\":\"QuantitativeValue\",\"minValue\":\"1\",\"maxValue\":\"10\"}}]}<\/script>\n<meta property=\"product:price:currency\" content=\"COP\" \/>\n<meta property=\"og:availability\" content=\"instock\" \/>\n<meta property=\"product:availability\" content=\"instock\" \/>\n<meta property=\"product:retailer_item_id\" content=\"FT-BS450-001\" \/>\n<meta property=\"product:condition\" content=\"new\" \/>\n<!-- \/ Yoast SEO Premium plugin. -->","yoast_head_json":{"title":"Sistema de bombeo pre-ensamblado 680 - Vioges Colombia plantas de tratamiento de agua industrial","description":"Sistema de bombeo pre-ensamblado 680 - Vioges Colombia plantas de tratamiento de agua industrial - Ingeniar\u00eda para el tratamiento de aguas residuales","robots":{"index":"index","follow":"follow","max-snippet":"max-snippet:-1","max-image-preview":"max-image-preview:large","max-video-preview":"max-video-preview:-1"},"canonical":"https:\/\/viogescolombia.com\/eng\/product\/sistema-de-bomba-duplex\/","og_locale":"en_US","og_type":"article","og_title":"Sistema de bombeo pre-ensamblado 680 - Vioges Colombia plantas de tratamiento de agua industrial","og_description":"Sistema de bombeo pre-ensamblado 680 - Vioges Colombia plantas de tratamiento de agua industrial - Ingeniar\u00eda para el tratamiento de aguas residuales, plantas de tratamiento de agua en Colombia","og_url":"https:\/\/viogescolombia.com\/eng\/product\/sistema-de-bomba-duplex\/","og_site_name":"Vioges Colombia plantas de tratamiento de agua industrial","article_modified_time":"2025-05-21T23:25:01+00:00","og_image":[{"width":944,"height":944,"url":"https:\/\/viogescolombia.com\/wp-content\/uploads\/2024\/08\/Vioges-web-6.jpg","type":"image\/jpeg"}],"twitter_card":"summary_large_image","twitter_misc":{"Price":"","Availability":"In stock"},"schema":{"@context":"https:\/\/schema.org","@graph":[{"@type":"WebPage","@id":"https:\/\/viogescolombia.com\/producto\/sistema-de-bomba-duplex\/","url":"https:\/\/viogescolombia.com\/producto\/sistema-de-bomba-duplex\/","name":"Sistema de bombeo pre-ensamblado 680 - Vioges Colombia plantas de tratamiento de agua industrial","isPartOf":{"@id":"https:\/\/viogescolombia.com\/#website"},"primaryImageOfPage":{"@id":"https:\/\/viogescolombia.com\/producto\/sistema-de-bomba-duplex\/#primaryimage"},"image":{"@id":"https:\/\/viogescolombia.com\/producto\/sistema-de-bomba-duplex\/#primaryimage"},"thumbnailUrl":"https:\/\/viogescolombia.com\/wp-content\/uploads\/2024\/08\/Vioges-web-6.jpg","datePublished":"2024-08-30T19:21:58+00:00","dateModified":"2025-05-21T23:25:01+00:00","description":"Sistema de bombeo pre-ensamblado 680 - Vioges Colombia plantas de tratamiento de agua industrial - Ingeniar\u00eda para el tratamiento de aguas residuales","breadcrumb":{"@id":"https:\/\/viogescolombia.com\/producto\/sistema-de-bomba-duplex\/#breadcrumb"},"inLanguage":"en-US","potentialAction":[{"@type":"ReadAction","target":["https:\/\/viogescolombia.com\/producto\/sistema-de-bomba-duplex\/"]}]},{"@type":"ImageObject","inLanguage":"en-US","@id":"https:\/\/viogescolombia.com\/producto\/sistema-de-bomba-duplex\/#primaryimage","url":"https:\/\/viogescolombia.com\/wp-content\/uploads\/2024\/08\/Vioges-web-6.jpg","contentUrl":"https:\/\/viogescolombia.com\/wp-content\/uploads\/2024\/08\/Vioges-web-6.jpg","width":944,"height":944,"caption":"Sistema de bomba d\u00faplex"},{"@type":"BreadcrumbList","@id":"https:\/\/viogescolombia.com\/producto\/sistema-de-bomba-duplex\/#breadcrumb","itemListElement":[{"@type":"ListItem","position":1,"name":"Vioges","item":"https:\/\/viogescolombia.com\/"},{"@type":"ListItem","position":2,"name":"Tienda Vioges","item":"https:\/\/viogescolombia.com\/esp\/tienda-vioges\/"},{"@type":"ListItem","position":3,"name":"Sistema de bombeo pre-ensamblado 680"}]},{"@type":"WebSite","@id":"https:\/\/viogescolombia.com\/#website","url":"https:\/\/viogescolombia.com\/","name":"Vioges Ingenier\u00eda - Plantas de tratamiento de agua","description":"Plantas y accesorios para el tratamiento de agua","publisher":{"@id":"https:\/\/viogescolombia.com\/#organization"},"alternateName":"Vioges - Tratamiento de agua","potentialAction":[{"@type":"SearchAction","target":{"@type":"EntryPoint","urlTemplate":"https:\/\/viogescolombia.com\/?s={search_term_string}"},"query-input":{"@type":"PropertyValueSpecification","valueRequired":true,"valueName":"search_term_string"}}],"inLanguage":"en-US"},{"@type":"Organization","@id":"https:\/\/viogescolombia.com\/#organization","name":"Vioges Ingenier\u00eda SAS","alternateName":"Vioges Plantas para el tratamiento de agua","url":"https:\/\/viogescolombia.com\/","logo":{"@type":"ImageObject","inLanguage":"en-US","@id":"https:\/\/viogescolombia.com\/#\/schema\/logo\/image\/","url":"https:\/\/viogescolombia.com\/wp-content\/uploads\/2024\/07\/logo-Vioges.webp","contentUrl":"https:\/\/viogescolombia.com\/wp-content\/uploads\/2024\/07\/logo-Vioges.webp","width":900,"height":402,"caption":"Vioges Ingenier\u00eda SAS"},"image":{"@id":"https:\/\/viogescolombia.com\/#\/schema\/logo\/image\/"},"description":"Vioges Colombia es una empresa l\u00edder en el dise\u00f1o, construcci\u00f3n, operaci\u00f3n y mantenimiento de plantas de tratamiento de agua. Con m\u00e1s de 20 a\u00f1os de experiencia en el sector p\u00fablico y privado, su equipo de ingenieros y especialistas desarrolla soluciones integrales, inteligentes y ambientalmente sostenibles para cada desaf\u00edo a lo largo del ciclo del agua. Comprometidos con la innovaci\u00f3n, la calidad y el respeto al medio ambiente, en Vioges Colombia se trabaja d\u00eda a d\u00eda para optimizar procesos y garantizar agua de la m\u00e1s alta calidad, adapt\u00e1ndose a las normativas vigentes y a las necesidades particulares de cada cliente.","email":"contacto@viogescolombia.com","telephone":"(601) 756 0026","legalName":"Vioges Ingenieria SAS","numberOfEmployees":{"@type":"QuantitativeValue","minValue":"1","maxValue":"10"}}]},"product_price_currency":"COP","og_availability":"instock","product_availability":"instock","product_retailer_item_id":"FT-BS450-001","product_condition":"new"},"_links":{"self":[{"href":"https:\/\/viogescolombia.com\/eng\/wp-json\/wp\/v2\/product\/617","targetHints":{"allow":["GET"]}}],"collection":[{"href":"https:\/\/viogescolombia.com\/eng\/wp-json\/wp\/v2\/product"}],"about":[{"href":"https:\/\/viogescolombia.com\/eng\/wp-json\/wp\/v2\/types\/product"}],"replies":[{"embeddable":true,"href":"https:\/\/viogescolombia.com\/eng\/wp-json\/wp\/v2\/comments?post=617"}],"wp:featuredmedia":[{"embeddable":true,"href":"https:\/\/viogescolombia.com\/eng\/wp-json\/wp\/v2\/media\/618"}],"wp:attachment":[{"href":"https:\/\/viogescolombia.com\/eng\/wp-json\/wp\/v2\/media?parent=617"}],"wp:term":[{"taxonomy":"product_brand","embeddable":true,"href":"https:\/\/viogescolombia.com\/eng\/wp-json\/wp\/v2\/product_brand?post=617"},{"taxonomy":"product_cat","embeddable":true,"href":"https:\/\/viogescolombia.com\/eng\/wp-json\/wp\/v2\/product_cat?post=617"},{"taxonomy":"product_tag","embeddable":true,"href":"https:\/\/viogescolombia.com\/eng\/wp-json\/wp\/v2\/product_tag?post=617"}],"curies":[{"name":"wp","href":"https:\/\/api.w.org\/{rel}","templated":true}]}}