{"id":592,"date":"2024-08-30T13:04:48","date_gmt":"2024-08-30T18:04:48","guid":{"rendered":"https:\/\/viogescolombia.com\/?post_type=product&#038;p=592"},"modified":"2024-10-17T19:05:44","modified_gmt":"2024-10-18T00:05:44","slug":"sistema-de-conexion-de-interruptor-de-flotador-de-4-puertos-ezconnex","status":"publish","type":"product","link":"https:\/\/viogescolombia.com\/eng\/product\/sistema-de-conexion-de-interruptor-de-flotador-de-4-puertos-ezconnex\/","title":{"rendered":"Sistema de conexi\u00f3n de interruptor de flotador de 4 puertos EZconnex\u00ae"},"content":{"rendered":"<h3 class=\"test\">El revolucionario sistema de conexi\u00f3n de interruptores de flotador ahorra tiempo y dinero a los instaladores<\/h3>\n<p>El sistema de conexi\u00f3n de interruptor de flotador de 4 puertos EZconnex\u00ae incluye un colector de cableado el\u00e9ctrico con soporte de montaje. El colector cuenta con cuatro puertos de conexi\u00f3n de interruptor de flotador de liberaci\u00f3n r\u00e1pida. Un solo cable de entierro directo de 8 conductores tiene pares de cables rojo-azul-amarillo-blanco que coinciden con las tapas de color RBYW en la carcasa del colector para facilitar el cableado en campo. El sistema est\u00e1 clasificado para inmersi\u00f3n en agua a corto plazo. El soporte de montaje est\u00e1 dise\u00f1ado para permitir un acceso r\u00e1pido al colector y a los interruptores de flotador para facilitar el mantenimiento.<\/p>\n<p>Los interruptores de flotador de 4 puertos EZconnex\u00ae cuentan con un mecanismo de conmutaci\u00f3n interno con contactos de cruce de oro sellados para un funcionamiento confiable con baja corriente. Una gama de interruptores de flotador de \u00e1ngulo amplio o \u00e1ngulo estrecho cuentan con una conexi\u00f3n de liberaci\u00f3n r\u00e1pida que simplemente se enchufa en el puerto o puertos del colector para una f\u00e1cil instalaci\u00f3n.<\/p>\n<h3>Caracter\u00edsticas<\/h3>\n<div class=\"description-padding\">\n<ul>\n<li>(4) Puertos de conexi\u00f3n de flotador de liberaci\u00f3n r\u00e1pida<\/li>\n<li>Un solo cable multiconductor de entierro directo con blindaje<\/li>\n<li>La carcasa est\u00e1 impresa con RBYW que coincide con los pares de cables rojo-azul-amarillo-blanco para una f\u00e1cil identificaci\u00f3n del flotador.<\/li>\n<li>Clasificado para inmersi\u00f3n en agua a corto plazo.<\/li>\n<li>Incluye soporte de montaje con hardware.<\/li>\n<li>Dise\u00f1ado para usar con interruptores de flotador EZconnex\u00ae (no incluidos con el colector; los interruptores de flotador deben pedirse por separado):\n<ul>\n<li>Aplicaciones de baja corriente hasta 0,160 mA a 125 V<\/li>\n<li>Contactos de acci\u00f3n r\u00e1pida activados mec\u00e1nicamente<\/li>\n<li>La conexi\u00f3n de flotador de liberaci\u00f3n r\u00e1pida simplemente se conecta al puerto o puertos del colector.<\/li>\n<li>Tapas de colores para una f\u00e1cil identificaci\u00f3n de los modelos normalmente abiertos (tapa azul) o normalmente cerrados (tapa roja)<\/li>\n<li>\u00c1ngulo de activaci\u00f3n por encima\/por debajo de la horizontal:<\/li>\n<li>Gran angular de 4\u2033 (10,16 cm); \u00e1ngulo estrecho de 1,5\u2033 (3,81 cm)<\/li>\n<li>Cada interruptor de flotador incluye una funda protectora de goma que proporciona un dise\u00f1o de sello doble para una capa adicional de protecci\u00f3n para mantener las conexiones limpias y secas.<\/li>\n<\/ul>\n<\/li>\n<\/ul>\n<\/div>","protected":false},"excerpt":{"rendered":"<p>El sistema de 4 puertos EZconnex\u00ae se puede utilizar con 1, 2, 3 o 4 interruptores de flotador. Cada interruptor de flotador incluye una funda protectora de goma que proporciona un dise\u00f1o de doble sello para una capa adicional de protecci\u00f3n para mantener las conexiones limpias y secas. Hay tapones de sellado disponibles para los puertos del colector que no se utilizan.<\/p>\n<p>&nbsp;<\/p>\n<div class=\"rll-youtube-player\" data-src=\"https:\/\/www.youtube.com\/embed\/rVnMHDnnx2s\" data-id=\"rVnMHDnnx2s\" data-query=\"enablejsapi=1\" data-alt=\"\"><\/div>","protected":false},"featured_media":593,"comment_status":"open","ping_status":"closed","template":"","meta":{"_joinchat":[]},"product_brand":[],"product_cat":[182],"product_tag":[203,201],"class_list":{"0":"post-592","1":"product","2":"type-product","3":"status-publish","4":"has-post-thumbnail","6":"product_cat-sistemas-de-microfiltracion","7":"product_tag-sje-rhombus","8":"product_tag-switches-de-nivel","10":"first","11":"instock","12":"shipping-taxable","13":"product-type-simple"},"yoast_head":"<!-- This site is optimized with the Yoast SEO Premium plugin v24.5 (Yoast SEO v26.1.1) - https:\/\/yoast.com\/wordpress\/plugins\/seo\/ -->\n<title>Sistema de conexi\u00f3n de interruptor de flotador de 4 puertos EZconnex\u00ae - Vioges Colombia plantas de tratamiento de agua industrial<\/title>\n<meta name=\"description\" content=\"Sistema de conexi\u00f3n de interruptor de flotador de 4 puertos EZconnex\u00ae - Vioges Colombia plantas de tratamiento de agua industrial - Ingeniar\u00eda para el tratamiento de aguas residuales\" \/>\n<meta name=\"robots\" content=\"index, follow, max-snippet:-1, max-image-preview:large, max-video-preview:-1\" \/>\n<link rel=\"canonical\" href=\"https:\/\/viogescolombia.com\/eng\/product\/sistema-de-conexion-de-interruptor-de-flotador-de-4-puertos-ezconnex\/\" \/>\n<meta property=\"og:locale\" content=\"en_US\" \/>\n<meta property=\"og:type\" content=\"article\" \/>\n<meta property=\"og:title\" content=\"Sistema de conexi\u00f3n de interruptor de flotador de 4 puertos EZconnex\u00ae - Vioges Colombia plantas de tratamiento de agua industrial\" \/>\n<meta property=\"og:description\" content=\"Sistema de conexi\u00f3n de interruptor de flotador de 4 puertos EZconnex\u00ae - Vioges Colombia plantas de tratamiento de agua industrial - Ingeniar\u00eda para el tratamiento de aguas residuales, plantas de tratamiento de agua en Colombia\" \/>\n<meta property=\"og:url\" content=\"https:\/\/viogescolombia.com\/eng\/product\/sistema-de-conexion-de-interruptor-de-flotador-de-4-puertos-ezconnex\/\" \/>\n<meta property=\"og:site_name\" content=\"Vioges Colombia plantas de tratamiento de agua industrial\" \/>\n<meta property=\"article:modified_time\" content=\"2024-10-18T00:05:44+00:00\" \/>\n<meta property=\"og:image\" content=\"https:\/\/viogescolombia.com\/wp-content\/uploads\/2024\/08\/Presentacion-sin-titulo-17.jpg\" \/>\n\t<meta property=\"og:image:width\" content=\"944\" \/>\n\t<meta property=\"og:image:height\" content=\"944\" \/>\n\t<meta property=\"og:image:type\" content=\"image\/jpeg\" \/>\n<meta name=\"twitter:card\" content=\"summary_large_image\" \/>\n<meta name=\"twitter:label1\" content=\"Price\" \/>\n\t<meta name=\"twitter:data1\" content=\"\" \/>\n\t<meta name=\"twitter:label2\" content=\"Availability\" \/>\n\t<meta name=\"twitter:data2\" content=\"In stock\" \/>\n<script type=\"application\/ld+json\" class=\"yoast-schema-graph\">{\"@context\":\"https:\/\/schema.org\",\"@graph\":[{\"@type\":\"WebPage\",\"@id\":\"https:\/\/viogescolombia.com\/producto\/sistema-de-conexion-de-interruptor-de-flotador-de-4-puertos-ezconnex\/\",\"url\":\"https:\/\/viogescolombia.com\/producto\/sistema-de-conexion-de-interruptor-de-flotador-de-4-puertos-ezconnex\/\",\"name\":\"Sistema de conexi\u00f3n de interruptor de flotador de 4 puertos EZconnex\u00ae - Vioges Colombia plantas de tratamiento de agua industrial\",\"isPartOf\":{\"@id\":\"https:\/\/viogescolombia.com\/#website\"},\"primaryImageOfPage\":{\"@id\":\"https:\/\/viogescolombia.com\/producto\/sistema-de-conexion-de-interruptor-de-flotador-de-4-puertos-ezconnex\/#primaryimage\"},\"image\":{\"@id\":\"https:\/\/viogescolombia.com\/producto\/sistema-de-conexion-de-interruptor-de-flotador-de-4-puertos-ezconnex\/#primaryimage\"},\"thumbnailUrl\":\"https:\/\/viogescolombia.com\/wp-content\/uploads\/2024\/08\/Presentacion-sin-titulo-17.jpg\",\"datePublished\":\"2024-08-30T18:04:48+00:00\",\"dateModified\":\"2024-10-18T00:05:44+00:00\",\"description\":\"Sistema de conexi\u00f3n de interruptor de flotador de 4 puertos EZconnex\u00ae - Vioges Colombia plantas de tratamiento de agua industrial - Ingeniar\u00eda para el tratamiento de aguas residuales\",\"breadcrumb\":{\"@id\":\"https:\/\/viogescolombia.com\/producto\/sistema-de-conexion-de-interruptor-de-flotador-de-4-puertos-ezconnex\/#breadcrumb\"},\"inLanguage\":\"en-US\",\"potentialAction\":[{\"@type\":\"ReadAction\",\"target\":[\"https:\/\/viogescolombia.com\/producto\/sistema-de-conexion-de-interruptor-de-flotador-de-4-puertos-ezconnex\/\"]}]},{\"@type\":\"ImageObject\",\"inLanguage\":\"en-US\",\"@id\":\"https:\/\/viogescolombia.com\/producto\/sistema-de-conexion-de-interruptor-de-flotador-de-4-puertos-ezconnex\/#primaryimage\",\"url\":\"https:\/\/viogescolombia.com\/wp-content\/uploads\/2024\/08\/Presentacion-sin-titulo-17.jpg\",\"contentUrl\":\"https:\/\/viogescolombia.com\/wp-content\/uploads\/2024\/08\/Presentacion-sin-titulo-17.jpg\",\"width\":944,\"height\":944,\"caption\":\"Sistema de conexi\u00f3n de interruptor de flotador de 4 puertos EZconnex\"},{\"@type\":\"BreadcrumbList\",\"@id\":\"https:\/\/viogescolombia.com\/producto\/sistema-de-conexion-de-interruptor-de-flotador-de-4-puertos-ezconnex\/#breadcrumb\",\"itemListElement\":[{\"@type\":\"ListItem\",\"position\":1,\"name\":\"Vioges\",\"item\":\"https:\/\/viogescolombia.com\/\"},{\"@type\":\"ListItem\",\"position\":2,\"name\":\"Tienda Vioges\",\"item\":\"https:\/\/viogescolombia.com\/esp\/tienda-vioges\/\"},{\"@type\":\"ListItem\",\"position\":3,\"name\":\"Sistema de conexi\u00f3n de interruptor de flotador de 4 puertos EZconnex\u00ae\"}]},{\"@type\":\"WebSite\",\"@id\":\"https:\/\/viogescolombia.com\/#website\",\"url\":\"https:\/\/viogescolombia.com\/\",\"name\":\"Vioges Ingenier\u00eda - Plantas de tratamiento de agua\",\"description\":\"Plantas y accesorios para el tratamiento de agua\",\"publisher\":{\"@id\":\"https:\/\/viogescolombia.com\/#organization\"},\"alternateName\":\"Vioges - Tratamiento de agua\",\"potentialAction\":[{\"@type\":\"SearchAction\",\"target\":{\"@type\":\"EntryPoint\",\"urlTemplate\":\"https:\/\/viogescolombia.com\/?s={search_term_string}\"},\"query-input\":{\"@type\":\"PropertyValueSpecification\",\"valueRequired\":true,\"valueName\":\"search_term_string\"}}],\"inLanguage\":\"en-US\"},{\"@type\":\"Organization\",\"@id\":\"https:\/\/viogescolombia.com\/#organization\",\"name\":\"Vioges Ingenier\u00eda SAS\",\"alternateName\":\"Vioges Plantas para el tratamiento de agua\",\"url\":\"https:\/\/viogescolombia.com\/\",\"logo\":{\"@type\":\"ImageObject\",\"inLanguage\":\"en-US\",\"@id\":\"https:\/\/viogescolombia.com\/#\/schema\/logo\/image\/\",\"url\":\"https:\/\/viogescolombia.com\/wp-content\/uploads\/2024\/07\/logo-Vioges.webp\",\"contentUrl\":\"https:\/\/viogescolombia.com\/wp-content\/uploads\/2024\/07\/logo-Vioges.webp\",\"width\":900,\"height\":402,\"caption\":\"Vioges Ingenier\u00eda SAS\"},\"image\":{\"@id\":\"https:\/\/viogescolombia.com\/#\/schema\/logo\/image\/\"},\"description\":\"Vioges Colombia es una empresa l\u00edder en el dise\u00f1o, construcci\u00f3n, operaci\u00f3n y mantenimiento de plantas de tratamiento de agua. Con m\u00e1s de 20 a\u00f1os de experiencia en el sector p\u00fablico y privado, su equipo de ingenieros y especialistas desarrolla soluciones integrales, inteligentes y ambientalmente sostenibles para cada desaf\u00edo a lo largo del ciclo del agua. Comprometidos con la innovaci\u00f3n, la calidad y el respeto al medio ambiente, en Vioges Colombia se trabaja d\u00eda a d\u00eda para optimizar procesos y garantizar agua de la m\u00e1s alta calidad, adapt\u00e1ndose a las normativas vigentes y a las necesidades particulares de cada cliente.\",\"email\":\"contacto@viogescolombia.com\",\"telephone\":\"(601) 756 0026\",\"legalName\":\"Vioges Ingenieria SAS\",\"numberOfEmployees\":{\"@type\":\"QuantitativeValue\",\"minValue\":\"1\",\"maxValue\":\"10\"}}]}<\/script>\n<meta property=\"product:price:currency\" content=\"COP\" \/>\n<meta property=\"og:availability\" content=\"instock\" \/>\n<meta property=\"product:availability\" content=\"instock\" \/>\n<meta property=\"product:condition\" content=\"new\" \/>\n<!-- \/ Yoast SEO Premium plugin. -->","yoast_head_json":{"title":"Sistema de conexi\u00f3n de interruptor de flotador de 4 puertos EZconnex\u00ae - Vioges Colombia plantas de tratamiento de agua industrial","description":"Sistema de conexi\u00f3n de interruptor de flotador de 4 puertos EZconnex\u00ae - Vioges Colombia plantas de tratamiento de agua industrial - Ingeniar\u00eda para el tratamiento de aguas residuales","robots":{"index":"index","follow":"follow","max-snippet":"max-snippet:-1","max-image-preview":"max-image-preview:large","max-video-preview":"max-video-preview:-1"},"canonical":"https:\/\/viogescolombia.com\/eng\/product\/sistema-de-conexion-de-interruptor-de-flotador-de-4-puertos-ezconnex\/","og_locale":"en_US","og_type":"article","og_title":"Sistema de conexi\u00f3n de interruptor de flotador de 4 puertos EZconnex\u00ae - Vioges Colombia plantas de tratamiento de agua industrial","og_description":"Sistema de conexi\u00f3n de interruptor de flotador de 4 puertos EZconnex\u00ae - Vioges Colombia plantas de tratamiento de agua industrial - Ingeniar\u00eda para el tratamiento de aguas residuales, plantas de tratamiento de agua en Colombia","og_url":"https:\/\/viogescolombia.com\/eng\/product\/sistema-de-conexion-de-interruptor-de-flotador-de-4-puertos-ezconnex\/","og_site_name":"Vioges Colombia plantas de tratamiento de agua industrial","article_modified_time":"2024-10-18T00:05:44+00:00","og_image":[{"width":944,"height":944,"url":"https:\/\/viogescolombia.com\/wp-content\/uploads\/2024\/08\/Presentacion-sin-titulo-17.jpg","type":"image\/jpeg"}],"twitter_card":"summary_large_image","twitter_misc":{"Price":"","Availability":"In stock"},"schema":{"@context":"https:\/\/schema.org","@graph":[{"@type":"WebPage","@id":"https:\/\/viogescolombia.com\/producto\/sistema-de-conexion-de-interruptor-de-flotador-de-4-puertos-ezconnex\/","url":"https:\/\/viogescolombia.com\/producto\/sistema-de-conexion-de-interruptor-de-flotador-de-4-puertos-ezconnex\/","name":"Sistema de conexi\u00f3n de interruptor de flotador de 4 puertos EZconnex\u00ae - Vioges Colombia plantas de tratamiento de agua industrial","isPartOf":{"@id":"https:\/\/viogescolombia.com\/#website"},"primaryImageOfPage":{"@id":"https:\/\/viogescolombia.com\/producto\/sistema-de-conexion-de-interruptor-de-flotador-de-4-puertos-ezconnex\/#primaryimage"},"image":{"@id":"https:\/\/viogescolombia.com\/producto\/sistema-de-conexion-de-interruptor-de-flotador-de-4-puertos-ezconnex\/#primaryimage"},"thumbnailUrl":"https:\/\/viogescolombia.com\/wp-content\/uploads\/2024\/08\/Presentacion-sin-titulo-17.jpg","datePublished":"2024-08-30T18:04:48+00:00","dateModified":"2024-10-18T00:05:44+00:00","description":"Sistema de conexi\u00f3n de interruptor de flotador de 4 puertos EZconnex\u00ae - Vioges Colombia plantas de tratamiento de agua industrial - Ingeniar\u00eda para el tratamiento de aguas residuales","breadcrumb":{"@id":"https:\/\/viogescolombia.com\/producto\/sistema-de-conexion-de-interruptor-de-flotador-de-4-puertos-ezconnex\/#breadcrumb"},"inLanguage":"en-US","potentialAction":[{"@type":"ReadAction","target":["https:\/\/viogescolombia.com\/producto\/sistema-de-conexion-de-interruptor-de-flotador-de-4-puertos-ezconnex\/"]}]},{"@type":"ImageObject","inLanguage":"en-US","@id":"https:\/\/viogescolombia.com\/producto\/sistema-de-conexion-de-interruptor-de-flotador-de-4-puertos-ezconnex\/#primaryimage","url":"https:\/\/viogescolombia.com\/wp-content\/uploads\/2024\/08\/Presentacion-sin-titulo-17.jpg","contentUrl":"https:\/\/viogescolombia.com\/wp-content\/uploads\/2024\/08\/Presentacion-sin-titulo-17.jpg","width":944,"height":944,"caption":"Sistema de conexi\u00f3n de interruptor de flotador de 4 puertos EZconnex"},{"@type":"BreadcrumbList","@id":"https:\/\/viogescolombia.com\/producto\/sistema-de-conexion-de-interruptor-de-flotador-de-4-puertos-ezconnex\/#breadcrumb","itemListElement":[{"@type":"ListItem","position":1,"name":"Vioges","item":"https:\/\/viogescolombia.com\/"},{"@type":"ListItem","position":2,"name":"Tienda Vioges","item":"https:\/\/viogescolombia.com\/esp\/tienda-vioges\/"},{"@type":"ListItem","position":3,"name":"Sistema de conexi\u00f3n de interruptor de flotador de 4 puertos EZconnex\u00ae"}]},{"@type":"WebSite","@id":"https:\/\/viogescolombia.com\/#website","url":"https:\/\/viogescolombia.com\/","name":"Vioges Ingenier\u00eda - Plantas de tratamiento de agua","description":"Plantas y accesorios para el tratamiento de agua","publisher":{"@id":"https:\/\/viogescolombia.com\/#organization"},"alternateName":"Vioges - Tratamiento de agua","potentialAction":[{"@type":"SearchAction","target":{"@type":"EntryPoint","urlTemplate":"https:\/\/viogescolombia.com\/?s={search_term_string}"},"query-input":{"@type":"PropertyValueSpecification","valueRequired":true,"valueName":"search_term_string"}}],"inLanguage":"en-US"},{"@type":"Organization","@id":"https:\/\/viogescolombia.com\/#organization","name":"Vioges Ingenier\u00eda SAS","alternateName":"Vioges Plantas para el tratamiento de agua","url":"https:\/\/viogescolombia.com\/","logo":{"@type":"ImageObject","inLanguage":"en-US","@id":"https:\/\/viogescolombia.com\/#\/schema\/logo\/image\/","url":"https:\/\/viogescolombia.com\/wp-content\/uploads\/2024\/07\/logo-Vioges.webp","contentUrl":"https:\/\/viogescolombia.com\/wp-content\/uploads\/2024\/07\/logo-Vioges.webp","width":900,"height":402,"caption":"Vioges Ingenier\u00eda SAS"},"image":{"@id":"https:\/\/viogescolombia.com\/#\/schema\/logo\/image\/"},"description":"Vioges Colombia es una empresa l\u00edder en el dise\u00f1o, construcci\u00f3n, operaci\u00f3n y mantenimiento de plantas de tratamiento de agua. Con m\u00e1s de 20 a\u00f1os de experiencia en el sector p\u00fablico y privado, su equipo de ingenieros y especialistas desarrolla soluciones integrales, inteligentes y ambientalmente sostenibles para cada desaf\u00edo a lo largo del ciclo del agua. Comprometidos con la innovaci\u00f3n, la calidad y el respeto al medio ambiente, en Vioges Colombia se trabaja d\u00eda a d\u00eda para optimizar procesos y garantizar agua de la m\u00e1s alta calidad, adapt\u00e1ndose a las normativas vigentes y a las necesidades particulares de cada cliente.","email":"contacto@viogescolombia.com","telephone":"(601) 756 0026","legalName":"Vioges Ingenieria SAS","numberOfEmployees":{"@type":"QuantitativeValue","minValue":"1","maxValue":"10"}}]},"product_price_currency":"COP","og_availability":"instock","product_availability":"instock","product_condition":"new"},"_links":{"self":[{"href":"https:\/\/viogescolombia.com\/eng\/wp-json\/wp\/v2\/product\/592","targetHints":{"allow":["GET"]}}],"collection":[{"href":"https:\/\/viogescolombia.com\/eng\/wp-json\/wp\/v2\/product"}],"about":[{"href":"https:\/\/viogescolombia.com\/eng\/wp-json\/wp\/v2\/types\/product"}],"replies":[{"embeddable":true,"href":"https:\/\/viogescolombia.com\/eng\/wp-json\/wp\/v2\/comments?post=592"}],"wp:featuredmedia":[{"embeddable":true,"href":"https:\/\/viogescolombia.com\/eng\/wp-json\/wp\/v2\/media\/593"}],"wp:attachment":[{"href":"https:\/\/viogescolombia.com\/eng\/wp-json\/wp\/v2\/media?parent=592"}],"wp:term":[{"taxonomy":"product_brand","embeddable":true,"href":"https:\/\/viogescolombia.com\/eng\/wp-json\/wp\/v2\/product_brand?post=592"},{"taxonomy":"product_cat","embeddable":true,"href":"https:\/\/viogescolombia.com\/eng\/wp-json\/wp\/v2\/product_cat?post=592"},{"taxonomy":"product_tag","embeddable":true,"href":"https:\/\/viogescolombia.com\/eng\/wp-json\/wp\/v2\/product_tag?post=592"}],"curies":[{"name":"wp","href":"https:\/\/api.w.org\/{rel}","templated":true}]}}