{"id":548,"date":"2024-08-30T08:23:02","date_gmt":"2024-08-30T13:23:02","guid":{"rendered":"https:\/\/viogescolombia.com\/?post_type=product&#038;p=548"},"modified":"2025-05-21T22:52:51","modified_gmt":"2025-05-22T03:52:51","slug":"resinas-de-intercambio-anionico","status":"publish","type":"product","link":"https:\/\/viogescolombia.com\/eng\/product\/resinas-de-intercambio-anionico\/","title":{"rendered":"Resinas de Intercambio Cati\u00f3nico LINHAI"},"content":{"rendered":"<p>Las resinas cati\u00f3nicas son materiales sint\u00e9ticos queintercambian iones positivos (cationes) en soluciones acuosas.Se utilizan principalmente para eliminar iones como calcio(Ca\u00b2\u207a), magnesio (Mg\u00b2\u207a), sodio (Na\u207a) y otros metales pesadosdel agua.<\/p>\n<h3>Aplicaciones<\/h3>\n<p><strong>Resinas de \u00e1cido fuerte<\/strong><\/p>\n<ul>\n<li>Acondicionamiento de agua(ablandamiento y desionizaci\u00f3n).<\/li>\n<li>Extracci\u00f3n de antibi\u00f3ticos ypurificaci\u00f3n de f\u00e1rmacos.<\/li>\n<li>Producci\u00f3n de agua pura.<\/li>\n<\/ul>\n<p><strong>Resinas de \u00e1cido debil<\/strong><\/p>\n<ul>\n<li>Eliminaci\u00f3n de dureza temporal yalcalinidad en aguas.<\/li>\n<li>Tratamiento de aguas residuales yrecuperaci\u00f3n de metales nobles.<\/li>\n<\/ul>\n<h3><strong>Especificaciones T\u00e9cnicas\u00a0<\/strong><\/h3>\n<p><img fetchpriority=\"high\" decoding=\"async\" class=\"alignnone wp-image-974\" src=\"https:\/\/viogescolombia.com\/wp-content\/uploads\/2024\/08\/Captura-de-pantalla-2025-05-21-a-las-22.21.43.png\" alt=\"\" width=\"782\" height=\"475\" srcset=\"https:\/\/viogescolombia.com\/wp-content\/uploads\/2024\/08\/Captura-de-pantalla-2025-05-21-a-las-22.21.43.png 938w, https:\/\/viogescolombia.com\/wp-content\/uploads\/2024\/08\/Captura-de-pantalla-2025-05-21-a-las-22.21.43-300x182.png 300w, https:\/\/viogescolombia.com\/wp-content\/uploads\/2024\/08\/Captura-de-pantalla-2025-05-21-a-las-22.21.43-768x467.png 768w, https:\/\/viogescolombia.com\/wp-content\/uploads\/2024\/08\/Captura-de-pantalla-2025-05-21-a-las-22.21.43-18x12.png 18w, https:\/\/viogescolombia.com\/wp-content\/uploads\/2024\/08\/Captura-de-pantalla-2025-05-21-a-las-22.21.43-600x365.png 600w\" sizes=\"(max-width: 782px) 100vw, 782px\" \/><\/p>","protected":false},"excerpt":{"rendered":"<h3>Caracter\u00edsticas<\/h3>\n<p><strong>Clasificaci\u00f3n<\/strong><\/p>\n<ul>\n<li><strong>Resinas de \u00c1cido Fuerte:<\/strong> Tienen grupos funcionales de \u00e1cido sulf\u00f3nico (-SO\u2083H) y pueden intercambiar cationes en un amplio rango de pH. Son com\u00fanmente utilizadas en el ablandamiento de agua y en la desionizaci\u00f3n completa del agua.<\/li>\n<li><strong>Resinas de \u00c1cido D\u00e9bil:<\/strong> Tienen grupos funcionales de \u00e1cido carbox\u00edlico (-COOH), con una capacidad de intercambio menor y selectiva para ciertos cationes. Se usan para eliminar alcalinidad y metales pesados en procesos industriales.<\/li>\n<\/ul>","protected":false},"featured_media":549,"comment_status":"open","ping_status":"closed","template":"","meta":{"_joinchat":[]},"product_brand":[],"product_cat":[21],"product_tag":[],"class_list":{"0":"post-548","1":"product","2":"type-product","3":"status-publish","4":"has-post-thumbnail","6":"product_cat-uncategorized","8":"first","9":"instock","10":"shipping-taxable","11":"product-type-simple"},"yoast_head":"<!-- This site is optimized with the Yoast SEO Premium plugin v24.5 (Yoast SEO v26.1.1) - https:\/\/yoast.com\/wordpress\/plugins\/seo\/ -->\n<title>Resinas de Intercambio Cati\u00f3nico LINHAI - Vioges Colombia plantas de tratamiento de agua industrial<\/title>\n<meta name=\"description\" content=\"Resinas de Intercambio Cati\u00f3nico LINHAI - Vioges Colombia plantas de tratamiento de agua industrial - Ingeniar\u00eda para el tratamiento de aguas residuales\" \/>\n<meta name=\"robots\" content=\"index, follow, max-snippet:-1, max-image-preview:large, max-video-preview:-1\" \/>\n<link rel=\"canonical\" href=\"https:\/\/viogescolombia.com\/eng\/product\/resinas-de-intercambio-anionico\/\" \/>\n<meta property=\"og:locale\" content=\"en_US\" \/>\n<meta property=\"og:type\" content=\"article\" \/>\n<meta property=\"og:title\" content=\"Resinas de Intercambio Cati\u00f3nico LINHAI - Vioges Colombia plantas de tratamiento de agua industrial\" \/>\n<meta property=\"og:description\" content=\"Resinas de Intercambio Cati\u00f3nico LINHAI - Vioges Colombia plantas de tratamiento de agua industrial - Ingeniar\u00eda para el tratamiento de aguas residuales, plantas de tratamiento de agua en Colombia\" \/>\n<meta property=\"og:url\" content=\"https:\/\/viogescolombia.com\/eng\/product\/resinas-de-intercambio-anionico\/\" \/>\n<meta property=\"og:site_name\" content=\"Vioges Colombia plantas de tratamiento de agua industrial\" \/>\n<meta property=\"article:modified_time\" content=\"2025-05-22T03:52:51+00:00\" \/>\n<meta property=\"og:image\" content=\"https:\/\/viogescolombia.com\/wp-content\/uploads\/2024\/08\/cation-and-anion-exchange-resin09152993664.webp\" \/>\n\t<meta property=\"og:image:width\" content=\"960\" \/>\n\t<meta property=\"og:image:height\" content=\"960\" \/>\n\t<meta property=\"og:image:type\" content=\"image\/webp\" \/>\n<meta name=\"twitter:card\" content=\"summary_large_image\" \/>\n<meta name=\"twitter:label1\" content=\"Price\" \/>\n\t<meta name=\"twitter:data1\" content=\"\" \/>\n\t<meta name=\"twitter:label2\" content=\"Availability\" \/>\n\t<meta name=\"twitter:data2\" content=\"In stock\" \/>\n<script type=\"application\/ld+json\" class=\"yoast-schema-graph\">{\"@context\":\"https:\/\/schema.org\",\"@graph\":[{\"@type\":\"WebPage\",\"@id\":\"https:\/\/viogescolombia.com\/producto\/resinas-de-intercambio-anionico\/\",\"url\":\"https:\/\/viogescolombia.com\/producto\/resinas-de-intercambio-anionico\/\",\"name\":\"Resinas de Intercambio Cati\u00f3nico LINHAI - Vioges Colombia plantas de tratamiento de agua industrial\",\"isPartOf\":{\"@id\":\"https:\/\/viogescolombia.com\/#website\"},\"primaryImageOfPage\":{\"@id\":\"https:\/\/viogescolombia.com\/producto\/resinas-de-intercambio-anionico\/#primaryimage\"},\"image\":{\"@id\":\"https:\/\/viogescolombia.com\/producto\/resinas-de-intercambio-anionico\/#primaryimage\"},\"thumbnailUrl\":\"https:\/\/viogescolombia.com\/wp-content\/uploads\/2024\/08\/cation-and-anion-exchange-resin09152993664.webp\",\"datePublished\":\"2024-08-30T13:23:02+00:00\",\"dateModified\":\"2025-05-22T03:52:51+00:00\",\"description\":\"Resinas de Intercambio Cati\u00f3nico LINHAI - Vioges Colombia plantas de tratamiento de agua industrial - Ingeniar\u00eda para el tratamiento de aguas residuales\",\"breadcrumb\":{\"@id\":\"https:\/\/viogescolombia.com\/producto\/resinas-de-intercambio-anionico\/#breadcrumb\"},\"inLanguage\":\"en-US\",\"potentialAction\":[{\"@type\":\"ReadAction\",\"target\":[\"https:\/\/viogescolombia.com\/producto\/resinas-de-intercambio-anionico\/\"]}]},{\"@type\":\"ImageObject\",\"inLanguage\":\"en-US\",\"@id\":\"https:\/\/viogescolombia.com\/producto\/resinas-de-intercambio-anionico\/#primaryimage\",\"url\":\"https:\/\/viogescolombia.com\/wp-content\/uploads\/2024\/08\/cation-and-anion-exchange-resin09152993664.webp\",\"contentUrl\":\"https:\/\/viogescolombia.com\/wp-content\/uploads\/2024\/08\/cation-and-anion-exchange-resin09152993664.webp\",\"width\":960,\"height\":960},{\"@type\":\"BreadcrumbList\",\"@id\":\"https:\/\/viogescolombia.com\/producto\/resinas-de-intercambio-anionico\/#breadcrumb\",\"itemListElement\":[{\"@type\":\"ListItem\",\"position\":1,\"name\":\"Vioges\",\"item\":\"https:\/\/viogescolombia.com\/\"},{\"@type\":\"ListItem\",\"position\":2,\"name\":\"Tienda Vioges\",\"item\":\"https:\/\/viogescolombia.com\/esp\/tienda-vioges\/\"},{\"@type\":\"ListItem\",\"position\":3,\"name\":\"Resinas de Intercambio Cati\u00f3nico LINHAI\"}]},{\"@type\":\"WebSite\",\"@id\":\"https:\/\/viogescolombia.com\/#website\",\"url\":\"https:\/\/viogescolombia.com\/\",\"name\":\"Vioges Ingenier\u00eda - Plantas de tratamiento de agua\",\"description\":\"Plantas y accesorios para el tratamiento de agua\",\"publisher\":{\"@id\":\"https:\/\/viogescolombia.com\/#organization\"},\"alternateName\":\"Vioges - Tratamiento de agua\",\"potentialAction\":[{\"@type\":\"SearchAction\",\"target\":{\"@type\":\"EntryPoint\",\"urlTemplate\":\"https:\/\/viogescolombia.com\/?s={search_term_string}\"},\"query-input\":{\"@type\":\"PropertyValueSpecification\",\"valueRequired\":true,\"valueName\":\"search_term_string\"}}],\"inLanguage\":\"en-US\"},{\"@type\":\"Organization\",\"@id\":\"https:\/\/viogescolombia.com\/#organization\",\"name\":\"Vioges Ingenier\u00eda SAS\",\"alternateName\":\"Vioges Plantas para el tratamiento de agua\",\"url\":\"https:\/\/viogescolombia.com\/\",\"logo\":{\"@type\":\"ImageObject\",\"inLanguage\":\"en-US\",\"@id\":\"https:\/\/viogescolombia.com\/#\/schema\/logo\/image\/\",\"url\":\"https:\/\/viogescolombia.com\/wp-content\/uploads\/2024\/07\/logo-Vioges.webp\",\"contentUrl\":\"https:\/\/viogescolombia.com\/wp-content\/uploads\/2024\/07\/logo-Vioges.webp\",\"width\":900,\"height\":402,\"caption\":\"Vioges Ingenier\u00eda SAS\"},\"image\":{\"@id\":\"https:\/\/viogescolombia.com\/#\/schema\/logo\/image\/\"},\"description\":\"Vioges Colombia es una empresa l\u00edder en el dise\u00f1o, construcci\u00f3n, operaci\u00f3n y mantenimiento de plantas de tratamiento de agua. Con m\u00e1s de 20 a\u00f1os de experiencia en el sector p\u00fablico y privado, su equipo de ingenieros y especialistas desarrolla soluciones integrales, inteligentes y ambientalmente sostenibles para cada desaf\u00edo a lo largo del ciclo del agua. Comprometidos con la innovaci\u00f3n, la calidad y el respeto al medio ambiente, en Vioges Colombia se trabaja d\u00eda a d\u00eda para optimizar procesos y garantizar agua de la m\u00e1s alta calidad, adapt\u00e1ndose a las normativas vigentes y a las necesidades particulares de cada cliente.\",\"email\":\"contacto@viogescolombia.com\",\"telephone\":\"(601) 756 0026\",\"legalName\":\"Vioges Ingenieria SAS\",\"numberOfEmployees\":{\"@type\":\"QuantitativeValue\",\"minValue\":\"1\",\"maxValue\":\"10\"}}]}<\/script>\n<meta property=\"product:price:currency\" content=\"COP\" \/>\n<meta property=\"og:availability\" content=\"instock\" \/>\n<meta property=\"product:availability\" content=\"instock\" \/>\n<meta property=\"product:condition\" content=\"new\" \/>\n<!-- \/ Yoast SEO Premium plugin. -->","yoast_head_json":{"title":"Resinas de Intercambio Cati\u00f3nico LINHAI - Vioges Colombia plantas de tratamiento de agua industrial","description":"Resinas de Intercambio Cati\u00f3nico LINHAI - Vioges Colombia plantas de tratamiento de agua industrial - Ingeniar\u00eda para el tratamiento de aguas residuales","robots":{"index":"index","follow":"follow","max-snippet":"max-snippet:-1","max-image-preview":"max-image-preview:large","max-video-preview":"max-video-preview:-1"},"canonical":"https:\/\/viogescolombia.com\/eng\/product\/resinas-de-intercambio-anionico\/","og_locale":"en_US","og_type":"article","og_title":"Resinas de Intercambio Cati\u00f3nico LINHAI - Vioges Colombia plantas de tratamiento de agua industrial","og_description":"Resinas de Intercambio Cati\u00f3nico LINHAI - Vioges Colombia plantas de tratamiento de agua industrial - Ingeniar\u00eda para el tratamiento de aguas residuales, plantas de tratamiento de agua en Colombia","og_url":"https:\/\/viogescolombia.com\/eng\/product\/resinas-de-intercambio-anionico\/","og_site_name":"Vioges Colombia plantas de tratamiento de agua industrial","article_modified_time":"2025-05-22T03:52:51+00:00","og_image":[{"width":960,"height":960,"url":"https:\/\/viogescolombia.com\/wp-content\/uploads\/2024\/08\/cation-and-anion-exchange-resin09152993664.webp","type":"image\/webp"}],"twitter_card":"summary_large_image","twitter_misc":{"Price":"","Availability":"In stock"},"schema":{"@context":"https:\/\/schema.org","@graph":[{"@type":"WebPage","@id":"https:\/\/viogescolombia.com\/producto\/resinas-de-intercambio-anionico\/","url":"https:\/\/viogescolombia.com\/producto\/resinas-de-intercambio-anionico\/","name":"Resinas de Intercambio Cati\u00f3nico LINHAI - Vioges Colombia plantas de tratamiento de agua industrial","isPartOf":{"@id":"https:\/\/viogescolombia.com\/#website"},"primaryImageOfPage":{"@id":"https:\/\/viogescolombia.com\/producto\/resinas-de-intercambio-anionico\/#primaryimage"},"image":{"@id":"https:\/\/viogescolombia.com\/producto\/resinas-de-intercambio-anionico\/#primaryimage"},"thumbnailUrl":"https:\/\/viogescolombia.com\/wp-content\/uploads\/2024\/08\/cation-and-anion-exchange-resin09152993664.webp","datePublished":"2024-08-30T13:23:02+00:00","dateModified":"2025-05-22T03:52:51+00:00","description":"Resinas de Intercambio Cati\u00f3nico LINHAI - Vioges Colombia plantas de tratamiento de agua industrial - Ingeniar\u00eda para el tratamiento de aguas residuales","breadcrumb":{"@id":"https:\/\/viogescolombia.com\/producto\/resinas-de-intercambio-anionico\/#breadcrumb"},"inLanguage":"en-US","potentialAction":[{"@type":"ReadAction","target":["https:\/\/viogescolombia.com\/producto\/resinas-de-intercambio-anionico\/"]}]},{"@type":"ImageObject","inLanguage":"en-US","@id":"https:\/\/viogescolombia.com\/producto\/resinas-de-intercambio-anionico\/#primaryimage","url":"https:\/\/viogescolombia.com\/wp-content\/uploads\/2024\/08\/cation-and-anion-exchange-resin09152993664.webp","contentUrl":"https:\/\/viogescolombia.com\/wp-content\/uploads\/2024\/08\/cation-and-anion-exchange-resin09152993664.webp","width":960,"height":960},{"@type":"BreadcrumbList","@id":"https:\/\/viogescolombia.com\/producto\/resinas-de-intercambio-anionico\/#breadcrumb","itemListElement":[{"@type":"ListItem","position":1,"name":"Vioges","item":"https:\/\/viogescolombia.com\/"},{"@type":"ListItem","position":2,"name":"Tienda Vioges","item":"https:\/\/viogescolombia.com\/esp\/tienda-vioges\/"},{"@type":"ListItem","position":3,"name":"Resinas de Intercambio Cati\u00f3nico LINHAI"}]},{"@type":"WebSite","@id":"https:\/\/viogescolombia.com\/#website","url":"https:\/\/viogescolombia.com\/","name":"Vioges Ingenier\u00eda - Plantas de tratamiento de agua","description":"Plantas y accesorios para el tratamiento de agua","publisher":{"@id":"https:\/\/viogescolombia.com\/#organization"},"alternateName":"Vioges - Tratamiento de agua","potentialAction":[{"@type":"SearchAction","target":{"@type":"EntryPoint","urlTemplate":"https:\/\/viogescolombia.com\/?s={search_term_string}"},"query-input":{"@type":"PropertyValueSpecification","valueRequired":true,"valueName":"search_term_string"}}],"inLanguage":"en-US"},{"@type":"Organization","@id":"https:\/\/viogescolombia.com\/#organization","name":"Vioges Ingenier\u00eda SAS","alternateName":"Vioges Plantas para el tratamiento de agua","url":"https:\/\/viogescolombia.com\/","logo":{"@type":"ImageObject","inLanguage":"en-US","@id":"https:\/\/viogescolombia.com\/#\/schema\/logo\/image\/","url":"https:\/\/viogescolombia.com\/wp-content\/uploads\/2024\/07\/logo-Vioges.webp","contentUrl":"https:\/\/viogescolombia.com\/wp-content\/uploads\/2024\/07\/logo-Vioges.webp","width":900,"height":402,"caption":"Vioges Ingenier\u00eda SAS"},"image":{"@id":"https:\/\/viogescolombia.com\/#\/schema\/logo\/image\/"},"description":"Vioges Colombia es una empresa l\u00edder en el dise\u00f1o, construcci\u00f3n, operaci\u00f3n y mantenimiento de plantas de tratamiento de agua. Con m\u00e1s de 20 a\u00f1os de experiencia en el sector p\u00fablico y privado, su equipo de ingenieros y especialistas desarrolla soluciones integrales, inteligentes y ambientalmente sostenibles para cada desaf\u00edo a lo largo del ciclo del agua. Comprometidos con la innovaci\u00f3n, la calidad y el respeto al medio ambiente, en Vioges Colombia se trabaja d\u00eda a d\u00eda para optimizar procesos y garantizar agua de la m\u00e1s alta calidad, adapt\u00e1ndose a las normativas vigentes y a las necesidades particulares de cada cliente.","email":"contacto@viogescolombia.com","telephone":"(601) 756 0026","legalName":"Vioges Ingenieria SAS","numberOfEmployees":{"@type":"QuantitativeValue","minValue":"1","maxValue":"10"}}]},"product_price_currency":"COP","og_availability":"instock","product_availability":"instock","product_condition":"new"},"_links":{"self":[{"href":"https:\/\/viogescolombia.com\/eng\/wp-json\/wp\/v2\/product\/548","targetHints":{"allow":["GET"]}}],"collection":[{"href":"https:\/\/viogescolombia.com\/eng\/wp-json\/wp\/v2\/product"}],"about":[{"href":"https:\/\/viogescolombia.com\/eng\/wp-json\/wp\/v2\/types\/product"}],"replies":[{"embeddable":true,"href":"https:\/\/viogescolombia.com\/eng\/wp-json\/wp\/v2\/comments?post=548"}],"wp:featuredmedia":[{"embeddable":true,"href":"https:\/\/viogescolombia.com\/eng\/wp-json\/wp\/v2\/media\/549"}],"wp:attachment":[{"href":"https:\/\/viogescolombia.com\/eng\/wp-json\/wp\/v2\/media?parent=548"}],"wp:term":[{"taxonomy":"product_brand","embeddable":true,"href":"https:\/\/viogescolombia.com\/eng\/wp-json\/wp\/v2\/product_brand?post=548"},{"taxonomy":"product_cat","embeddable":true,"href":"https:\/\/viogescolombia.com\/eng\/wp-json\/wp\/v2\/product_cat?post=548"},{"taxonomy":"product_tag","embeddable":true,"href":"https:\/\/viogescolombia.com\/eng\/wp-json\/wp\/v2\/product_tag?post=548"}],"curies":[{"name":"wp","href":"https:\/\/api.w.org\/{rel}","templated":true}]}}