{"id":276,"date":"2024-07-26T00:47:53","date_gmt":"2024-07-26T05:47:53","guid":{"rendered":"http:\/\/viogescolombia.com\/?post_type=product&#038;p=276"},"modified":"2024-07-26T01:24:36","modified_gmt":"2024-07-26T06:24:36","slug":"floculador-equipo-para-pruebas-de-jarras","status":"publish","type":"product","link":"https:\/\/viogescolombia.com\/eng\/product\/floculador-equipo-para-pruebas-de-jarras\/","title":{"rendered":"FLOCULADOR  EQUIPO PARA PRUEBAS DE JARRAS"},"content":{"rendered":"<p><span style=\"font-weight: 400;\">Los floculadores o equipos para ensayos de jarras son una herramienta \u00fatil para la simulaci\u00f3n del comportamiento en los procesos fisicoqu\u00edmicos en plantas de tratamiento de agua potables, residuales o de proceso.\u00a0<\/span><\/p>\n<p><span style=\"font-weight: 400;\">La experiencia de m\u00e1s de veinte (20) a\u00f1os en la formulaci\u00f3n y simulaci\u00f3n de las etapas de coagulaci\u00f3n, floculaci\u00f3n y sedimentaci\u00f3n de tratamientos fisicoqu\u00edmicos. Le ha permitido a <strong>VIOGES INGENIERIA SAS<\/strong>, incorporar elementos que se convierten en grandes facilidades para el desarrollo de las pruebas de jarras, de acuerdo a la norma <strong>ICONTEC NTC 3903 y ASTMD2035:08<\/strong><\/span><\/p>\n<p><b>PRECIO DE LAS REFERENCIAS STANDARD<\/b><\/p>\n<table class=\"aligncenter\">\n<tbody>\n<tr>\n<th><b>\u00a0REFERENCIA\u00a0<\/b><\/th>\n<th><b>\u00a0CONFIGURACI\u00d3N \/ N\u00daMERO DE JARRAS\u00a0<\/b><\/th>\n<\/tr>\n<tr>\n<td><span style=\"font-weight: 400;\">EJ-VIO-02<\/span><\/td>\n<td><span style=\"font-weight: 400;\">Rectangular \/ 2 jarras<\/span><\/td>\n<\/tr>\n<tr>\n<td><span style=\"font-weight: 400;\">EJ-VIO-04<\/span><\/td>\n<td><span style=\"font-weight: 400;\">Rectangular \/ 4 jarras <\/span><\/td>\n<\/tr>\n<tr>\n<td><span style=\"font-weight: 400;\">EJ-VIO-06<\/span><\/td>\n<td><em><span style=\"font-weight: 400;\">Rectangular \/6 jarras<\/span><\/em><\/td>\n<\/tr>\n<\/tbody>\n<\/table>\n<p><span style=\"color: #ff0000;\"><em>*Otras configuraciones estar\u00edan disponibles por encargo<\/em><\/span><\/p>","protected":false},"excerpt":{"rendered":"<p><span style=\"font-weight: 400;\"><strong>VIOGES<\/strong> ofrece un equipo programable, totalmente amigable, con el personal encargado del desarrollo de las pruebas en las siguientes versiones est\u00e1ndar.<\/span><\/p>","protected":false},"featured_media":288,"comment_status":"open","ping_status":"closed","template":"","meta":{"_joinchat":[]},"product_brand":[],"product_cat":[23],"product_tag":[26,24,25],"class_list":{"0":"post-276","1":"product","2":"type-product","3":"status-publish","4":"has-post-thumbnail","6":"product_cat-plantas-de-tratamiento-de-agua","7":"product_tag-floculador","8":"product_tag-plantas-de-tratamiento-de-agua","9":"product_tag-pruebas-de-jarras","11":"first","12":"instock","13":"shipping-taxable","14":"purchasable","15":"product-type-variable"},"yoast_head":"<!-- This site is optimized with the Yoast SEO Premium plugin v24.5 (Yoast SEO v26.1.1) - https:\/\/yoast.com\/wordpress\/plugins\/seo\/ -->\n<title>FLOCULADOR EQUIPO PARA PRUEBAS DE JARRAS - Vioges Colombia plantas de tratamiento de agua industrial<\/title>\n<meta name=\"description\" content=\"FLOCULADOR EQUIPO PARA PRUEBAS DE JARRAS - Vioges Colombia plantas de tratamiento de agua industrial - Ingeniar\u00eda para el tratamiento de aguas residuales\" \/>\n<meta name=\"robots\" content=\"index, follow, max-snippet:-1, max-image-preview:large, max-video-preview:-1\" \/>\n<link rel=\"canonical\" href=\"https:\/\/viogescolombia.com\/eng\/product\/floculador-equipo-para-pruebas-de-jarras\/\" \/>\n<meta property=\"og:locale\" content=\"en_US\" \/>\n<meta property=\"og:type\" content=\"article\" \/>\n<meta property=\"og:title\" content=\"FLOCULADOR EQUIPO PARA PRUEBAS DE JARRAS - Vioges Colombia plantas de tratamiento de agua industrial\" \/>\n<meta property=\"og:description\" content=\"FLOCULADOR EQUIPO PARA PRUEBAS DE JARRAS - Vioges Colombia plantas de tratamiento de agua industrial - Ingeniar\u00eda para el tratamiento de aguas residuales, plantas de tratamiento de agua en Colombia\" \/>\n<meta property=\"og:url\" content=\"https:\/\/viogescolombia.com\/eng\/product\/floculador-equipo-para-pruebas-de-jarras\/\" \/>\n<meta property=\"og:site_name\" content=\"Vioges Colombia plantas de tratamiento de agua industrial\" \/>\n<meta property=\"article:modified_time\" content=\"2024-07-26T06:24:36+00:00\" \/>\n<meta property=\"og:image\" content=\"https:\/\/viogescolombia.com\/wp-content\/uploads\/2024\/07\/TEST-DE-HARRAS-final.png\" \/>\n\t<meta property=\"og:image:width\" content=\"1920\" \/>\n\t<meta property=\"og:image:height\" content=\"919\" \/>\n\t<meta property=\"og:image:type\" content=\"image\/png\" \/>\n<meta name=\"twitter:card\" content=\"summary_large_image\" \/>\n<meta name=\"twitter:label1\" content=\"Availability\" \/>\n\t<meta name=\"twitter:data1\" content=\"In stock\" \/>\n<script type=\"application\/ld+json\" class=\"yoast-schema-graph\">{\"@context\":\"https:\/\/schema.org\",\"@graph\":[{\"@type\":\"WebPage\",\"@id\":\"https:\/\/viogescolombia.com\/producto\/floculador-equipo-para-pruebas-de-jarras\/\",\"url\":\"https:\/\/viogescolombia.com\/producto\/floculador-equipo-para-pruebas-de-jarras\/\",\"name\":\"FLOCULADOR EQUIPO PARA PRUEBAS DE JARRAS - Vioges Colombia plantas de tratamiento de agua industrial\",\"isPartOf\":{\"@id\":\"https:\/\/viogescolombia.com\/#website\"},\"primaryImageOfPage\":{\"@id\":\"https:\/\/viogescolombia.com\/producto\/floculador-equipo-para-pruebas-de-jarras\/#primaryimage\"},\"image\":{\"@id\":\"https:\/\/viogescolombia.com\/producto\/floculador-equipo-para-pruebas-de-jarras\/#primaryimage\"},\"thumbnailUrl\":\"https:\/\/viogescolombia.com\/wp-content\/uploads\/2024\/07\/TEST-DE-HARRAS-final.png\",\"datePublished\":\"2024-07-26T05:47:53+00:00\",\"dateModified\":\"2024-07-26T06:24:36+00:00\",\"description\":\"FLOCULADOR EQUIPO PARA PRUEBAS DE JARRAS - Vioges Colombia plantas de tratamiento de agua industrial - Ingeniar\u00eda para el tratamiento de aguas residuales\",\"breadcrumb\":{\"@id\":\"https:\/\/viogescolombia.com\/producto\/floculador-equipo-para-pruebas-de-jarras\/#breadcrumb\"},\"inLanguage\":\"en-US\",\"potentialAction\":[{\"@type\":\"ReadAction\",\"target\":[\"https:\/\/viogescolombia.com\/producto\/floculador-equipo-para-pruebas-de-jarras\/\"]}]},{\"@type\":\"ImageObject\",\"inLanguage\":\"en-US\",\"@id\":\"https:\/\/viogescolombia.com\/producto\/floculador-equipo-para-pruebas-de-jarras\/#primaryimage\",\"url\":\"https:\/\/viogescolombia.com\/wp-content\/uploads\/2024\/07\/TEST-DE-HARRAS-final.png\",\"contentUrl\":\"https:\/\/viogescolombia.com\/wp-content\/uploads\/2024\/07\/TEST-DE-HARRAS-final.png\",\"width\":1920,\"height\":919},{\"@type\":\"BreadcrumbList\",\"@id\":\"https:\/\/viogescolombia.com\/producto\/floculador-equipo-para-pruebas-de-jarras\/#breadcrumb\",\"itemListElement\":[{\"@type\":\"ListItem\",\"position\":1,\"name\":\"Vioges\",\"item\":\"https:\/\/viogescolombia.com\/\"},{\"@type\":\"ListItem\",\"position\":2,\"name\":\"Tienda Vioges\",\"item\":\"https:\/\/viogescolombia.com\/esp\/tienda-vioges\/\"},{\"@type\":\"ListItem\",\"position\":3,\"name\":\"FLOCULADOR EQUIPO PARA PRUEBAS DE JARRAS\"}]},{\"@type\":\"WebSite\",\"@id\":\"https:\/\/viogescolombia.com\/#website\",\"url\":\"https:\/\/viogescolombia.com\/\",\"name\":\"Vioges Ingenier\u00eda - Plantas de tratamiento de agua\",\"description\":\"Plantas y accesorios para el tratamiento de agua\",\"publisher\":{\"@id\":\"https:\/\/viogescolombia.com\/#organization\"},\"alternateName\":\"Vioges - Tratamiento de agua\",\"potentialAction\":[{\"@type\":\"SearchAction\",\"target\":{\"@type\":\"EntryPoint\",\"urlTemplate\":\"https:\/\/viogescolombia.com\/?s={search_term_string}\"},\"query-input\":{\"@type\":\"PropertyValueSpecification\",\"valueRequired\":true,\"valueName\":\"search_term_string\"}}],\"inLanguage\":\"en-US\"},{\"@type\":\"Organization\",\"@id\":\"https:\/\/viogescolombia.com\/#organization\",\"name\":\"Vioges Ingenier\u00eda SAS\",\"alternateName\":\"Vioges Plantas para el tratamiento de agua\",\"url\":\"https:\/\/viogescolombia.com\/\",\"logo\":{\"@type\":\"ImageObject\",\"inLanguage\":\"en-US\",\"@id\":\"https:\/\/viogescolombia.com\/#\/schema\/logo\/image\/\",\"url\":\"https:\/\/viogescolombia.com\/wp-content\/uploads\/2024\/07\/logo-Vioges.webp\",\"contentUrl\":\"https:\/\/viogescolombia.com\/wp-content\/uploads\/2024\/07\/logo-Vioges.webp\",\"width\":900,\"height\":402,\"caption\":\"Vioges Ingenier\u00eda SAS\"},\"image\":{\"@id\":\"https:\/\/viogescolombia.com\/#\/schema\/logo\/image\/\"},\"description\":\"Vioges Colombia es una empresa l\u00edder en el dise\u00f1o, construcci\u00f3n, operaci\u00f3n y mantenimiento de plantas de tratamiento de agua. Con m\u00e1s de 20 a\u00f1os de experiencia en el sector p\u00fablico y privado, su equipo de ingenieros y especialistas desarrolla soluciones integrales, inteligentes y ambientalmente sostenibles para cada desaf\u00edo a lo largo del ciclo del agua. Comprometidos con la innovaci\u00f3n, la calidad y el respeto al medio ambiente, en Vioges Colombia se trabaja d\u00eda a d\u00eda para optimizar procesos y garantizar agua de la m\u00e1s alta calidad, adapt\u00e1ndose a las normativas vigentes y a las necesidades particulares de cada cliente.\",\"email\":\"contacto@viogescolombia.com\",\"telephone\":\"(601) 756 0026\",\"legalName\":\"Vioges Ingenieria SAS\",\"numberOfEmployees\":{\"@type\":\"QuantitativeValue\",\"minValue\":\"1\",\"maxValue\":\"10\"}}]}<\/script>\n<meta property=\"og:availability\" content=\"instock\" \/>\n<meta property=\"product:availability\" content=\"instock\" \/>\n<meta property=\"product:condition\" content=\"new\" \/>\n<!-- \/ Yoast SEO Premium plugin. -->","yoast_head_json":{"title":"FLOCULADOR EQUIPO PARA PRUEBAS DE JARRAS - Vioges Colombia plantas de tratamiento de agua industrial","description":"FLOCULADOR EQUIPO PARA PRUEBAS DE JARRAS - Vioges Colombia plantas de tratamiento de agua industrial - Ingeniar\u00eda para el tratamiento de aguas residuales","robots":{"index":"index","follow":"follow","max-snippet":"max-snippet:-1","max-image-preview":"max-image-preview:large","max-video-preview":"max-video-preview:-1"},"canonical":"https:\/\/viogescolombia.com\/eng\/product\/floculador-equipo-para-pruebas-de-jarras\/","og_locale":"en_US","og_type":"article","og_title":"FLOCULADOR EQUIPO PARA PRUEBAS DE JARRAS - Vioges Colombia plantas de tratamiento de agua industrial","og_description":"FLOCULADOR EQUIPO PARA PRUEBAS DE JARRAS - Vioges Colombia plantas de tratamiento de agua industrial - Ingeniar\u00eda para el tratamiento de aguas residuales, plantas de tratamiento de agua en Colombia","og_url":"https:\/\/viogescolombia.com\/eng\/product\/floculador-equipo-para-pruebas-de-jarras\/","og_site_name":"Vioges Colombia plantas de tratamiento de agua industrial","article_modified_time":"2024-07-26T06:24:36+00:00","og_image":[{"width":1920,"height":919,"url":"https:\/\/viogescolombia.com\/wp-content\/uploads\/2024\/07\/TEST-DE-HARRAS-final.png","type":"image\/png"}],"twitter_card":"summary_large_image","twitter_misc":{"Availability":"In stock"},"schema":{"@context":"https:\/\/schema.org","@graph":[{"@type":"WebPage","@id":"https:\/\/viogescolombia.com\/producto\/floculador-equipo-para-pruebas-de-jarras\/","url":"https:\/\/viogescolombia.com\/producto\/floculador-equipo-para-pruebas-de-jarras\/","name":"FLOCULADOR EQUIPO PARA PRUEBAS DE JARRAS - Vioges Colombia plantas de tratamiento de agua industrial","isPartOf":{"@id":"https:\/\/viogescolombia.com\/#website"},"primaryImageOfPage":{"@id":"https:\/\/viogescolombia.com\/producto\/floculador-equipo-para-pruebas-de-jarras\/#primaryimage"},"image":{"@id":"https:\/\/viogescolombia.com\/producto\/floculador-equipo-para-pruebas-de-jarras\/#primaryimage"},"thumbnailUrl":"https:\/\/viogescolombia.com\/wp-content\/uploads\/2024\/07\/TEST-DE-HARRAS-final.png","datePublished":"2024-07-26T05:47:53+00:00","dateModified":"2024-07-26T06:24:36+00:00","description":"FLOCULADOR EQUIPO PARA PRUEBAS DE JARRAS - Vioges Colombia plantas de tratamiento de agua industrial - Ingeniar\u00eda para el tratamiento de aguas residuales","breadcrumb":{"@id":"https:\/\/viogescolombia.com\/producto\/floculador-equipo-para-pruebas-de-jarras\/#breadcrumb"},"inLanguage":"en-US","potentialAction":[{"@type":"ReadAction","target":["https:\/\/viogescolombia.com\/producto\/floculador-equipo-para-pruebas-de-jarras\/"]}]},{"@type":"ImageObject","inLanguage":"en-US","@id":"https:\/\/viogescolombia.com\/producto\/floculador-equipo-para-pruebas-de-jarras\/#primaryimage","url":"https:\/\/viogescolombia.com\/wp-content\/uploads\/2024\/07\/TEST-DE-HARRAS-final.png","contentUrl":"https:\/\/viogescolombia.com\/wp-content\/uploads\/2024\/07\/TEST-DE-HARRAS-final.png","width":1920,"height":919},{"@type":"BreadcrumbList","@id":"https:\/\/viogescolombia.com\/producto\/floculador-equipo-para-pruebas-de-jarras\/#breadcrumb","itemListElement":[{"@type":"ListItem","position":1,"name":"Vioges","item":"https:\/\/viogescolombia.com\/"},{"@type":"ListItem","position":2,"name":"Tienda Vioges","item":"https:\/\/viogescolombia.com\/esp\/tienda-vioges\/"},{"@type":"ListItem","position":3,"name":"FLOCULADOR EQUIPO PARA PRUEBAS DE JARRAS"}]},{"@type":"WebSite","@id":"https:\/\/viogescolombia.com\/#website","url":"https:\/\/viogescolombia.com\/","name":"Vioges Ingenier\u00eda - Plantas de tratamiento de agua","description":"Plantas y accesorios para el tratamiento de agua","publisher":{"@id":"https:\/\/viogescolombia.com\/#organization"},"alternateName":"Vioges - Tratamiento de agua","potentialAction":[{"@type":"SearchAction","target":{"@type":"EntryPoint","urlTemplate":"https:\/\/viogescolombia.com\/?s={search_term_string}"},"query-input":{"@type":"PropertyValueSpecification","valueRequired":true,"valueName":"search_term_string"}}],"inLanguage":"en-US"},{"@type":"Organization","@id":"https:\/\/viogescolombia.com\/#organization","name":"Vioges Ingenier\u00eda SAS","alternateName":"Vioges Plantas para el tratamiento de agua","url":"https:\/\/viogescolombia.com\/","logo":{"@type":"ImageObject","inLanguage":"en-US","@id":"https:\/\/viogescolombia.com\/#\/schema\/logo\/image\/","url":"https:\/\/viogescolombia.com\/wp-content\/uploads\/2024\/07\/logo-Vioges.webp","contentUrl":"https:\/\/viogescolombia.com\/wp-content\/uploads\/2024\/07\/logo-Vioges.webp","width":900,"height":402,"caption":"Vioges Ingenier\u00eda SAS"},"image":{"@id":"https:\/\/viogescolombia.com\/#\/schema\/logo\/image\/"},"description":"Vioges Colombia es una empresa l\u00edder en el dise\u00f1o, construcci\u00f3n, operaci\u00f3n y mantenimiento de plantas de tratamiento de agua. Con m\u00e1s de 20 a\u00f1os de experiencia en el sector p\u00fablico y privado, su equipo de ingenieros y especialistas desarrolla soluciones integrales, inteligentes y ambientalmente sostenibles para cada desaf\u00edo a lo largo del ciclo del agua. Comprometidos con la innovaci\u00f3n, la calidad y el respeto al medio ambiente, en Vioges Colombia se trabaja d\u00eda a d\u00eda para optimizar procesos y garantizar agua de la m\u00e1s alta calidad, adapt\u00e1ndose a las normativas vigentes y a las necesidades particulares de cada cliente.","email":"contacto@viogescolombia.com","telephone":"(601) 756 0026","legalName":"Vioges Ingenieria SAS","numberOfEmployees":{"@type":"QuantitativeValue","minValue":"1","maxValue":"10"}}]},"og_availability":"instock","product_availability":"instock","product_condition":"new"},"_links":{"self":[{"href":"https:\/\/viogescolombia.com\/eng\/wp-json\/wp\/v2\/product\/276","targetHints":{"allow":["GET"]}}],"collection":[{"href":"https:\/\/viogescolombia.com\/eng\/wp-json\/wp\/v2\/product"}],"about":[{"href":"https:\/\/viogescolombia.com\/eng\/wp-json\/wp\/v2\/types\/product"}],"replies":[{"embeddable":true,"href":"https:\/\/viogescolombia.com\/eng\/wp-json\/wp\/v2\/comments?post=276"}],"wp:featuredmedia":[{"embeddable":true,"href":"https:\/\/viogescolombia.com\/eng\/wp-json\/wp\/v2\/media\/288"}],"wp:attachment":[{"href":"https:\/\/viogescolombia.com\/eng\/wp-json\/wp\/v2\/media?parent=276"}],"wp:term":[{"taxonomy":"product_brand","embeddable":true,"href":"https:\/\/viogescolombia.com\/eng\/wp-json\/wp\/v2\/product_brand?post=276"},{"taxonomy":"product_cat","embeddable":true,"href":"https:\/\/viogescolombia.com\/eng\/wp-json\/wp\/v2\/product_cat?post=276"},{"taxonomy":"product_tag","embeddable":true,"href":"https:\/\/viogescolombia.com\/eng\/wp-json\/wp\/v2\/product_tag?post=276"}],"curies":[{"name":"wp","href":"https:\/\/api.w.org\/{rel}","templated":true}]}}